{"id":9745,"date":"2025-02-21T19:14:23","date_gmt":"2025-02-21T18:14:23","guid":{"rendered":"https:\/\/www.ibisana.com\/?post_type=product&#038;p=9745"},"modified":"2025-05-28T09:35:17","modified_gmt":"2025-05-28T08:35:17","slug":"curso-maderoterapia-facial-la-aplicacion-del-kinesiotape-estetico-copia","status":"publish","type":"product","link":"https:\/\/www.ibisana.com\/ingles\/producto\/curso-maderoterapia-facial-la-aplicacion-del-kinesiotape-estetico-copia\/","title":{"rendered":"CURSO MADEROTERAPIA CORPORAL"},"content":{"rendered":"<p>Te ense\u00f1aremos los efectos que se pueden conseguir con el uso adecuado de las maderas en el rostro y una buena t\u00e9cnica.\u2028Aprende todo lo necesario para realizar, de una forma profesional y eficaz, tratamientos adecuados para que t\u00fa y tus clientes obteng\u00e1is los mejores resultados<\/p>\n<p><strong>Precio 180\u202f\u20ac curso, <\/strong><\/p>","protected":false},"excerpt":{"rendered":"<p>Este curso pretende dotar al alumno de los conocimientos suficientes en la t\u00e9cnica de Maderoterapia, ense\u00f1aremos el uso de las herramientas de madera con las que conseguiremos de forma efectiva eliminar la celulitis, grasa localizada, tonificar la musculatura y eliminar la flacidez en diferentes partes del cuerpo, aprendiendo protocolos de trabajo en piernas, abdomen, brazos y cara. El alumno aprender\u00e1 tambi\u00e9n a aplicar la t\u00e9cnica de kinesiotape est\u00e9tico con el finde mejorar as\u00ed los beneficios de la maderoterapia.<br \/>\n<strong>Precio 180 \u20ac <\/strong><\/p>","protected":false},"featured_media":9739,"comment_status":"open","ping_status":"closed","template":"","meta":{"_joinchat":{"telephone":"+34683671985","message_text":"\u00bfDudas? Escr\u00edbenos"}},"product_brand":[],"product_cat":[157],"product_tag":[],"class_list":{"0":"post-9745","1":"product","2":"type-product","3":"status-publish","4":"has-post-thumbnail","6":"product_cat-curso-presencial","8":"first","9":"instock","10":"virtual","11":"taxable","12":"purchasable","13":"product-type-simple"},"yoast_head":"<!-- This site is optimized with the Yoast SEO plugin v27.4 - https:\/\/yoast.com\/product\/yoast-seo-wordpress\/ -->\n<title>Curso Maderoterapia Facial+ kinesiotape est\u00e9tico | Ibisana<\/title>\n<meta name=\"description\" content=\"Aprende todo lo necesario para realizar, de una forma profesional y eficaz, esta t\u00e9cnica tan de moda para esculpir la silueta\" \/>\n<meta name=\"robots\" content=\"index, follow, max-snippet:-1, max-image-preview:large, max-video-preview:-1\" \/>\n<link rel=\"canonical\" href=\"https:\/\/www.ibisana.com\/ingles\/product-2\/curso-maderoterapia-facial-la-aplicacion-del-kinesiotape-estetico-copia\/\" \/>\n<meta property=\"og:locale\" content=\"en_GB\" \/>\n<meta property=\"og:type\" content=\"article\" \/>\n<meta property=\"og:title\" content=\"Curso Maderoterapia Facial+ kinesiotape est\u00e9tico | Ibisana\" \/>\n<meta property=\"og:description\" content=\"Aprende todo lo necesario para realizar, de una forma profesional y eficaz, esta t\u00e9cnica tan de moda para esculpir la silueta\" \/>\n<meta property=\"og:url\" content=\"https:\/\/www.ibisana.com\/ingles\/product-2\/curso-maderoterapia-facial-la-aplicacion-del-kinesiotape-estetico-copia\/\" \/>\n<meta property=\"og:site_name\" content=\"Ibisana\" \/>\n<meta property=\"article:publisher\" content=\"https:\/\/facebook.com\/IbisanaTerapiasNaturales\" \/>\n<meta property=\"article:modified_time\" content=\"2025-05-28T08:35:17+00:00\" \/>\n<meta property=\"og:image\" content=\"https:\/\/www.ibisana.com\/wp-content\/uploads\/MADEROTERAPIA.png\" \/>\n\t<meta property=\"og:image:width\" content=\"1080\" \/>\n\t<meta property=\"og:image:height\" content=\"1080\" \/>\n\t<meta property=\"og:image:type\" content=\"image\/png\" \/>\n<meta name=\"twitter:card\" content=\"summary_large_image\" \/>\n<meta name=\"twitter:label1\" content=\"Estimated reading time\" \/>\n\t<meta name=\"twitter:data1\" content=\"1 minute\" \/>\n<script type=\"application\/ld+json\" class=\"yoast-schema-graph\">{\"@context\":\"https:\\\/\\\/schema.org\",\"@graph\":[{\"@type\":\"WebPage\",\"@id\":\"https:\\\/\\\/www.ibisana.com\\\/producto\\\/curso-maderoterapia-facial-la-aplicacion-del-kinesiotape-estetico-copia\\\/\",\"url\":\"https:\\\/\\\/www.ibisana.com\\\/producto\\\/curso-maderoterapia-facial-la-aplicacion-del-kinesiotape-estetico-copia\\\/\",\"name\":\"Curso Maderoterapia Facial+ kinesiotape est\u00e9tico | Ibisana\",\"isPartOf\":{\"@id\":\"https:\\\/\\\/www.ibisana.com\\\/#website\"},\"primaryImageOfPage\":{\"@id\":\"https:\\\/\\\/www.ibisana.com\\\/producto\\\/curso-maderoterapia-facial-la-aplicacion-del-kinesiotape-estetico-copia\\\/#primaryimage\"},\"image\":{\"@id\":\"https:\\\/\\\/www.ibisana.com\\\/producto\\\/curso-maderoterapia-facial-la-aplicacion-del-kinesiotape-estetico-copia\\\/#primaryimage\"},\"thumbnailUrl\":\"https:\\\/\\\/www.ibisana.com\\\/wp-content\\\/uploads\\\/MADEROTERAPIA.png\",\"datePublished\":\"2025-02-21T18:14:23+00:00\",\"dateModified\":\"2025-05-28T08:35:17+00:00\",\"description\":\"Aprende todo lo necesario para realizar, de una forma profesional y eficaz, esta t\u00e9cnica tan de moda para esculpir la silueta\",\"breadcrumb\":{\"@id\":\"https:\\\/\\\/www.ibisana.com\\\/producto\\\/curso-maderoterapia-facial-la-aplicacion-del-kinesiotape-estetico-copia\\\/#breadcrumb\"},\"inLanguage\":\"en-GB\",\"potentialAction\":[{\"@type\":\"ReadAction\",\"target\":[\"https:\\\/\\\/www.ibisana.com\\\/producto\\\/curso-maderoterapia-facial-la-aplicacion-del-kinesiotape-estetico-copia\\\/\"]}]},{\"@type\":\"ImageObject\",\"inLanguage\":\"en-GB\",\"@id\":\"https:\\\/\\\/www.ibisana.com\\\/producto\\\/curso-maderoterapia-facial-la-aplicacion-del-kinesiotape-estetico-copia\\\/#primaryimage\",\"url\":\"https:\\\/\\\/www.ibisana.com\\\/wp-content\\\/uploads\\\/MADEROTERAPIA.png\",\"contentUrl\":\"https:\\\/\\\/www.ibisana.com\\\/wp-content\\\/uploads\\\/MADEROTERAPIA.png\",\"width\":1080,\"height\":1080,\"caption\":\"Maderoterapia corporal curso\"},{\"@type\":\"BreadcrumbList\",\"@id\":\"https:\\\/\\\/www.ibisana.com\\\/producto\\\/curso-maderoterapia-facial-la-aplicacion-del-kinesiotape-estetico-copia\\\/#breadcrumb\",\"itemListElement\":[{\"@type\":\"ListItem\",\"position\":1,\"name\":\"Portada\",\"item\":\"https:\\\/\\\/www.ibisana.com\\\/\"},{\"@type\":\"ListItem\",\"position\":2,\"name\":\"Productos\",\"item\":\"https:\\\/\\\/www.ibisana.com\\\/shop\\\/\"},{\"@type\":\"ListItem\",\"position\":3,\"name\":\"CURSO MADEROTERAPIA CORPORAL\"}]},{\"@type\":\"WebSite\",\"@id\":\"https:\\\/\\\/www.ibisana.com\\\/#website\",\"url\":\"https:\\\/\\\/www.ibisana.com\\\/\",\"name\":\"Ibisana\",\"description\":\"Terapias Naturales y Cursos Hol\u00edsticos en Ibiza\",\"publisher\":{\"@id\":\"https:\\\/\\\/www.ibisana.com\\\/#organization\"},\"alternateName\":\"Terapias Naturales y Cursos Hol\u00edsticos en Ibiza\",\"potentialAction\":[{\"@type\":\"SearchAction\",\"target\":{\"@type\":\"EntryPoint\",\"urlTemplate\":\"https:\\\/\\\/www.ibisana.com\\\/?s={search_term_string}\"},\"query-input\":{\"@type\":\"PropertyValueSpecification\",\"valueRequired\":true,\"valueName\":\"search_term_string\"}}],\"inLanguage\":\"en-GB\"},{\"@type\":\"Organization\",\"@id\":\"https:\\\/\\\/www.ibisana.com\\\/#organization\",\"name\":\"Ibisana\",\"url\":\"https:\\\/\\\/www.ibisana.com\\\/\",\"logo\":{\"@type\":\"ImageObject\",\"inLanguage\":\"en-GB\",\"@id\":\"https:\\\/\\\/www.ibisana.com\\\/#\\\/schema\\\/logo\\\/image\\\/\",\"url\":\"https:\\\/\\\/www.ibisana.com\\\/wp-content\\\/uploads\\\/2022\\\/05\\\/cropped-Icono-web-ibisana.png\",\"contentUrl\":\"https:\\\/\\\/www.ibisana.com\\\/wp-content\\\/uploads\\\/2022\\\/05\\\/cropped-Icono-web-ibisana.png\",\"width\":512,\"height\":512,\"caption\":\"Ibisana\"},\"image\":{\"@id\":\"https:\\\/\\\/www.ibisana.com\\\/#\\\/schema\\\/logo\\\/image\\\/\"},\"sameAs\":[\"https:\\\/\\\/facebook.com\\\/IbisanaTerapiasNaturales\",\"https:\\\/\\\/www.instagram.com\\\/ibi_sana\\\/\"]}]}<\/script>\n<!-- \/ Yoast SEO plugin. -->","yoast_head_json":{"title":"Curso Maderoterapia Facial+ kinesiotape est\u00e9tico | Ibisana","description":"Aprende todo lo necesario para realizar, de una forma profesional y eficaz, esta t\u00e9cnica tan de moda para esculpir la silueta","robots":{"index":"index","follow":"follow","max-snippet":"max-snippet:-1","max-image-preview":"max-image-preview:large","max-video-preview":"max-video-preview:-1"},"canonical":"https:\/\/www.ibisana.com\/ingles\/product-2\/curso-maderoterapia-facial-la-aplicacion-del-kinesiotape-estetico-copia\/","og_locale":"en_GB","og_type":"article","og_title":"Curso Maderoterapia Facial+ kinesiotape est\u00e9tico | Ibisana","og_description":"Aprende todo lo necesario para realizar, de una forma profesional y eficaz, esta t\u00e9cnica tan de moda para esculpir la silueta","og_url":"https:\/\/www.ibisana.com\/ingles\/product-2\/curso-maderoterapia-facial-la-aplicacion-del-kinesiotape-estetico-copia\/","og_site_name":"Ibisana","article_publisher":"https:\/\/facebook.com\/IbisanaTerapiasNaturales","article_modified_time":"2025-05-28T08:35:17+00:00","og_image":[{"width":1080,"height":1080,"url":"https:\/\/www.ibisana.com\/wp-content\/uploads\/MADEROTERAPIA.png","type":"image\/png"}],"twitter_card":"summary_large_image","twitter_misc":{"Estimated reading time":"1 minute"},"schema":{"@context":"https:\/\/schema.org","@graph":[{"@type":"WebPage","@id":"https:\/\/www.ibisana.com\/producto\/curso-maderoterapia-facial-la-aplicacion-del-kinesiotape-estetico-copia\/","url":"https:\/\/www.ibisana.com\/producto\/curso-maderoterapia-facial-la-aplicacion-del-kinesiotape-estetico-copia\/","name":"Curso Maderoterapia Facial+ kinesiotape est\u00e9tico | Ibisana","isPartOf":{"@id":"https:\/\/www.ibisana.com\/#website"},"primaryImageOfPage":{"@id":"https:\/\/www.ibisana.com\/producto\/curso-maderoterapia-facial-la-aplicacion-del-kinesiotape-estetico-copia\/#primaryimage"},"image":{"@id":"https:\/\/www.ibisana.com\/producto\/curso-maderoterapia-facial-la-aplicacion-del-kinesiotape-estetico-copia\/#primaryimage"},"thumbnailUrl":"https:\/\/www.ibisana.com\/wp-content\/uploads\/MADEROTERAPIA.png","datePublished":"2025-02-21T18:14:23+00:00","dateModified":"2025-05-28T08:35:17+00:00","description":"Aprende todo lo necesario para realizar, de una forma profesional y eficaz, esta t\u00e9cnica tan de moda para esculpir la silueta","breadcrumb":{"@id":"https:\/\/www.ibisana.com\/producto\/curso-maderoterapia-facial-la-aplicacion-del-kinesiotape-estetico-copia\/#breadcrumb"},"inLanguage":"en-GB","potentialAction":[{"@type":"ReadAction","target":["https:\/\/www.ibisana.com\/producto\/curso-maderoterapia-facial-la-aplicacion-del-kinesiotape-estetico-copia\/"]}]},{"@type":"ImageObject","inLanguage":"en-GB","@id":"https:\/\/www.ibisana.com\/producto\/curso-maderoterapia-facial-la-aplicacion-del-kinesiotape-estetico-copia\/#primaryimage","url":"https:\/\/www.ibisana.com\/wp-content\/uploads\/MADEROTERAPIA.png","contentUrl":"https:\/\/www.ibisana.com\/wp-content\/uploads\/MADEROTERAPIA.png","width":1080,"height":1080,"caption":"Maderoterapia corporal curso"},{"@type":"BreadcrumbList","@id":"https:\/\/www.ibisana.com\/producto\/curso-maderoterapia-facial-la-aplicacion-del-kinesiotape-estetico-copia\/#breadcrumb","itemListElement":[{"@type":"ListItem","position":1,"name":"Portada","item":"https:\/\/www.ibisana.com\/"},{"@type":"ListItem","position":2,"name":"Productos","item":"https:\/\/www.ibisana.com\/shop\/"},{"@type":"ListItem","position":3,"name":"CURSO MADEROTERAPIA CORPORAL"}]},{"@type":"WebSite","@id":"https:\/\/www.ibisana.com\/#website","url":"https:\/\/www.ibisana.com\/","name":"Ibisana","description":"Natural Therapies and Holistic Courses in Ibiza","publisher":{"@id":"https:\/\/www.ibisana.com\/#organization"},"alternateName":"Terapias Naturales y Cursos Hol\u00edsticos en Ibiza","potentialAction":[{"@type":"SearchAction","target":{"@type":"EntryPoint","urlTemplate":"https:\/\/www.ibisana.com\/?s={search_term_string}"},"query-input":{"@type":"PropertyValueSpecification","valueRequired":true,"valueName":"search_term_string"}}],"inLanguage":"en-GB"},{"@type":"Organization","@id":"https:\/\/www.ibisana.com\/#organization","name":"Ibisana","url":"https:\/\/www.ibisana.com\/","logo":{"@type":"ImageObject","inLanguage":"en-GB","@id":"https:\/\/www.ibisana.com\/#\/schema\/logo\/image\/","url":"https:\/\/www.ibisana.com\/wp-content\/uploads\/2022\/05\/cropped-Icono-web-ibisana.png","contentUrl":"https:\/\/www.ibisana.com\/wp-content\/uploads\/2022\/05\/cropped-Icono-web-ibisana.png","width":512,"height":512,"caption":"Ibisana"},"image":{"@id":"https:\/\/www.ibisana.com\/#\/schema\/logo\/image\/"},"sameAs":["https:\/\/facebook.com\/IbisanaTerapiasNaturales","https:\/\/www.instagram.com\/ibi_sana\/"]}]}},"_links":{"self":[{"href":"https:\/\/www.ibisana.com\/ingles\/wp-json\/wp\/v2\/product\/9745","targetHints":{"allow":["GET"]}}],"collection":[{"href":"https:\/\/www.ibisana.com\/ingles\/wp-json\/wp\/v2\/product"}],"about":[{"href":"https:\/\/www.ibisana.com\/ingles\/wp-json\/wp\/v2\/types\/product"}],"replies":[{"embeddable":true,"href":"https:\/\/www.ibisana.com\/ingles\/wp-json\/wp\/v2\/comments?post=9745"}],"wp:featuredmedia":[{"embeddable":true,"href":"https:\/\/www.ibisana.com\/ingles\/wp-json\/wp\/v2\/media\/9739"}],"wp:attachment":[{"href":"https:\/\/www.ibisana.com\/ingles\/wp-json\/wp\/v2\/media?parent=9745"}],"wp:term":[{"taxonomy":"product_brand","embeddable":true,"href":"https:\/\/www.ibisana.com\/ingles\/wp-json\/wp\/v2\/product_brand?post=9745"},{"taxonomy":"product_cat","embeddable":true,"href":"https:\/\/www.ibisana.com\/ingles\/wp-json\/wp\/v2\/product_cat?post=9745"},{"taxonomy":"product_tag","embeddable":true,"href":"https:\/\/www.ibisana.com\/ingles\/wp-json\/wp\/v2\/product_tag?post=9745"}],"curies":[{"name":"wp","href":"https:\/\/api.w.org\/{rel}","templated":true}]}}