{"id":9557,"date":"2024-12-26T13:20:10","date_gmt":"2024-12-26T12:20:10","guid":{"rendered":"https:\/\/www.ibisana.com\/?post_type=product&#038;p=9557"},"modified":"2025-02-10T16:28:42","modified_gmt":"2025-02-10T15:28:42","slug":"energy-diagnosis","status":"publish","type":"product","link":"https:\/\/www.ibisana.com\/ingles\/producto\/diagnostico-energetico\/","title":{"rendered":"iBISANA Energy Diagnosis"},"content":{"rendered":"<p>Energy Diagnosis is a comprehensive tool based on dowsing, designed to identify ailments and imbalances on the physical, mental and spiritual levels, both in people and animals. This study allows you to deeply analyze the different body systems, emotions, karmic patterns and possible negative energies that may be affecting your well-being.<\/p>\n<p>In addition, the existence of energy pollution in people, places and objects is evaluated, providing a clear vision to restore harmony.<\/p>\n<p>After detailed reading, you will receive personalized guidance to choose the most appropriate treatment within our therapies at iBISANA.<\/p>\n<p><strong>\u00bfC\u00f3mo funciona a distancia?<\/strong><br \/>\nSolo necesitas enviar una fotograf\u00eda reciente de cuerpo entero, vestido, y nuestro terapeuta realizar\u00e1 el an\u00e1lisis con total precisi\u00f3n y cuidado.<\/p>\n<p><strong>\u00a1Reserva tu Diagn\u00f3stico Energ\u00e9tico!<\/strong><br \/>\n<strong>Formas de pago: <\/strong>You can pay by card, bank transfer or, if you prefer, directly at our facilities at Carrer de Can\u00e0ries 29, Ibiza.<\/p>","protected":false},"excerpt":{"rendered":"<p>\u00bfC\u00f3mo funciona a distancia?<br \/>\nSolo necesitas enviar una fotograf\u00eda reciente de cuerpo entero, vestido, y nuestro terapeuta realizar\u00e1 el an\u00e1lisis con total precisi\u00f3n y cuidado.<\/p>\n<p>\u00a1Reserva tu Diagn\u00f3stico Energ\u00e9tico y da el primer paso hacia un equilibrio integral!<\/p>\n<p><strong>Formas de pago: <\/strong>You can pay by card, bank transfer or, if you prefer, directly at our facilities at Carrer de Can\u00e0ries 29, Ibiza.<\/p>","protected":false},"featured_media":9722,"comment_status":"open","ping_status":"closed","template":"","meta":{"_joinchat":[]},"product_brand":[],"product_cat":[139],"product_tag":[],"class_list":{"0":"post-9557","1":"product","2":"type-product","3":"status-publish","4":"has-post-thumbnail","6":"product_cat-lnt","8":"first","9":"instock","10":"virtual","11":"taxable","12":"purchasable","13":"product-type-simple"},"yoast_head":"<!-- This site is optimized with the Yoast SEO plugin v27.4 - https:\/\/yoast.com\/product\/yoast-seo-wordpress\/ -->\n<title>Diagn\u00f3stico Energ\u00e9tico | Ibisana<\/title>\n<meta name=\"description\" content=\"El Diagn\u00f3stico Energ\u00e9tico es una herramienta integral basada en la radiestesia, dise\u00f1ada para identificar dolencias y desequilibrios...\" \/>\n<meta name=\"robots\" content=\"index, follow, max-snippet:-1, max-image-preview:large, max-video-preview:-1\" \/>\n<link rel=\"canonical\" href=\"https:\/\/www.ibisana.com\/ingles\/product-2\/energy-diagnosis\/\" \/>\n<meta property=\"og:locale\" content=\"en_GB\" \/>\n<meta property=\"og:type\" content=\"article\" \/>\n<meta property=\"og:title\" content=\"Diagn\u00f3stico Energ\u00e9tico | Ibisana\" \/>\n<meta property=\"og:description\" content=\"El Diagn\u00f3stico Energ\u00e9tico es una herramienta integral basada en la radiestesia, dise\u00f1ada para identificar dolencias y desequilibrios...\" \/>\n<meta property=\"og:url\" content=\"https:\/\/www.ibisana.com\/ingles\/product-2\/energy-diagnosis\/\" \/>\n<meta property=\"og:site_name\" content=\"Ibisana\" \/>\n<meta property=\"article:publisher\" content=\"https:\/\/facebook.com\/IbisanaTerapiasNaturales\" \/>\n<meta property=\"article:modified_time\" content=\"2025-02-10T15:28:42+00:00\" \/>\n<meta property=\"og:image\" content=\"https:\/\/www.ibisana.com\/wp-content\/uploads\/imagen-diagnostico.png\" \/>\n\t<meta property=\"og:image:width\" content=\"1072\" \/>\n\t<meta property=\"og:image:height\" content=\"1080\" \/>\n\t<meta property=\"og:image:type\" content=\"image\/png\" \/>\n<meta name=\"twitter:card\" content=\"summary_large_image\" \/>\n<meta name=\"twitter:label1\" content=\"Estimated reading time\" \/>\n\t<meta name=\"twitter:data1\" content=\"1 minute\" \/>\n<script type=\"application\/ld+json\" class=\"yoast-schema-graph\">{\"@context\":\"https:\\\/\\\/schema.org\",\"@graph\":[{\"@type\":\"WebPage\",\"@id\":\"https:\\\/\\\/www.ibisana.com\\\/producto\\\/diagnostico-energetico\\\/\",\"url\":\"https:\\\/\\\/www.ibisana.com\\\/producto\\\/diagnostico-energetico\\\/\",\"name\":\"Diagn\u00f3stico Energ\u00e9tico | Ibisana\",\"isPartOf\":{\"@id\":\"https:\\\/\\\/www.ibisana.com\\\/#website\"},\"primaryImageOfPage\":{\"@id\":\"https:\\\/\\\/www.ibisana.com\\\/producto\\\/diagnostico-energetico\\\/#primaryimage\"},\"image\":{\"@id\":\"https:\\\/\\\/www.ibisana.com\\\/producto\\\/diagnostico-energetico\\\/#primaryimage\"},\"thumbnailUrl\":\"https:\\\/\\\/www.ibisana.com\\\/wp-content\\\/uploads\\\/imagen-diagnostico.png\",\"datePublished\":\"2024-12-26T12:20:10+00:00\",\"dateModified\":\"2025-02-10T15:28:42+00:00\",\"description\":\"El Diagn\u00f3stico Energ\u00e9tico es una herramienta integral basada en la radiestesia, dise\u00f1ada para identificar dolencias y desequilibrios...\",\"breadcrumb\":{\"@id\":\"https:\\\/\\\/www.ibisana.com\\\/producto\\\/diagnostico-energetico\\\/#breadcrumb\"},\"inLanguage\":\"en-GB\",\"potentialAction\":[{\"@type\":\"ReadAction\",\"target\":[\"https:\\\/\\\/www.ibisana.com\\\/producto\\\/diagnostico-energetico\\\/\"]}]},{\"@type\":\"ImageObject\",\"inLanguage\":\"en-GB\",\"@id\":\"https:\\\/\\\/www.ibisana.com\\\/producto\\\/diagnostico-energetico\\\/#primaryimage\",\"url\":\"https:\\\/\\\/www.ibisana.com\\\/wp-content\\\/uploads\\\/imagen-diagnostico.png\",\"contentUrl\":\"https:\\\/\\\/www.ibisana.com\\\/wp-content\\\/uploads\\\/imagen-diagnostico.png\",\"width\":1072,\"height\":1080,\"caption\":\"diagn\u00f3stico energetico\"},{\"@type\":\"BreadcrumbList\",\"@id\":\"https:\\\/\\\/www.ibisana.com\\\/producto\\\/diagnostico-energetico\\\/#breadcrumb\",\"itemListElement\":[{\"@type\":\"ListItem\",\"position\":1,\"name\":\"Portada\",\"item\":\"https:\\\/\\\/www.ibisana.com\\\/\"},{\"@type\":\"ListItem\",\"position\":2,\"name\":\"Productos\",\"item\":\"https:\\\/\\\/www.ibisana.com\\\/shop\\\/\"},{\"@type\":\"ListItem\",\"position\":3,\"name\":\"Diagn\u00f3stico Energ\u00e9tico de iBISANA\"}]},{\"@type\":\"WebSite\",\"@id\":\"https:\\\/\\\/www.ibisana.com\\\/#website\",\"url\":\"https:\\\/\\\/www.ibisana.com\\\/\",\"name\":\"Ibisana\",\"description\":\"Terapias Naturales y Cursos Hol\u00edsticos en Ibiza\",\"publisher\":{\"@id\":\"https:\\\/\\\/www.ibisana.com\\\/#organization\"},\"alternateName\":\"Terapias Naturales y Cursos Hol\u00edsticos en Ibiza\",\"potentialAction\":[{\"@type\":\"SearchAction\",\"target\":{\"@type\":\"EntryPoint\",\"urlTemplate\":\"https:\\\/\\\/www.ibisana.com\\\/?s={search_term_string}\"},\"query-input\":{\"@type\":\"PropertyValueSpecification\",\"valueRequired\":true,\"valueName\":\"search_term_string\"}}],\"inLanguage\":\"en-GB\"},{\"@type\":\"Organization\",\"@id\":\"https:\\\/\\\/www.ibisana.com\\\/#organization\",\"name\":\"Ibisana\",\"url\":\"https:\\\/\\\/www.ibisana.com\\\/\",\"logo\":{\"@type\":\"ImageObject\",\"inLanguage\":\"en-GB\",\"@id\":\"https:\\\/\\\/www.ibisana.com\\\/#\\\/schema\\\/logo\\\/image\\\/\",\"url\":\"https:\\\/\\\/www.ibisana.com\\\/wp-content\\\/uploads\\\/2022\\\/05\\\/cropped-Icono-web-ibisana.png\",\"contentUrl\":\"https:\\\/\\\/www.ibisana.com\\\/wp-content\\\/uploads\\\/2022\\\/05\\\/cropped-Icono-web-ibisana.png\",\"width\":512,\"height\":512,\"caption\":\"Ibisana\"},\"image\":{\"@id\":\"https:\\\/\\\/www.ibisana.com\\\/#\\\/schema\\\/logo\\\/image\\\/\"},\"sameAs\":[\"https:\\\/\\\/facebook.com\\\/IbisanaTerapiasNaturales\",\"https:\\\/\\\/www.instagram.com\\\/ibi_sana\\\/\"]}]}<\/script>\n<!-- \/ Yoast SEO plugin. -->","yoast_head_json":{"title":"Energy Diagnosis | Ibisana","description":"The Energy Diagnosis is a comprehensive tool based on dowsing, designed to identify ailments and imbalances...","robots":{"index":"index","follow":"follow","max-snippet":"max-snippet:-1","max-image-preview":"max-image-preview:large","max-video-preview":"max-video-preview:-1"},"canonical":"https:\/\/www.ibisana.com\/ingles\/product-2\/energy-diagnosis\/","og_locale":"en_GB","og_type":"article","og_title":"Diagn\u00f3stico Energ\u00e9tico | Ibisana","og_description":"El Diagn\u00f3stico Energ\u00e9tico es una herramienta integral basada en la radiestesia, dise\u00f1ada para identificar dolencias y desequilibrios...","og_url":"https:\/\/www.ibisana.com\/ingles\/product-2\/energy-diagnosis\/","og_site_name":"Ibisana","article_publisher":"https:\/\/facebook.com\/IbisanaTerapiasNaturales","article_modified_time":"2025-02-10T15:28:42+00:00","og_image":[{"width":1072,"height":1080,"url":"https:\/\/www.ibisana.com\/wp-content\/uploads\/imagen-diagnostico.png","type":"image\/png"}],"twitter_card":"summary_large_image","twitter_misc":{"Estimated reading time":"1 minute"},"schema":{"@context":"https:\/\/schema.org","@graph":[{"@type":"WebPage","@id":"https:\/\/www.ibisana.com\/producto\/diagnostico-energetico\/","url":"https:\/\/www.ibisana.com\/producto\/diagnostico-energetico\/","name":"Energy Diagnosis | Ibisana","isPartOf":{"@id":"https:\/\/www.ibisana.com\/#website"},"primaryImageOfPage":{"@id":"https:\/\/www.ibisana.com\/producto\/diagnostico-energetico\/#primaryimage"},"image":{"@id":"https:\/\/www.ibisana.com\/producto\/diagnostico-energetico\/#primaryimage"},"thumbnailUrl":"https:\/\/www.ibisana.com\/wp-content\/uploads\/imagen-diagnostico.png","datePublished":"2024-12-26T12:20:10+00:00","dateModified":"2025-02-10T15:28:42+00:00","description":"The Energy Diagnosis is a comprehensive tool based on dowsing, designed to identify ailments and imbalances...","breadcrumb":{"@id":"https:\/\/www.ibisana.com\/producto\/diagnostico-energetico\/#breadcrumb"},"inLanguage":"en-GB","potentialAction":[{"@type":"ReadAction","target":["https:\/\/www.ibisana.com\/producto\/diagnostico-energetico\/"]}]},{"@type":"ImageObject","inLanguage":"en-GB","@id":"https:\/\/www.ibisana.com\/producto\/diagnostico-energetico\/#primaryimage","url":"https:\/\/www.ibisana.com\/wp-content\/uploads\/imagen-diagnostico.png","contentUrl":"https:\/\/www.ibisana.com\/wp-content\/uploads\/imagen-diagnostico.png","width":1072,"height":1080,"caption":"diagn\u00f3stico energetico"},{"@type":"BreadcrumbList","@id":"https:\/\/www.ibisana.com\/producto\/diagnostico-energetico\/#breadcrumb","itemListElement":[{"@type":"ListItem","position":1,"name":"Portada","item":"https:\/\/www.ibisana.com\/"},{"@type":"ListItem","position":2,"name":"Productos","item":"https:\/\/www.ibisana.com\/shop\/"},{"@type":"ListItem","position":3,"name":"Diagn\u00f3stico Energ\u00e9tico de iBISANA"}]},{"@type":"WebSite","@id":"https:\/\/www.ibisana.com\/#website","url":"https:\/\/www.ibisana.com\/","name":"Ibisana","description":"Natural Therapies and Holistic Courses in Ibiza","publisher":{"@id":"https:\/\/www.ibisana.com\/#organization"},"alternateName":"Terapias Naturales y Cursos Hol\u00edsticos en Ibiza","potentialAction":[{"@type":"SearchAction","target":{"@type":"EntryPoint","urlTemplate":"https:\/\/www.ibisana.com\/?s={search_term_string}"},"query-input":{"@type":"PropertyValueSpecification","valueRequired":true,"valueName":"search_term_string"}}],"inLanguage":"en-GB"},{"@type":"Organization","@id":"https:\/\/www.ibisana.com\/#organization","name":"Ibisana","url":"https:\/\/www.ibisana.com\/","logo":{"@type":"ImageObject","inLanguage":"en-GB","@id":"https:\/\/www.ibisana.com\/#\/schema\/logo\/image\/","url":"https:\/\/www.ibisana.com\/wp-content\/uploads\/2022\/05\/cropped-Icono-web-ibisana.png","contentUrl":"https:\/\/www.ibisana.com\/wp-content\/uploads\/2022\/05\/cropped-Icono-web-ibisana.png","width":512,"height":512,"caption":"Ibisana"},"image":{"@id":"https:\/\/www.ibisana.com\/#\/schema\/logo\/image\/"},"sameAs":["https:\/\/facebook.com\/IbisanaTerapiasNaturales","https:\/\/www.instagram.com\/ibi_sana\/"]}]}},"_links":{"self":[{"href":"https:\/\/www.ibisana.com\/ingles\/wp-json\/wp\/v2\/product\/9557","targetHints":{"allow":["GET"]}}],"collection":[{"href":"https:\/\/www.ibisana.com\/ingles\/wp-json\/wp\/v2\/product"}],"about":[{"href":"https:\/\/www.ibisana.com\/ingles\/wp-json\/wp\/v2\/types\/product"}],"replies":[{"embeddable":true,"href":"https:\/\/www.ibisana.com\/ingles\/wp-json\/wp\/v2\/comments?post=9557"}],"wp:featuredmedia":[{"embeddable":true,"href":"https:\/\/www.ibisana.com\/ingles\/wp-json\/wp\/v2\/media\/9722"}],"wp:attachment":[{"href":"https:\/\/www.ibisana.com\/ingles\/wp-json\/wp\/v2\/media?parent=9557"}],"wp:term":[{"taxonomy":"product_brand","embeddable":true,"href":"https:\/\/www.ibisana.com\/ingles\/wp-json\/wp\/v2\/product_brand?post=9557"},{"taxonomy":"product_cat","embeddable":true,"href":"https:\/\/www.ibisana.com\/ingles\/wp-json\/wp\/v2\/product_cat?post=9557"},{"taxonomy":"product_tag","embeddable":true,"href":"https:\/\/www.ibisana.com\/ingles\/wp-json\/wp\/v2\/product_tag?post=9557"}],"curies":[{"name":"wp","href":"https:\/\/api.w.org\/{rel}","templated":true}]}}