{"id":9258,"date":"2024-12-12T15:15:08","date_gmt":"2024-12-12T14:15:08","guid":{"rendered":"https:\/\/www.ibisana.com\/?post_type=product&#038;p=9258"},"modified":"2025-09-25T14:26:12","modified_gmt":"2025-09-25T13:26:12","slug":"1-clases-yoga-mensual-adolescentes","status":"publish","type":"product","link":"https:\/\/www.ibisana.com\/ingles\/producto\/1-clases-yoga-mensual-adolescentes\/","title":{"rendered":"PR\u00d3XIMAMENTE -2 Clase de Yoga a la semana para Adolescentes durante un mes (de 12-17 a\u00f1os)"},"content":{"rendered":"<p>Este pack mensual para adolescentes de 12 a 17 a\u00f1os,  <strong>de unos d\u00edas a la semana<\/strong> es ideal para que te beneficies f\u00edsicamente y disfrutes de estas clases yoga, donde combinamos los beneficios del yoga tradicional con la ligereza y diversi\u00f3n de practicarlo en el aire. Utilizando un columpio especial, los participantes pueden realizar posturas desafiantes de manera segura, mejorando la flexibilidad, la fuerza y el equilibrio. Ideal para todas las edades y niveles, el yoga a\u00e9reo te ayudar\u00e1 a liberar tensiones y a encontrar un bienestar integral en cuerpo y mente.<\/p>","protected":false},"excerpt":{"rendered":"<p>Este pack mensual para adolescentes de 12 a 17 a\u00f1os,  <strong>de un d\u00edas a la semana<\/strong> es ideal para que te beneficies f\u00edsicamente y disfrutes de estas clases yoga, donde combinamos los beneficios del yoga tradicional con la ligereza y diversi\u00f3n de practicarlo en el aire. Utilizando un columpio especial, los participantes pueden realizar posturas desafiantes de manera segura, mejorando la flexibilidad, la fuerza y el equilibrio. Ideal para todas las edades y niveles, el yoga a\u00e9reo te ayudar\u00e1 a liberar tensiones y a encontrar un bienestar integral en cuerpo y mente.<\/p>","protected":false},"featured_media":9244,"comment_status":"open","ping_status":"closed","template":"","meta":{"_joinchat":[]},"product_brand":[],"product_cat":[159],"product_tag":[],"class_list":{"0":"post-9258","1":"product","2":"type-product","3":"status-publish","4":"has-post-thumbnail","6":"product_cat-yoga","8":"first","9":"outofstock","10":"virtual","11":"taxable","12":"purchasable","13":"product-type-simple"},"yoast_head":"<!-- This site is optimized with the Yoast SEO plugin v27.4 - https:\/\/yoast.com\/product\/yoast-seo-wordpress\/ -->\n<title>2 Clases mensuales de Yoga para adultos | Ibisana<\/title>\n<meta name=\"description\" content=\"Combina los beneficios del yoga tradicional con la ligereza y diversi\u00f3n de practicarlo en el aire. Utilizando un columpio especial, los participantes...\" \/>\n<meta name=\"robots\" content=\"index, follow, max-snippet:-1, max-image-preview:large, max-video-preview:-1\" \/>\n<link rel=\"canonical\" href=\"https:\/\/www.ibisana.com\/ingles\/product-2\/1-clases-yoga-mensual-adolescentes\/\" \/>\n<meta property=\"og:locale\" content=\"en_GB\" \/>\n<meta property=\"og:type\" content=\"article\" \/>\n<meta property=\"og:title\" content=\"2 Clases mensuales de Yoga para adultos | Ibisana\" \/>\n<meta property=\"og:description\" content=\"Combina los beneficios del yoga tradicional con la ligereza y diversi\u00f3n de practicarlo en el aire. Utilizando un columpio especial, los participantes...\" \/>\n<meta property=\"og:url\" content=\"https:\/\/www.ibisana.com\/ingles\/product-2\/1-clases-yoga-mensual-adolescentes\/\" \/>\n<meta property=\"og:site_name\" content=\"Ibisana\" \/>\n<meta property=\"article:publisher\" content=\"https:\/\/facebook.com\/IbisanaTerapiasNaturales\" \/>\n<meta property=\"article:modified_time\" content=\"2025-09-25T13:26:12+00:00\" \/>\n<meta property=\"og:image\" content=\"https:\/\/www.ibisana.com\/wp-content\/uploads\/WhatsApp-Image-2024-12-11-at-10.18.21.jpeg\" \/>\n\t<meta property=\"og:image:width\" content=\"720\" \/>\n\t<meta property=\"og:image:height\" content=\"514\" \/>\n\t<meta property=\"og:image:type\" content=\"image\/jpeg\" \/>\n<meta name=\"twitter:card\" content=\"summary_large_image\" \/>\n<meta name=\"twitter:label1\" content=\"Estimated reading time\" \/>\n\t<meta name=\"twitter:data1\" content=\"1 minute\" \/>\n<script type=\"application\/ld+json\" class=\"yoast-schema-graph\">{\"@context\":\"https:\\\/\\\/schema.org\",\"@graph\":[{\"@type\":\"WebPage\",\"@id\":\"https:\\\/\\\/www.ibisana.com\\\/producto\\\/1-clases-yoga-mensual-adolescentes\\\/\",\"url\":\"https:\\\/\\\/www.ibisana.com\\\/producto\\\/1-clases-yoga-mensual-adolescentes\\\/\",\"name\":\"2 Clases mensuales de Yoga para adultos | Ibisana\",\"isPartOf\":{\"@id\":\"https:\\\/\\\/www.ibisana.com\\\/#website\"},\"primaryImageOfPage\":{\"@id\":\"https:\\\/\\\/www.ibisana.com\\\/producto\\\/1-clases-yoga-mensual-adolescentes\\\/#primaryimage\"},\"image\":{\"@id\":\"https:\\\/\\\/www.ibisana.com\\\/producto\\\/1-clases-yoga-mensual-adolescentes\\\/#primaryimage\"},\"thumbnailUrl\":\"https:\\\/\\\/www.ibisana.com\\\/wp-content\\\/uploads\\\/WhatsApp-Image-2024-12-11-at-10.18.21.jpeg\",\"datePublished\":\"2024-12-12T14:15:08+00:00\",\"dateModified\":\"2025-09-25T13:26:12+00:00\",\"description\":\"Combina los beneficios del yoga tradicional con la ligereza y diversi\u00f3n de practicarlo en el aire. Utilizando un columpio especial, los participantes...\",\"breadcrumb\":{\"@id\":\"https:\\\/\\\/www.ibisana.com\\\/producto\\\/1-clases-yoga-mensual-adolescentes\\\/#breadcrumb\"},\"inLanguage\":\"en-GB\",\"potentialAction\":[{\"@type\":\"ReadAction\",\"target\":[\"https:\\\/\\\/www.ibisana.com\\\/producto\\\/1-clases-yoga-mensual-adolescentes\\\/\"]}]},{\"@type\":\"ImageObject\",\"inLanguage\":\"en-GB\",\"@id\":\"https:\\\/\\\/www.ibisana.com\\\/producto\\\/1-clases-yoga-mensual-adolescentes\\\/#primaryimage\",\"url\":\"https:\\\/\\\/www.ibisana.com\\\/wp-content\\\/uploads\\\/WhatsApp-Image-2024-12-11-at-10.18.21.jpeg\",\"contentUrl\":\"https:\\\/\\\/www.ibisana.com\\\/wp-content\\\/uploads\\\/WhatsApp-Image-2024-12-11-at-10.18.21.jpeg\",\"width\":720,\"height\":514},{\"@type\":\"BreadcrumbList\",\"@id\":\"https:\\\/\\\/www.ibisana.com\\\/producto\\\/1-clases-yoga-mensual-adolescentes\\\/#breadcrumb\",\"itemListElement\":[{\"@type\":\"ListItem\",\"position\":1,\"name\":\"Portada\",\"item\":\"https:\\\/\\\/www.ibisana.com\\\/\"},{\"@type\":\"ListItem\",\"position\":2,\"name\":\"Productos\",\"item\":\"https:\\\/\\\/www.ibisana.com\\\/shop\\\/\"},{\"@type\":\"ListItem\",\"position\":3,\"name\":\"PR\u00d3XIMAMENTE -2 Clase de Yoga a la semana para Adolescentes durante un mes (de 12-17 a\u00f1os)\"}]},{\"@type\":\"WebSite\",\"@id\":\"https:\\\/\\\/www.ibisana.com\\\/#website\",\"url\":\"https:\\\/\\\/www.ibisana.com\\\/\",\"name\":\"Ibisana\",\"description\":\"Terapias Naturales y Cursos Hol\u00edsticos en Ibiza\",\"publisher\":{\"@id\":\"https:\\\/\\\/www.ibisana.com\\\/#organization\"},\"alternateName\":\"Terapias Naturales y Cursos Hol\u00edsticos en Ibiza\",\"potentialAction\":[{\"@type\":\"SearchAction\",\"target\":{\"@type\":\"EntryPoint\",\"urlTemplate\":\"https:\\\/\\\/www.ibisana.com\\\/?s={search_term_string}\"},\"query-input\":{\"@type\":\"PropertyValueSpecification\",\"valueRequired\":true,\"valueName\":\"search_term_string\"}}],\"inLanguage\":\"en-GB\"},{\"@type\":\"Organization\",\"@id\":\"https:\\\/\\\/www.ibisana.com\\\/#organization\",\"name\":\"Ibisana\",\"url\":\"https:\\\/\\\/www.ibisana.com\\\/\",\"logo\":{\"@type\":\"ImageObject\",\"inLanguage\":\"en-GB\",\"@id\":\"https:\\\/\\\/www.ibisana.com\\\/#\\\/schema\\\/logo\\\/image\\\/\",\"url\":\"https:\\\/\\\/www.ibisana.com\\\/wp-content\\\/uploads\\\/2022\\\/05\\\/cropped-Icono-web-ibisana.png\",\"contentUrl\":\"https:\\\/\\\/www.ibisana.com\\\/wp-content\\\/uploads\\\/2022\\\/05\\\/cropped-Icono-web-ibisana.png\",\"width\":512,\"height\":512,\"caption\":\"Ibisana\"},\"image\":{\"@id\":\"https:\\\/\\\/www.ibisana.com\\\/#\\\/schema\\\/logo\\\/image\\\/\"},\"sameAs\":[\"https:\\\/\\\/facebook.com\\\/IbisanaTerapiasNaturales\",\"https:\\\/\\\/www.instagram.com\\\/ibi_sana\\\/\"]}]}<\/script>\n<!-- \/ Yoast SEO plugin. -->","yoast_head_json":{"title":"2 Clases mensuales de Yoga para adultos | Ibisana","description":"Combina los beneficios del yoga tradicional con la ligereza y diversi\u00f3n de practicarlo en el aire. Utilizando un columpio especial, los participantes...","robots":{"index":"index","follow":"follow","max-snippet":"max-snippet:-1","max-image-preview":"max-image-preview:large","max-video-preview":"max-video-preview:-1"},"canonical":"https:\/\/www.ibisana.com\/ingles\/product-2\/1-clases-yoga-mensual-adolescentes\/","og_locale":"en_GB","og_type":"article","og_title":"2 Clases mensuales de Yoga para adultos | Ibisana","og_description":"Combina los beneficios del yoga tradicional con la ligereza y diversi\u00f3n de practicarlo en el aire. Utilizando un columpio especial, los participantes...","og_url":"https:\/\/www.ibisana.com\/ingles\/product-2\/1-clases-yoga-mensual-adolescentes\/","og_site_name":"Ibisana","article_publisher":"https:\/\/facebook.com\/IbisanaTerapiasNaturales","article_modified_time":"2025-09-25T13:26:12+00:00","og_image":[{"width":720,"height":514,"url":"https:\/\/www.ibisana.com\/wp-content\/uploads\/WhatsApp-Image-2024-12-11-at-10.18.21.jpeg","type":"image\/jpeg"}],"twitter_card":"summary_large_image","twitter_misc":{"Estimated reading time":"1 minute"},"schema":{"@context":"https:\/\/schema.org","@graph":[{"@type":"WebPage","@id":"https:\/\/www.ibisana.com\/producto\/1-clases-yoga-mensual-adolescentes\/","url":"https:\/\/www.ibisana.com\/producto\/1-clases-yoga-mensual-adolescentes\/","name":"2 Clases mensuales de Yoga para adultos | Ibisana","isPartOf":{"@id":"https:\/\/www.ibisana.com\/#website"},"primaryImageOfPage":{"@id":"https:\/\/www.ibisana.com\/producto\/1-clases-yoga-mensual-adolescentes\/#primaryimage"},"image":{"@id":"https:\/\/www.ibisana.com\/producto\/1-clases-yoga-mensual-adolescentes\/#primaryimage"},"thumbnailUrl":"https:\/\/www.ibisana.com\/wp-content\/uploads\/WhatsApp-Image-2024-12-11-at-10.18.21.jpeg","datePublished":"2024-12-12T14:15:08+00:00","dateModified":"2025-09-25T13:26:12+00:00","description":"Combina los beneficios del yoga tradicional con la ligereza y diversi\u00f3n de practicarlo en el aire. Utilizando un columpio especial, los participantes...","breadcrumb":{"@id":"https:\/\/www.ibisana.com\/producto\/1-clases-yoga-mensual-adolescentes\/#breadcrumb"},"inLanguage":"en-GB","potentialAction":[{"@type":"ReadAction","target":["https:\/\/www.ibisana.com\/producto\/1-clases-yoga-mensual-adolescentes\/"]}]},{"@type":"ImageObject","inLanguage":"en-GB","@id":"https:\/\/www.ibisana.com\/producto\/1-clases-yoga-mensual-adolescentes\/#primaryimage","url":"https:\/\/www.ibisana.com\/wp-content\/uploads\/WhatsApp-Image-2024-12-11-at-10.18.21.jpeg","contentUrl":"https:\/\/www.ibisana.com\/wp-content\/uploads\/WhatsApp-Image-2024-12-11-at-10.18.21.jpeg","width":720,"height":514},{"@type":"BreadcrumbList","@id":"https:\/\/www.ibisana.com\/producto\/1-clases-yoga-mensual-adolescentes\/#breadcrumb","itemListElement":[{"@type":"ListItem","position":1,"name":"Portada","item":"https:\/\/www.ibisana.com\/"},{"@type":"ListItem","position":2,"name":"Productos","item":"https:\/\/www.ibisana.com\/shop\/"},{"@type":"ListItem","position":3,"name":"PR\u00d3XIMAMENTE -2 Clase de Yoga a la semana para Adolescentes durante un mes (de 12-17 a\u00f1os)"}]},{"@type":"WebSite","@id":"https:\/\/www.ibisana.com\/#website","url":"https:\/\/www.ibisana.com\/","name":"Ibisana","description":"Natural Therapies and Holistic Courses in Ibiza","publisher":{"@id":"https:\/\/www.ibisana.com\/#organization"},"alternateName":"Terapias Naturales y Cursos Hol\u00edsticos en Ibiza","potentialAction":[{"@type":"SearchAction","target":{"@type":"EntryPoint","urlTemplate":"https:\/\/www.ibisana.com\/?s={search_term_string}"},"query-input":{"@type":"PropertyValueSpecification","valueRequired":true,"valueName":"search_term_string"}}],"inLanguage":"en-GB"},{"@type":"Organization","@id":"https:\/\/www.ibisana.com\/#organization","name":"Ibisana","url":"https:\/\/www.ibisana.com\/","logo":{"@type":"ImageObject","inLanguage":"en-GB","@id":"https:\/\/www.ibisana.com\/#\/schema\/logo\/image\/","url":"https:\/\/www.ibisana.com\/wp-content\/uploads\/2022\/05\/cropped-Icono-web-ibisana.png","contentUrl":"https:\/\/www.ibisana.com\/wp-content\/uploads\/2022\/05\/cropped-Icono-web-ibisana.png","width":512,"height":512,"caption":"Ibisana"},"image":{"@id":"https:\/\/www.ibisana.com\/#\/schema\/logo\/image\/"},"sameAs":["https:\/\/facebook.com\/IbisanaTerapiasNaturales","https:\/\/www.instagram.com\/ibi_sana\/"]}]}},"_links":{"self":[{"href":"https:\/\/www.ibisana.com\/ingles\/wp-json\/wp\/v2\/product\/9258","targetHints":{"allow":["GET"]}}],"collection":[{"href":"https:\/\/www.ibisana.com\/ingles\/wp-json\/wp\/v2\/product"}],"about":[{"href":"https:\/\/www.ibisana.com\/ingles\/wp-json\/wp\/v2\/types\/product"}],"replies":[{"embeddable":true,"href":"https:\/\/www.ibisana.com\/ingles\/wp-json\/wp\/v2\/comments?post=9258"}],"wp:featuredmedia":[{"embeddable":true,"href":"https:\/\/www.ibisana.com\/ingles\/wp-json\/wp\/v2\/media\/9244"}],"wp:attachment":[{"href":"https:\/\/www.ibisana.com\/ingles\/wp-json\/wp\/v2\/media?parent=9258"}],"wp:term":[{"taxonomy":"product_brand","embeddable":true,"href":"https:\/\/www.ibisana.com\/ingles\/wp-json\/wp\/v2\/product_brand?post=9258"},{"taxonomy":"product_cat","embeddable":true,"href":"https:\/\/www.ibisana.com\/ingles\/wp-json\/wp\/v2\/product_cat?post=9258"},{"taxonomy":"product_tag","embeddable":true,"href":"https:\/\/www.ibisana.com\/ingles\/wp-json\/wp\/v2\/product_tag?post=9258"}],"curies":[{"name":"wp","href":"https:\/\/api.w.org\/{rel}","templated":true}]}}