{"id":9142,"date":"2024-12-11T15:57:57","date_gmt":"2024-12-11T14:57:57","guid":{"rendered":"https:\/\/www.ibisana.com\/?post_type=product&#038;p=9142"},"modified":"2024-12-11T16:02:15","modified_gmt":"2024-12-11T15:02:15","slug":"sesiones-numerologia","status":"publish","type":"product","link":"https:\/\/www.ibisana.com\/ingles\/producto\/sesiones-numerologia\/","title":{"rendered":"Sesiones Numerolog\u00eda"},"content":{"rendered":"<p>Herramienta ancestral que nos permite conocer las energ\u00edas que influyen en nuestra vida a trav\u00e9s de los n\u00fameros, exploraremos c\u00f3mo los n\u00fameros influyen en los diferentes aspectos de tu vida.<\/p>\n<p>-Autoconocimiento profundo: Comprende tus talentos y \u00e1reas de mejora.<br \/>\n-Claridad en las decisiones: Recibe orientaci\u00f3n para tomar decisiones alineadas con tu prop\u00f3sito.<br \/>\n-Mejor comprensi\u00f3n de las relaciones: Aprende c\u00f3mo interactuar mejor con quienes te rodean.<br \/>\n-Preparaci\u00f3n para el futuro: Identifica ciclos y eventos importantes en tu vida.<\/p>\n<p><strong>Precio 150\u20ac <\/strong><br \/>\n<strong>Duration:<\/strong> 60\/90 min<\/p>","protected":false},"excerpt":{"rendered":"<p>Herramienta ancestral que nos permite conocer las energ\u00edas que influyen en nuestra vida a trav\u00e9s de los n\u00fameros, exploraremos c\u00f3mo los n\u00fameros influyen en los diferentes aspectos de tu vida.<\/p>\n<p>-Autoconocimiento profundo: Comprende tus talentos y \u00e1reas de mejora.<br \/>\n-Claridad en las decisiones: Recibe orientaci\u00f3n para tomar decisiones alineadas con tu prop\u00f3sito.<br \/>\n-Mejor comprensi\u00f3n de las relaciones: Aprende c\u00f3mo interactuar mejor con quienes te rodean.<br \/>\n-Preparaci\u00f3n para el futuro: Identifica ciclos y eventos importantes en tu vida.<\/p>\n<p><strong>Precio 150\u20ac <\/strong><br \/>\n<strong>Duration:<\/strong> 60\/90 min<\/p>","protected":false},"featured_media":9087,"comment_status":"open","ping_status":"closed","template":"","meta":{"_joinchat":[]},"product_brand":[],"product_cat":[157],"product_tag":[],"class_list":{"0":"post-9142","1":"product","2":"type-product","3":"status-publish","4":"has-post-thumbnail","6":"product_cat-curso-presencial","8":"first","9":"instock","10":"virtual","11":"taxable","12":"purchasable","13":"product-type-simple"},"yoast_head":"<!-- This site is optimized with the Yoast SEO plugin v27.4 - https:\/\/yoast.com\/product\/yoast-seo-wordpress\/ -->\n<title>S | Ibisanaesiones Numerologia<\/title>\n<meta name=\"description\" content=\"Herramienta ancestral que nos permite conocer las energ\u00edas que influyen en nuestra vida a trav\u00e9s de los n\u00fameros. Cada n\u00famero tiene una vibraci\u00f3n \u00fanica...\" \/>\n<meta name=\"robots\" content=\"noindex, follow\" \/>\n<meta property=\"og:locale\" content=\"en_GB\" \/>\n<meta property=\"og:type\" content=\"article\" \/>\n<meta property=\"og:title\" content=\"S | Ibisanaesiones Numerologia\" \/>\n<meta property=\"og:description\" content=\"Herramienta ancestral que nos permite conocer las energ\u00edas que influyen en nuestra vida a trav\u00e9s de los n\u00fameros. Cada n\u00famero tiene una vibraci\u00f3n \u00fanica...\" \/>\n<meta property=\"og:url\" content=\"https:\/\/www.ibisana.com\/ingles\/product-2\/sesiones-numerologia\/\" \/>\n<meta property=\"og:site_name\" content=\"Ibisana\" \/>\n<meta property=\"article:publisher\" content=\"https:\/\/facebook.com\/IbisanaTerapiasNaturales\" \/>\n<meta property=\"article:modified_time\" content=\"2024-12-11T15:02:15+00:00\" \/>\n<meta property=\"og:image\" content=\"https:\/\/www.ibisana.com\/wp-content\/uploads\/5.jpg\" \/>\n\t<meta property=\"og:image:width\" content=\"2000\" \/>\n\t<meta property=\"og:image:height\" content=\"1414\" \/>\n\t<meta property=\"og:image:type\" content=\"image\/jpeg\" \/>\n<meta name=\"twitter:card\" content=\"summary_large_image\" \/>\n<meta name=\"twitter:label1\" content=\"Estimated reading time\" \/>\n\t<meta name=\"twitter:data1\" content=\"1 minute\" \/>\n<script type=\"application\/ld+json\" class=\"yoast-schema-graph\">{\"@context\":\"https:\\\/\\\/schema.org\",\"@graph\":[{\"@type\":\"WebPage\",\"@id\":\"https:\\\/\\\/www.ibisana.com\\\/producto\\\/sesiones-numerologia\\\/\",\"url\":\"https:\\\/\\\/www.ibisana.com\\\/producto\\\/sesiones-numerologia\\\/\",\"name\":\"S | Ibisanaesiones Numerologia\",\"isPartOf\":{\"@id\":\"https:\\\/\\\/www.ibisana.com\\\/#website\"},\"primaryImageOfPage\":{\"@id\":\"https:\\\/\\\/www.ibisana.com\\\/producto\\\/sesiones-numerologia\\\/#primaryimage\"},\"image\":{\"@id\":\"https:\\\/\\\/www.ibisana.com\\\/producto\\\/sesiones-numerologia\\\/#primaryimage\"},\"thumbnailUrl\":\"https:\\\/\\\/www.ibisana.com\\\/wp-content\\\/uploads\\\/5.jpg\",\"datePublished\":\"2024-12-11T14:57:57+00:00\",\"dateModified\":\"2024-12-11T15:02:15+00:00\",\"description\":\"Herramienta ancestral que nos permite conocer las energ\u00edas que influyen en nuestra vida a trav\u00e9s de los n\u00fameros. Cada n\u00famero tiene una vibraci\u00f3n \u00fanica...\",\"breadcrumb\":{\"@id\":\"https:\\\/\\\/www.ibisana.com\\\/producto\\\/sesiones-numerologia\\\/#breadcrumb\"},\"inLanguage\":\"en-GB\",\"potentialAction\":[{\"@type\":\"ReadAction\",\"target\":[\"https:\\\/\\\/www.ibisana.com\\\/producto\\\/sesiones-numerologia\\\/\"]}]},{\"@type\":\"ImageObject\",\"inLanguage\":\"en-GB\",\"@id\":\"https:\\\/\\\/www.ibisana.com\\\/producto\\\/sesiones-numerologia\\\/#primaryimage\",\"url\":\"https:\\\/\\\/www.ibisana.com\\\/wp-content\\\/uploads\\\/5.jpg\",\"contentUrl\":\"https:\\\/\\\/www.ibisana.com\\\/wp-content\\\/uploads\\\/5.jpg\",\"width\":2000,\"height\":1414},{\"@type\":\"BreadcrumbList\",\"@id\":\"https:\\\/\\\/www.ibisana.com\\\/producto\\\/sesiones-numerologia\\\/#breadcrumb\",\"itemListElement\":[{\"@type\":\"ListItem\",\"position\":1,\"name\":\"Portada\",\"item\":\"https:\\\/\\\/www.ibisana.com\\\/\"},{\"@type\":\"ListItem\",\"position\":2,\"name\":\"Productos\",\"item\":\"https:\\\/\\\/www.ibisana.com\\\/shop\\\/\"},{\"@type\":\"ListItem\",\"position\":3,\"name\":\"Sesiones Numerolog\u00eda\"}]},{\"@type\":\"WebSite\",\"@id\":\"https:\\\/\\\/www.ibisana.com\\\/#website\",\"url\":\"https:\\\/\\\/www.ibisana.com\\\/\",\"name\":\"Ibisana\",\"description\":\"Terapias Naturales y Cursos Hol\u00edsticos en Ibiza\",\"publisher\":{\"@id\":\"https:\\\/\\\/www.ibisana.com\\\/#organization\"},\"alternateName\":\"Terapias Naturales y Cursos Hol\u00edsticos en Ibiza\",\"potentialAction\":[{\"@type\":\"SearchAction\",\"target\":{\"@type\":\"EntryPoint\",\"urlTemplate\":\"https:\\\/\\\/www.ibisana.com\\\/?s={search_term_string}\"},\"query-input\":{\"@type\":\"PropertyValueSpecification\",\"valueRequired\":true,\"valueName\":\"search_term_string\"}}],\"inLanguage\":\"en-GB\"},{\"@type\":\"Organization\",\"@id\":\"https:\\\/\\\/www.ibisana.com\\\/#organization\",\"name\":\"Ibisana\",\"url\":\"https:\\\/\\\/www.ibisana.com\\\/\",\"logo\":{\"@type\":\"ImageObject\",\"inLanguage\":\"en-GB\",\"@id\":\"https:\\\/\\\/www.ibisana.com\\\/#\\\/schema\\\/logo\\\/image\\\/\",\"url\":\"https:\\\/\\\/www.ibisana.com\\\/wp-content\\\/uploads\\\/2022\\\/05\\\/cropped-Icono-web-ibisana.png\",\"contentUrl\":\"https:\\\/\\\/www.ibisana.com\\\/wp-content\\\/uploads\\\/2022\\\/05\\\/cropped-Icono-web-ibisana.png\",\"width\":512,\"height\":512,\"caption\":\"Ibisana\"},\"image\":{\"@id\":\"https:\\\/\\\/www.ibisana.com\\\/#\\\/schema\\\/logo\\\/image\\\/\"},\"sameAs\":[\"https:\\\/\\\/facebook.com\\\/IbisanaTerapiasNaturales\",\"https:\\\/\\\/www.instagram.com\\\/ibi_sana\\\/\"]}]}<\/script>\n<!-- \/ Yoast SEO plugin. -->","yoast_head_json":{"title":"S | Ibisanaesiones Numerologia","description":"Herramienta ancestral que nos permite conocer las energ\u00edas que influyen en nuestra vida a trav\u00e9s de los n\u00fameros. Cada n\u00famero tiene una vibraci\u00f3n \u00fanica...","robots":{"index":"noindex","follow":"follow"},"og_locale":"en_GB","og_type":"article","og_title":"S | Ibisanaesiones Numerologia","og_description":"Herramienta ancestral que nos permite conocer las energ\u00edas que influyen en nuestra vida a trav\u00e9s de los n\u00fameros. Cada n\u00famero tiene una vibraci\u00f3n \u00fanica...","og_url":"https:\/\/www.ibisana.com\/ingles\/product-2\/sesiones-numerologia\/","og_site_name":"Ibisana","article_publisher":"https:\/\/facebook.com\/IbisanaTerapiasNaturales","article_modified_time":"2024-12-11T15:02:15+00:00","og_image":[{"width":2000,"height":1414,"url":"https:\/\/www.ibisana.com\/wp-content\/uploads\/5.jpg","type":"image\/jpeg"}],"twitter_card":"summary_large_image","twitter_misc":{"Estimated reading time":"1 minute"},"schema":{"@context":"https:\/\/schema.org","@graph":[{"@type":"WebPage","@id":"https:\/\/www.ibisana.com\/producto\/sesiones-numerologia\/","url":"https:\/\/www.ibisana.com\/producto\/sesiones-numerologia\/","name":"S | Ibisanaesiones Numerologia","isPartOf":{"@id":"https:\/\/www.ibisana.com\/#website"},"primaryImageOfPage":{"@id":"https:\/\/www.ibisana.com\/producto\/sesiones-numerologia\/#primaryimage"},"image":{"@id":"https:\/\/www.ibisana.com\/producto\/sesiones-numerologia\/#primaryimage"},"thumbnailUrl":"https:\/\/www.ibisana.com\/wp-content\/uploads\/5.jpg","datePublished":"2024-12-11T14:57:57+00:00","dateModified":"2024-12-11T15:02:15+00:00","description":"Herramienta ancestral que nos permite conocer las energ\u00edas que influyen en nuestra vida a trav\u00e9s de los n\u00fameros. Cada n\u00famero tiene una vibraci\u00f3n \u00fanica...","breadcrumb":{"@id":"https:\/\/www.ibisana.com\/producto\/sesiones-numerologia\/#breadcrumb"},"inLanguage":"en-GB","potentialAction":[{"@type":"ReadAction","target":["https:\/\/www.ibisana.com\/producto\/sesiones-numerologia\/"]}]},{"@type":"ImageObject","inLanguage":"en-GB","@id":"https:\/\/www.ibisana.com\/producto\/sesiones-numerologia\/#primaryimage","url":"https:\/\/www.ibisana.com\/wp-content\/uploads\/5.jpg","contentUrl":"https:\/\/www.ibisana.com\/wp-content\/uploads\/5.jpg","width":2000,"height":1414},{"@type":"BreadcrumbList","@id":"https:\/\/www.ibisana.com\/producto\/sesiones-numerologia\/#breadcrumb","itemListElement":[{"@type":"ListItem","position":1,"name":"Portada","item":"https:\/\/www.ibisana.com\/"},{"@type":"ListItem","position":2,"name":"Productos","item":"https:\/\/www.ibisana.com\/shop\/"},{"@type":"ListItem","position":3,"name":"Sesiones Numerolog\u00eda"}]},{"@type":"WebSite","@id":"https:\/\/www.ibisana.com\/#website","url":"https:\/\/www.ibisana.com\/","name":"Ibisana","description":"Natural Therapies and Holistic Courses in Ibiza","publisher":{"@id":"https:\/\/www.ibisana.com\/#organization"},"alternateName":"Terapias Naturales y Cursos Hol\u00edsticos en Ibiza","potentialAction":[{"@type":"SearchAction","target":{"@type":"EntryPoint","urlTemplate":"https:\/\/www.ibisana.com\/?s={search_term_string}"},"query-input":{"@type":"PropertyValueSpecification","valueRequired":true,"valueName":"search_term_string"}}],"inLanguage":"en-GB"},{"@type":"Organization","@id":"https:\/\/www.ibisana.com\/#organization","name":"Ibisana","url":"https:\/\/www.ibisana.com\/","logo":{"@type":"ImageObject","inLanguage":"en-GB","@id":"https:\/\/www.ibisana.com\/#\/schema\/logo\/image\/","url":"https:\/\/www.ibisana.com\/wp-content\/uploads\/2022\/05\/cropped-Icono-web-ibisana.png","contentUrl":"https:\/\/www.ibisana.com\/wp-content\/uploads\/2022\/05\/cropped-Icono-web-ibisana.png","width":512,"height":512,"caption":"Ibisana"},"image":{"@id":"https:\/\/www.ibisana.com\/#\/schema\/logo\/image\/"},"sameAs":["https:\/\/facebook.com\/IbisanaTerapiasNaturales","https:\/\/www.instagram.com\/ibi_sana\/"]}]}},"_links":{"self":[{"href":"https:\/\/www.ibisana.com\/ingles\/wp-json\/wp\/v2\/product\/9142","targetHints":{"allow":["GET"]}}],"collection":[{"href":"https:\/\/www.ibisana.com\/ingles\/wp-json\/wp\/v2\/product"}],"about":[{"href":"https:\/\/www.ibisana.com\/ingles\/wp-json\/wp\/v2\/types\/product"}],"replies":[{"embeddable":true,"href":"https:\/\/www.ibisana.com\/ingles\/wp-json\/wp\/v2\/comments?post=9142"}],"wp:featuredmedia":[{"embeddable":true,"href":"https:\/\/www.ibisana.com\/ingles\/wp-json\/wp\/v2\/media\/9087"}],"wp:attachment":[{"href":"https:\/\/www.ibisana.com\/ingles\/wp-json\/wp\/v2\/media?parent=9142"}],"wp:term":[{"taxonomy":"product_brand","embeddable":true,"href":"https:\/\/www.ibisana.com\/ingles\/wp-json\/wp\/v2\/product_brand?post=9142"},{"taxonomy":"product_cat","embeddable":true,"href":"https:\/\/www.ibisana.com\/ingles\/wp-json\/wp\/v2\/product_cat?post=9142"},{"taxonomy":"product_tag","embeddable":true,"href":"https:\/\/www.ibisana.com\/ingles\/wp-json\/wp\/v2\/product_tag?post=9142"}],"curies":[{"name":"wp","href":"https:\/\/api.w.org\/{rel}","templated":true}]}}