{"id":8595,"date":"2024-09-02T10:20:28","date_gmt":"2024-09-02T09:20:28","guid":{"rendered":"https:\/\/www.ibisana.com\/?post_type=product&#038;p=8595"},"modified":"2024-09-02T10:45:00","modified_gmt":"2024-09-02T09:45:00","slug":"curso-personal-online-coach-para-terapeutas","status":"publish","type":"product","link":"https:\/\/www.ibisana.com\/ingles\/producto\/curso-personal-online-coach-para-terapeutas\/","title":{"rendered":"CUSTOMISED ONLINE COURSE COACH FOR THERAPISTS"},"content":{"rendered":"<p>Through this <strong>Online Personalised Coaching for Therapists Course<\/strong>We will identify and leverage your strengths, address your weaknesses, capitalise on opportunities and mitigate threats.<\/p>\n<p>- Clearly identify your career goals and chart a clear path towards achieving them.<br \/>\n- Discover your unique strengths as a therapist and learn how to use them to differentiate yourself in a competitive market.<br \/>\n- Recognise and overcome the internal limitations that prevent you from achieving the results you want.<br \/>\n- Develop effective strategies to grow your practice and attract more clients on a consistent basis.<br \/>\n- Learn proven time management and organisation techniques to optimise your productivity and work-life balance.<br \/>\nBoost your business and get the results you deserve.<\/p>\n<p>6 ONLINE SESSIONS, A DOSSIER OF EXERCISES AND A PERSONALISED ACCOMPANIMENT.<\/p>","protected":false},"excerpt":{"rendered":"<p><strong>Price Personalised course 600\u20ac. <\/strong><\/p>\n<p>Through this Customised Course for Therapists, we will identify and leverage your strengths, address your weaknesses, capitalise on opportunities and mitigate threats.<\/p>","protected":false},"featured_media":8601,"comment_status":"open","ping_status":"closed","template":"","meta":{"_joinchat":[]},"product_brand":[],"product_cat":[155],"product_tag":[],"class_list":{"0":"post-8595","1":"product","2":"type-product","3":"status-publish","4":"has-post-thumbnail","6":"product_cat-coach","8":"first","9":"instock","10":"virtual","11":"taxable","12":"purchasable","13":"product-type-simple"},"yoast_head":"<!-- This site is optimized with the Yoast SEO plugin v27.4 - https:\/\/yoast.com\/product\/yoast-seo-wordpress\/ -->\n<title>Curso Online Coach Personalizado Para Terapeutas<\/title>\n<meta name=\"description\" content=\"A trav\u00e9s de este Curso de Coach Personalizado para Terapeutas, crecer\u00e1s a nivel personal como terapeuta y se ver\u00e1 reflejado en tu trabajo\" \/>\n<meta name=\"robots\" content=\"noindex, follow\" \/>\n<meta property=\"og:locale\" content=\"en_GB\" \/>\n<meta property=\"og:type\" content=\"article\" \/>\n<meta property=\"og:title\" content=\"Curso Online Coach Personalizado Para Terapeutas\" \/>\n<meta property=\"og:description\" content=\"A trav\u00e9s de este Curso de Coach Personalizado para Terapeutas, crecer\u00e1s a nivel personal como terapeuta y se ver\u00e1 reflejado en tu trabajo\" \/>\n<meta property=\"og:url\" content=\"https:\/\/www.ibisana.com\/ingles\/product-2\/curso-personal-online-coach-para-terapeutas\/\" \/>\n<meta property=\"og:site_name\" content=\"Ibisana\" \/>\n<meta property=\"article:publisher\" content=\"https:\/\/facebook.com\/IbisanaTerapiasNaturales\" \/>\n<meta property=\"article:modified_time\" content=\"2024-09-02T09:45:00+00:00\" \/>\n<meta property=\"og:image\" content=\"https:\/\/www.ibisana.com\/wp-content\/uploads\/coach-personal.jpg\" \/>\n\t<meta property=\"og:image:width\" content=\"960\" \/>\n\t<meta property=\"og:image:height\" content=\"545\" \/>\n\t<meta property=\"og:image:type\" content=\"image\/jpeg\" \/>\n<meta name=\"twitter:card\" content=\"summary_large_image\" \/>\n<meta name=\"twitter:label1\" content=\"Estimated reading time\" \/>\n\t<meta name=\"twitter:data1\" content=\"1 minute\" \/>\n<script type=\"application\/ld+json\" class=\"yoast-schema-graph\">{\"@context\":\"https:\\\/\\\/schema.org\",\"@graph\":[{\"@type\":\"WebPage\",\"@id\":\"https:\\\/\\\/www.ibisana.com\\\/producto\\\/curso-personal-online-coach-para-terapeutas\\\/\",\"url\":\"https:\\\/\\\/www.ibisana.com\\\/producto\\\/curso-personal-online-coach-para-terapeutas\\\/\",\"name\":\"Curso Online Coach Personalizado Para Terapeutas\",\"isPartOf\":{\"@id\":\"https:\\\/\\\/www.ibisana.com\\\/#website\"},\"primaryImageOfPage\":{\"@id\":\"https:\\\/\\\/www.ibisana.com\\\/producto\\\/curso-personal-online-coach-para-terapeutas\\\/#primaryimage\"},\"image\":{\"@id\":\"https:\\\/\\\/www.ibisana.com\\\/producto\\\/curso-personal-online-coach-para-terapeutas\\\/#primaryimage\"},\"thumbnailUrl\":\"https:\\\/\\\/www.ibisana.com\\\/wp-content\\\/uploads\\\/coach-personal.jpg\",\"datePublished\":\"2024-09-02T09:20:28+00:00\",\"dateModified\":\"2024-09-02T09:45:00+00:00\",\"description\":\"A trav\u00e9s de este Curso de Coach Personalizado para Terapeutas, crecer\u00e1s a nivel personal como terapeuta y se ver\u00e1 reflejado en tu trabajo\",\"breadcrumb\":{\"@id\":\"https:\\\/\\\/www.ibisana.com\\\/producto\\\/curso-personal-online-coach-para-terapeutas\\\/#breadcrumb\"},\"inLanguage\":\"en-GB\",\"potentialAction\":[{\"@type\":\"ReadAction\",\"target\":[\"https:\\\/\\\/www.ibisana.com\\\/producto\\\/curso-personal-online-coach-para-terapeutas\\\/\"]}]},{\"@type\":\"ImageObject\",\"inLanguage\":\"en-GB\",\"@id\":\"https:\\\/\\\/www.ibisana.com\\\/producto\\\/curso-personal-online-coach-para-terapeutas\\\/#primaryimage\",\"url\":\"https:\\\/\\\/www.ibisana.com\\\/wp-content\\\/uploads\\\/coach-personal.jpg\",\"contentUrl\":\"https:\\\/\\\/www.ibisana.com\\\/wp-content\\\/uploads\\\/coach-personal.jpg\",\"width\":960,\"height\":545,\"caption\":\"sesi\u00f3n coach online\"},{\"@type\":\"BreadcrumbList\",\"@id\":\"https:\\\/\\\/www.ibisana.com\\\/producto\\\/curso-personal-online-coach-para-terapeutas\\\/#breadcrumb\",\"itemListElement\":[{\"@type\":\"ListItem\",\"position\":1,\"name\":\"Portada\",\"item\":\"https:\\\/\\\/www.ibisana.com\\\/\"},{\"@type\":\"ListItem\",\"position\":2,\"name\":\"Productos\",\"item\":\"https:\\\/\\\/www.ibisana.com\\\/shop\\\/\"},{\"@type\":\"ListItem\",\"position\":3,\"name\":\"CURSO ONLINE PERSONALIZADO COACH PARA TERAPEUTAS\"}]},{\"@type\":\"WebSite\",\"@id\":\"https:\\\/\\\/www.ibisana.com\\\/#website\",\"url\":\"https:\\\/\\\/www.ibisana.com\\\/\",\"name\":\"Ibisana\",\"description\":\"Terapias Naturales y Cursos Hol\u00edsticos en Ibiza\",\"publisher\":{\"@id\":\"https:\\\/\\\/www.ibisana.com\\\/#organization\"},\"alternateName\":\"Terapias Naturales y Cursos Hol\u00edsticos en Ibiza\",\"potentialAction\":[{\"@type\":\"SearchAction\",\"target\":{\"@type\":\"EntryPoint\",\"urlTemplate\":\"https:\\\/\\\/www.ibisana.com\\\/?s={search_term_string}\"},\"query-input\":{\"@type\":\"PropertyValueSpecification\",\"valueRequired\":true,\"valueName\":\"search_term_string\"}}],\"inLanguage\":\"en-GB\"},{\"@type\":\"Organization\",\"@id\":\"https:\\\/\\\/www.ibisana.com\\\/#organization\",\"name\":\"Ibisana\",\"url\":\"https:\\\/\\\/www.ibisana.com\\\/\",\"logo\":{\"@type\":\"ImageObject\",\"inLanguage\":\"en-GB\",\"@id\":\"https:\\\/\\\/www.ibisana.com\\\/#\\\/schema\\\/logo\\\/image\\\/\",\"url\":\"https:\\\/\\\/www.ibisana.com\\\/wp-content\\\/uploads\\\/2022\\\/05\\\/cropped-Icono-web-ibisana.png\",\"contentUrl\":\"https:\\\/\\\/www.ibisana.com\\\/wp-content\\\/uploads\\\/2022\\\/05\\\/cropped-Icono-web-ibisana.png\",\"width\":512,\"height\":512,\"caption\":\"Ibisana\"},\"image\":{\"@id\":\"https:\\\/\\\/www.ibisana.com\\\/#\\\/schema\\\/logo\\\/image\\\/\"},\"sameAs\":[\"https:\\\/\\\/facebook.com\\\/IbisanaTerapiasNaturales\",\"https:\\\/\\\/www.instagram.com\\\/ibi_sana\\\/\"]}]}<\/script>\n<!-- \/ Yoast SEO plugin. -->","yoast_head_json":{"title":"Curso Online Coach Personalizado Para Terapeutas","description":"A trav\u00e9s de este Curso de Coach Personalizado para Terapeutas, crecer\u00e1s a nivel personal como terapeuta y se ver\u00e1 reflejado en tu trabajo","robots":{"index":"noindex","follow":"follow"},"og_locale":"en_GB","og_type":"article","og_title":"Curso Online Coach Personalizado Para Terapeutas","og_description":"A trav\u00e9s de este Curso de Coach Personalizado para Terapeutas, crecer\u00e1s a nivel personal como terapeuta y se ver\u00e1 reflejado en tu trabajo","og_url":"https:\/\/www.ibisana.com\/ingles\/product-2\/curso-personal-online-coach-para-terapeutas\/","og_site_name":"Ibisana","article_publisher":"https:\/\/facebook.com\/IbisanaTerapiasNaturales","article_modified_time":"2024-09-02T09:45:00+00:00","og_image":[{"width":960,"height":545,"url":"https:\/\/www.ibisana.com\/wp-content\/uploads\/coach-personal.jpg","type":"image\/jpeg"}],"twitter_card":"summary_large_image","twitter_misc":{"Estimated reading time":"1 minute"},"schema":{"@context":"https:\/\/schema.org","@graph":[{"@type":"WebPage","@id":"https:\/\/www.ibisana.com\/producto\/curso-personal-online-coach-para-terapeutas\/","url":"https:\/\/www.ibisana.com\/producto\/curso-personal-online-coach-para-terapeutas\/","name":"Curso Online Coach Personalizado Para Terapeutas","isPartOf":{"@id":"https:\/\/www.ibisana.com\/#website"},"primaryImageOfPage":{"@id":"https:\/\/www.ibisana.com\/producto\/curso-personal-online-coach-para-terapeutas\/#primaryimage"},"image":{"@id":"https:\/\/www.ibisana.com\/producto\/curso-personal-online-coach-para-terapeutas\/#primaryimage"},"thumbnailUrl":"https:\/\/www.ibisana.com\/wp-content\/uploads\/coach-personal.jpg","datePublished":"2024-09-02T09:20:28+00:00","dateModified":"2024-09-02T09:45:00+00:00","description":"A trav\u00e9s de este Curso de Coach Personalizado para Terapeutas, crecer\u00e1s a nivel personal como terapeuta y se ver\u00e1 reflejado en tu trabajo","breadcrumb":{"@id":"https:\/\/www.ibisana.com\/producto\/curso-personal-online-coach-para-terapeutas\/#breadcrumb"},"inLanguage":"en-GB","potentialAction":[{"@type":"ReadAction","target":["https:\/\/www.ibisana.com\/producto\/curso-personal-online-coach-para-terapeutas\/"]}]},{"@type":"ImageObject","inLanguage":"en-GB","@id":"https:\/\/www.ibisana.com\/producto\/curso-personal-online-coach-para-terapeutas\/#primaryimage","url":"https:\/\/www.ibisana.com\/wp-content\/uploads\/coach-personal.jpg","contentUrl":"https:\/\/www.ibisana.com\/wp-content\/uploads\/coach-personal.jpg","width":960,"height":545,"caption":"sesi\u00f3n coach online"},{"@type":"BreadcrumbList","@id":"https:\/\/www.ibisana.com\/producto\/curso-personal-online-coach-para-terapeutas\/#breadcrumb","itemListElement":[{"@type":"ListItem","position":1,"name":"Portada","item":"https:\/\/www.ibisana.com\/"},{"@type":"ListItem","position":2,"name":"Productos","item":"https:\/\/www.ibisana.com\/shop\/"},{"@type":"ListItem","position":3,"name":"CURSO ONLINE PERSONALIZADO COACH PARA TERAPEUTAS"}]},{"@type":"WebSite","@id":"https:\/\/www.ibisana.com\/#website","url":"https:\/\/www.ibisana.com\/","name":"Ibisana","description":"Natural Therapies and Holistic Courses in Ibiza","publisher":{"@id":"https:\/\/www.ibisana.com\/#organization"},"alternateName":"Terapias Naturales y Cursos Hol\u00edsticos en Ibiza","potentialAction":[{"@type":"SearchAction","target":{"@type":"EntryPoint","urlTemplate":"https:\/\/www.ibisana.com\/?s={search_term_string}"},"query-input":{"@type":"PropertyValueSpecification","valueRequired":true,"valueName":"search_term_string"}}],"inLanguage":"en-GB"},{"@type":"Organization","@id":"https:\/\/www.ibisana.com\/#organization","name":"Ibisana","url":"https:\/\/www.ibisana.com\/","logo":{"@type":"ImageObject","inLanguage":"en-GB","@id":"https:\/\/www.ibisana.com\/#\/schema\/logo\/image\/","url":"https:\/\/www.ibisana.com\/wp-content\/uploads\/2022\/05\/cropped-Icono-web-ibisana.png","contentUrl":"https:\/\/www.ibisana.com\/wp-content\/uploads\/2022\/05\/cropped-Icono-web-ibisana.png","width":512,"height":512,"caption":"Ibisana"},"image":{"@id":"https:\/\/www.ibisana.com\/#\/schema\/logo\/image\/"},"sameAs":["https:\/\/facebook.com\/IbisanaTerapiasNaturales","https:\/\/www.instagram.com\/ibi_sana\/"]}]}},"_links":{"self":[{"href":"https:\/\/www.ibisana.com\/ingles\/wp-json\/wp\/v2\/product\/8595","targetHints":{"allow":["GET"]}}],"collection":[{"href":"https:\/\/www.ibisana.com\/ingles\/wp-json\/wp\/v2\/product"}],"about":[{"href":"https:\/\/www.ibisana.com\/ingles\/wp-json\/wp\/v2\/types\/product"}],"replies":[{"embeddable":true,"href":"https:\/\/www.ibisana.com\/ingles\/wp-json\/wp\/v2\/comments?post=8595"}],"wp:featuredmedia":[{"embeddable":true,"href":"https:\/\/www.ibisana.com\/ingles\/wp-json\/wp\/v2\/media\/8601"}],"wp:attachment":[{"href":"https:\/\/www.ibisana.com\/ingles\/wp-json\/wp\/v2\/media?parent=8595"}],"wp:term":[{"taxonomy":"product_brand","embeddable":true,"href":"https:\/\/www.ibisana.com\/ingles\/wp-json\/wp\/v2\/product_brand?post=8595"},{"taxonomy":"product_cat","embeddable":true,"href":"https:\/\/www.ibisana.com\/ingles\/wp-json\/wp\/v2\/product_cat?post=8595"},{"taxonomy":"product_tag","embeddable":true,"href":"https:\/\/www.ibisana.com\/ingles\/wp-json\/wp\/v2\/product_tag?post=8595"}],"curies":[{"name":"wp","href":"https:\/\/api.w.org\/{rel}","templated":true}]}}