{"id":8100,"date":"2024-06-24T05:30:04","date_gmt":"2024-06-24T04:30:04","guid":{"rendered":"https:\/\/www.ibisana.com\/?post_type=product&#038;p=8100"},"modified":"2024-10-22T18:19:58","modified_gmt":"2024-10-22T17:19:58","slug":"sesion-osteopatia-ibiza","status":"publish","type":"product","link":"https:\/\/www.ibisana.com\/ingles\/producto\/sesion-osteopatia-ibiza\/","title":{"rendered":"Osteopathy Session"},"content":{"rendered":"<p>At Ibisana we understand that the body is an integral whole. That is why we offer you Osteopathy sessions in Ibiza, to help you achieve the homeostasis that is essential for your wellbeing.<br \/>\nWith your osteopathy session in Ibiza, find the root cause of the imbalance in your body, treat it and regain your optimal health.<\/p>\n<p>- Duration: 60 minutes<\/p>\n<p>\ud83d\udd38Remember that if you are...<\/p>\n<p>Junior,<\/strong> between 0 and 17 years old<br \/>\nSenior<\/strong>over 66 you are <\/p>\n<p>Special discounts at the moment of making your PAYMENT, with the <strong>CODE<\/strong>:<\/p>\n<p><strong>- SENIOR50<br \/>\n- JUNIOR50<\/strong><\/p>","protected":false},"excerpt":{"rendered":"<p>At Ibisana we understand that the body is an integral whole. That is why we offer you Osteopathy sessions to help you achieve the homeostasis that is essential for your wellbeing.<br \/>\nWith your osteopathy session, find the root cause of the imbalance in your body, treat it and restore your optimal health.<\/p>\n<p>- Duration: 60 minutes<\/p>\n<p>\ud83d\udd38Remember that if you are...<\/p>\n<p>Junior,<\/strong> between 0 and 17 years old<br \/>\nSenior<\/strong>over 66 you are <\/p>\n<p>Special discounts at the moment of making your PAYMENT, with the <strong>CODE<\/strong>:<\/p>\n<p><strong>- SENIOR50<br \/>\n- JUNIOR50<\/strong><\/p>","protected":false},"featured_media":6805,"comment_status":"open","ping_status":"closed","template":"","meta":{"_joinchat":[]},"product_brand":[],"product_cat":[144],"product_tag":[],"class_list":{"0":"post-8100","1":"product","2":"type-product","3":"status-publish","4":"has-post-thumbnail","6":"product_cat-sesiones","8":"first","9":"instock","10":"virtual","11":"taxable","12":"purchasable","13":"product-type-simple"},"yoast_head":"<!-- This site is optimized with the Yoast SEO plugin v27.4 - https:\/\/yoast.com\/product\/yoast-seo-wordpress\/ -->\n<title>Sesion Osteopatia Ibiza | Ibisana<\/title>\n<meta name=\"description\" content=\"Con tu sesi\u00f3n de osteopat\u00eda en Ibiza, encuentra la causa primaria que provoca el desequilibrio en tu cuerpo, tr\u00e1tala y recupera tu estado \u00f3ptimo de salud.\" \/>\n<meta name=\"robots\" content=\"index, follow, max-snippet:-1, max-image-preview:large, max-video-preview:-1\" \/>\n<link rel=\"canonical\" href=\"https:\/\/www.ibisana.com\/ingles\/product-2\/sesion-osteopatia-ibiza\/\" \/>\n<meta property=\"og:locale\" content=\"en_GB\" \/>\n<meta property=\"og:type\" content=\"article\" \/>\n<meta property=\"og:title\" content=\"Sesion Osteopatia Ibiza | Ibisana\" \/>\n<meta property=\"og:description\" content=\"Con tu sesi\u00f3n de osteopat\u00eda en Ibiza, encuentra la causa primaria que provoca el desequilibrio en tu cuerpo, tr\u00e1tala y recupera tu estado \u00f3ptimo de salud.\" \/>\n<meta property=\"og:url\" content=\"https:\/\/www.ibisana.com\/ingles\/product-2\/sesion-osteopatia-ibiza\/\" \/>\n<meta property=\"og:site_name\" content=\"Ibisana\" \/>\n<meta property=\"article:publisher\" content=\"https:\/\/facebook.com\/IbisanaTerapiasNaturales\" \/>\n<meta property=\"article:modified_time\" content=\"2024-10-22T17:19:58+00:00\" \/>\n<meta property=\"og:image\" content=\"https:\/\/www.ibisana.com\/wp-content\/uploads\/osteopata-realizando-masaje-jpg.webp\" \/>\n\t<meta property=\"og:image:width\" content=\"950\" \/>\n\t<meta property=\"og:image:height\" content=\"634\" \/>\n\t<meta property=\"og:image:type\" content=\"image\/jpeg\" \/>\n<meta name=\"twitter:card\" content=\"summary_large_image\" \/>\n<meta name=\"twitter:label1\" content=\"Estimated reading time\" \/>\n\t<meta name=\"twitter:data1\" content=\"1 minute\" \/>\n<script type=\"application\/ld+json\" class=\"yoast-schema-graph\">{\"@context\":\"https:\\\/\\\/schema.org\",\"@graph\":[{\"@type\":\"WebPage\",\"@id\":\"https:\\\/\\\/www.ibisana.com\\\/producto\\\/sesion-osteopatia-ibiza\\\/\",\"url\":\"https:\\\/\\\/www.ibisana.com\\\/producto\\\/sesion-osteopatia-ibiza\\\/\",\"name\":\"Sesion Osteopatia Ibiza | Ibisana\",\"isPartOf\":{\"@id\":\"https:\\\/\\\/www.ibisana.com\\\/#website\"},\"primaryImageOfPage\":{\"@id\":\"https:\\\/\\\/www.ibisana.com\\\/producto\\\/sesion-osteopatia-ibiza\\\/#primaryimage\"},\"image\":{\"@id\":\"https:\\\/\\\/www.ibisana.com\\\/producto\\\/sesion-osteopatia-ibiza\\\/#primaryimage\"},\"thumbnailUrl\":\"https:\\\/\\\/www.ibisana.com\\\/wp-content\\\/uploads\\\/osteopata-realizando-masaje-jpg.webp\",\"datePublished\":\"2024-06-24T04:30:04+00:00\",\"dateModified\":\"2024-10-22T17:19:58+00:00\",\"description\":\"Con tu sesi\u00f3n de osteopat\u00eda en Ibiza, encuentra la causa primaria que provoca el desequilibrio en tu cuerpo, tr\u00e1tala y recupera tu estado \u00f3ptimo de salud.\",\"breadcrumb\":{\"@id\":\"https:\\\/\\\/www.ibisana.com\\\/producto\\\/sesion-osteopatia-ibiza\\\/#breadcrumb\"},\"inLanguage\":\"en-GB\",\"potentialAction\":[{\"@type\":\"ReadAction\",\"target\":[\"https:\\\/\\\/www.ibisana.com\\\/producto\\\/sesion-osteopatia-ibiza\\\/\"]}]},{\"@type\":\"ImageObject\",\"inLanguage\":\"en-GB\",\"@id\":\"https:\\\/\\\/www.ibisana.com\\\/producto\\\/sesion-osteopatia-ibiza\\\/#primaryimage\",\"url\":\"https:\\\/\\\/www.ibisana.com\\\/wp-content\\\/uploads\\\/osteopata-realizando-masaje-jpg.webp\",\"contentUrl\":\"https:\\\/\\\/www.ibisana.com\\\/wp-content\\\/uploads\\\/osteopata-realizando-masaje-jpg.webp\",\"width\":950,\"height\":634,\"caption\":\"osteopata realizando masaje\"},{\"@type\":\"BreadcrumbList\",\"@id\":\"https:\\\/\\\/www.ibisana.com\\\/producto\\\/sesion-osteopatia-ibiza\\\/#breadcrumb\",\"itemListElement\":[{\"@type\":\"ListItem\",\"position\":1,\"name\":\"Portada\",\"item\":\"https:\\\/\\\/www.ibisana.com\\\/\"},{\"@type\":\"ListItem\",\"position\":2,\"name\":\"Productos\",\"item\":\"https:\\\/\\\/www.ibisana.com\\\/shop\\\/\"},{\"@type\":\"ListItem\",\"position\":3,\"name\":\"Sesion Osteopat\u00eda\"}]},{\"@type\":\"WebSite\",\"@id\":\"https:\\\/\\\/www.ibisana.com\\\/#website\",\"url\":\"https:\\\/\\\/www.ibisana.com\\\/\",\"name\":\"Ibisana\",\"description\":\"Terapias Naturales y Cursos Hol\u00edsticos en Ibiza\",\"publisher\":{\"@id\":\"https:\\\/\\\/www.ibisana.com\\\/#organization\"},\"alternateName\":\"Terapias Naturales y Cursos Hol\u00edsticos en Ibiza\",\"potentialAction\":[{\"@type\":\"SearchAction\",\"target\":{\"@type\":\"EntryPoint\",\"urlTemplate\":\"https:\\\/\\\/www.ibisana.com\\\/?s={search_term_string}\"},\"query-input\":{\"@type\":\"PropertyValueSpecification\",\"valueRequired\":true,\"valueName\":\"search_term_string\"}}],\"inLanguage\":\"en-GB\"},{\"@type\":\"Organization\",\"@id\":\"https:\\\/\\\/www.ibisana.com\\\/#organization\",\"name\":\"Ibisana\",\"url\":\"https:\\\/\\\/www.ibisana.com\\\/\",\"logo\":{\"@type\":\"ImageObject\",\"inLanguage\":\"en-GB\",\"@id\":\"https:\\\/\\\/www.ibisana.com\\\/#\\\/schema\\\/logo\\\/image\\\/\",\"url\":\"https:\\\/\\\/www.ibisana.com\\\/wp-content\\\/uploads\\\/2022\\\/05\\\/cropped-Icono-web-ibisana.png\",\"contentUrl\":\"https:\\\/\\\/www.ibisana.com\\\/wp-content\\\/uploads\\\/2022\\\/05\\\/cropped-Icono-web-ibisana.png\",\"width\":512,\"height\":512,\"caption\":\"Ibisana\"},\"image\":{\"@id\":\"https:\\\/\\\/www.ibisana.com\\\/#\\\/schema\\\/logo\\\/image\\\/\"},\"sameAs\":[\"https:\\\/\\\/facebook.com\\\/IbisanaTerapiasNaturales\",\"https:\\\/\\\/www.instagram.com\\\/ibi_sana\\\/\"]}]}<\/script>\n<!-- \/ Yoast SEO plugin. -->","yoast_head_json":{"title":"Sesion Osteopatia Ibiza | Ibisana","description":"With your osteopathy session in Ibiza, find the root cause of the imbalance in your body, treat it and regain your optimal health.","robots":{"index":"index","follow":"follow","max-snippet":"max-snippet:-1","max-image-preview":"max-image-preview:large","max-video-preview":"max-video-preview:-1"},"canonical":"https:\/\/www.ibisana.com\/ingles\/product-2\/sesion-osteopatia-ibiza\/","og_locale":"en_GB","og_type":"article","og_title":"Sesion Osteopatia Ibiza | Ibisana","og_description":"Con tu sesi\u00f3n de osteopat\u00eda en Ibiza, encuentra la causa primaria que provoca el desequilibrio en tu cuerpo, tr\u00e1tala y recupera tu estado \u00f3ptimo de salud.","og_url":"https:\/\/www.ibisana.com\/ingles\/product-2\/sesion-osteopatia-ibiza\/","og_site_name":"Ibisana","article_publisher":"https:\/\/facebook.com\/IbisanaTerapiasNaturales","article_modified_time":"2024-10-22T17:19:58+00:00","og_image":[{"width":950,"height":634,"url":"https:\/\/www.ibisana.com\/wp-content\/uploads\/osteopata-realizando-masaje-jpg.webp","type":"image\/jpeg"}],"twitter_card":"summary_large_image","twitter_misc":{"Estimated reading time":"1 minute"},"schema":{"@context":"https:\/\/schema.org","@graph":[{"@type":"WebPage","@id":"https:\/\/www.ibisana.com\/producto\/sesion-osteopatia-ibiza\/","url":"https:\/\/www.ibisana.com\/producto\/sesion-osteopatia-ibiza\/","name":"Sesion Osteopatia Ibiza | Ibisana","isPartOf":{"@id":"https:\/\/www.ibisana.com\/#website"},"primaryImageOfPage":{"@id":"https:\/\/www.ibisana.com\/producto\/sesion-osteopatia-ibiza\/#primaryimage"},"image":{"@id":"https:\/\/www.ibisana.com\/producto\/sesion-osteopatia-ibiza\/#primaryimage"},"thumbnailUrl":"https:\/\/www.ibisana.com\/wp-content\/uploads\/osteopata-realizando-masaje-jpg.webp","datePublished":"2024-06-24T04:30:04+00:00","dateModified":"2024-10-22T17:19:58+00:00","description":"With your osteopathy session in Ibiza, find the root cause of the imbalance in your body, treat it and regain your optimal health.","breadcrumb":{"@id":"https:\/\/www.ibisana.com\/producto\/sesion-osteopatia-ibiza\/#breadcrumb"},"inLanguage":"en-GB","potentialAction":[{"@type":"ReadAction","target":["https:\/\/www.ibisana.com\/producto\/sesion-osteopatia-ibiza\/"]}]},{"@type":"ImageObject","inLanguage":"en-GB","@id":"https:\/\/www.ibisana.com\/producto\/sesion-osteopatia-ibiza\/#primaryimage","url":"https:\/\/www.ibisana.com\/wp-content\/uploads\/osteopata-realizando-masaje-jpg.webp","contentUrl":"https:\/\/www.ibisana.com\/wp-content\/uploads\/osteopata-realizando-masaje-jpg.webp","width":950,"height":634,"caption":"osteopata realizando masaje"},{"@type":"BreadcrumbList","@id":"https:\/\/www.ibisana.com\/producto\/sesion-osteopatia-ibiza\/#breadcrumb","itemListElement":[{"@type":"ListItem","position":1,"name":"Portada","item":"https:\/\/www.ibisana.com\/"},{"@type":"ListItem","position":2,"name":"Productos","item":"https:\/\/www.ibisana.com\/shop\/"},{"@type":"ListItem","position":3,"name":"Sesion Osteopat\u00eda"}]},{"@type":"WebSite","@id":"https:\/\/www.ibisana.com\/#website","url":"https:\/\/www.ibisana.com\/","name":"Ibisana","description":"Natural Therapies and Holistic Courses in Ibiza","publisher":{"@id":"https:\/\/www.ibisana.com\/#organization"},"alternateName":"Terapias Naturales y Cursos Hol\u00edsticos en Ibiza","potentialAction":[{"@type":"SearchAction","target":{"@type":"EntryPoint","urlTemplate":"https:\/\/www.ibisana.com\/?s={search_term_string}"},"query-input":{"@type":"PropertyValueSpecification","valueRequired":true,"valueName":"search_term_string"}}],"inLanguage":"en-GB"},{"@type":"Organization","@id":"https:\/\/www.ibisana.com\/#organization","name":"Ibisana","url":"https:\/\/www.ibisana.com\/","logo":{"@type":"ImageObject","inLanguage":"en-GB","@id":"https:\/\/www.ibisana.com\/#\/schema\/logo\/image\/","url":"https:\/\/www.ibisana.com\/wp-content\/uploads\/2022\/05\/cropped-Icono-web-ibisana.png","contentUrl":"https:\/\/www.ibisana.com\/wp-content\/uploads\/2022\/05\/cropped-Icono-web-ibisana.png","width":512,"height":512,"caption":"Ibisana"},"image":{"@id":"https:\/\/www.ibisana.com\/#\/schema\/logo\/image\/"},"sameAs":["https:\/\/facebook.com\/IbisanaTerapiasNaturales","https:\/\/www.instagram.com\/ibi_sana\/"]}]}},"_links":{"self":[{"href":"https:\/\/www.ibisana.com\/ingles\/wp-json\/wp\/v2\/product\/8100","targetHints":{"allow":["GET"]}}],"collection":[{"href":"https:\/\/www.ibisana.com\/ingles\/wp-json\/wp\/v2\/product"}],"about":[{"href":"https:\/\/www.ibisana.com\/ingles\/wp-json\/wp\/v2\/types\/product"}],"replies":[{"embeddable":true,"href":"https:\/\/www.ibisana.com\/ingles\/wp-json\/wp\/v2\/comments?post=8100"}],"wp:featuredmedia":[{"embeddable":true,"href":"https:\/\/www.ibisana.com\/ingles\/wp-json\/wp\/v2\/media\/6805"}],"wp:attachment":[{"href":"https:\/\/www.ibisana.com\/ingles\/wp-json\/wp\/v2\/media?parent=8100"}],"wp:term":[{"taxonomy":"product_brand","embeddable":true,"href":"https:\/\/www.ibisana.com\/ingles\/wp-json\/wp\/v2\/product_brand?post=8100"},{"taxonomy":"product_cat","embeddable":true,"href":"https:\/\/www.ibisana.com\/ingles\/wp-json\/wp\/v2\/product_cat?post=8100"},{"taxonomy":"product_tag","embeddable":true,"href":"https:\/\/www.ibisana.com\/ingles\/wp-json\/wp\/v2\/product_tag?post=8100"}],"curies":[{"name":"wp","href":"https:\/\/api.w.org\/{rel}","templated":true}]}}