{"id":8095,"date":"2024-06-23T16:36:33","date_gmt":"2024-06-23T15:36:33","guid":{"rendered":"https:\/\/www.ibisana.com\/?post_type=product&#038;p=8095"},"modified":"2024-07-29T17:40:43","modified_gmt":"2024-07-29T16:40:43","slug":"reflexologia-thai","status":"publish","type":"product","link":"https:\/\/www.ibisana.com\/ingles\/producto\/reflexologia-thai\/","title":{"rendered":"Thai Reflexology"},"content":{"rendered":"<p>By applying pressure to specific points on the feet, hands and ears, the energy circulation is activated. The aim of this therapeutic technique is to relieve ailments, release tension and promote healing of the organs. Thai foot reflexology is an ancient therapeutic technique that is thousands of years old. <\/p>\n<p>Benefits:<br \/>\n- Stimulation of the immune system<br \/>\n- Stress relief<br \/>\n- Improves circulation<br \/>\n- Balance of the nervous system<\/p>\n<p><strong>Duration: 60 minutes<\/strong><\/p>","protected":false},"excerpt":{"rendered":"<p>By applying pressure to specific points on the feet, hands and ears, the energy circulation is activated. The aim of this therapeutic technique is to relieve ailments, release tension and promote healing of the organs. Thai foot reflexology is an ancient therapeutic technique that is thousands of years old. <\/p>\n<p>Benefits:<br \/>\n- Stimulation of the immune system<br \/>\n- Stress relief<br \/>\n- Improves circulation<br \/>\n- Balance of the nervous system<\/p>\n<p><strong>Duration: 60 minutes<\/strong><\/p>","protected":false},"featured_media":7627,"comment_status":"open","ping_status":"closed","template":"","meta":{"_joinchat":[]},"product_brand":[],"product_cat":[142],"product_tag":[],"class_list":{"0":"post-8095","1":"product","2":"type-product","3":"status-publish","4":"has-post-thumbnail","6":"product_cat-masaje","8":"first","9":"instock","10":"virtual","11":"taxable","12":"purchasable","13":"product-type-simple"},"yoast_head":"<!-- This site is optimized with the Yoast SEO plugin v27.4 - https:\/\/yoast.com\/product\/yoast-seo-wordpress\/ -->\n<title>Reflexologia Thai Ibiza | Ibisana<\/title>\n<meta name=\"description\" content=\"Mediante la presi\u00f3n en diferentes puntos espec\u00edficos de los pies, manos y orejas se logra activar la circulaci\u00f3n de energ\u00eda. Vis\u00edtanos para beneficiarte...\" \/>\n<meta name=\"robots\" content=\"index, follow, max-snippet:-1, max-image-preview:large, max-video-preview:-1\" \/>\n<link rel=\"canonical\" href=\"https:\/\/www.ibisana.com\/ingles\/product-2\/reflexologia-thai\/\" \/>\n<meta property=\"og:locale\" content=\"en_GB\" \/>\n<meta property=\"og:type\" content=\"article\" \/>\n<meta property=\"og:title\" content=\"Reflexologia Thai Ibiza | Ibisana\" \/>\n<meta property=\"og:description\" content=\"Mediante la presi\u00f3n en diferentes puntos espec\u00edficos de los pies, manos y orejas se logra activar la circulaci\u00f3n de energ\u00eda. Vis\u00edtanos para beneficiarte...\" \/>\n<meta property=\"og:url\" content=\"https:\/\/www.ibisana.com\/ingles\/product-2\/reflexologia-thai\/\" \/>\n<meta property=\"og:site_name\" content=\"Ibisana\" \/>\n<meta property=\"article:publisher\" content=\"https:\/\/facebook.com\/IbisanaTerapiasNaturales\" \/>\n<meta property=\"article:modified_time\" content=\"2024-07-29T16:40:43+00:00\" \/>\n<meta property=\"og:image\" content=\"https:\/\/www.ibisana.com\/wp-content\/uploads\/REFLEXOLOGIA-THAI.png\" \/>\n\t<meta property=\"og:image:width\" content=\"810\" \/>\n\t<meta property=\"og:image:height\" content=\"810\" \/>\n\t<meta property=\"og:image:type\" content=\"image\/png\" \/>\n<meta name=\"twitter:card\" content=\"summary_large_image\" \/>\n<meta name=\"twitter:label1\" content=\"Estimated reading time\" \/>\n\t<meta name=\"twitter:data1\" content=\"1 minute\" \/>\n<script type=\"application\/ld+json\" class=\"yoast-schema-graph\">{\"@context\":\"https:\\\/\\\/schema.org\",\"@graph\":[{\"@type\":\"WebPage\",\"@id\":\"https:\\\/\\\/www.ibisana.com\\\/producto\\\/reflexologia-thai\\\/\",\"url\":\"https:\\\/\\\/www.ibisana.com\\\/producto\\\/reflexologia-thai\\\/\",\"name\":\"Reflexologia Thai Ibiza | Ibisana\",\"isPartOf\":{\"@id\":\"https:\\\/\\\/www.ibisana.com\\\/#website\"},\"primaryImageOfPage\":{\"@id\":\"https:\\\/\\\/www.ibisana.com\\\/producto\\\/reflexologia-thai\\\/#primaryimage\"},\"image\":{\"@id\":\"https:\\\/\\\/www.ibisana.com\\\/producto\\\/reflexologia-thai\\\/#primaryimage\"},\"thumbnailUrl\":\"https:\\\/\\\/www.ibisana.com\\\/wp-content\\\/uploads\\\/REFLEXOLOGIA-THAI.png\",\"datePublished\":\"2024-06-23T15:36:33+00:00\",\"dateModified\":\"2024-07-29T16:40:43+00:00\",\"description\":\"Mediante la presi\u00f3n en diferentes puntos espec\u00edficos de los pies, manos y orejas se logra activar la circulaci\u00f3n de energ\u00eda. Vis\u00edtanos para beneficiarte...\",\"breadcrumb\":{\"@id\":\"https:\\\/\\\/www.ibisana.com\\\/producto\\\/reflexologia-thai\\\/#breadcrumb\"},\"inLanguage\":\"en-GB\",\"potentialAction\":[{\"@type\":\"ReadAction\",\"target\":[\"https:\\\/\\\/www.ibisana.com\\\/producto\\\/reflexologia-thai\\\/\"]}]},{\"@type\":\"ImageObject\",\"inLanguage\":\"en-GB\",\"@id\":\"https:\\\/\\\/www.ibisana.com\\\/producto\\\/reflexologia-thai\\\/#primaryimage\",\"url\":\"https:\\\/\\\/www.ibisana.com\\\/wp-content\\\/uploads\\\/REFLEXOLOGIA-THAI.png\",\"contentUrl\":\"https:\\\/\\\/www.ibisana.com\\\/wp-content\\\/uploads\\\/REFLEXOLOGIA-THAI.png\",\"width\":810,\"height\":810,\"caption\":\"Reflexologia Thai\"},{\"@type\":\"BreadcrumbList\",\"@id\":\"https:\\\/\\\/www.ibisana.com\\\/producto\\\/reflexologia-thai\\\/#breadcrumb\",\"itemListElement\":[{\"@type\":\"ListItem\",\"position\":1,\"name\":\"Portada\",\"item\":\"https:\\\/\\\/www.ibisana.com\\\/\"},{\"@type\":\"ListItem\",\"position\":2,\"name\":\"Productos\",\"item\":\"https:\\\/\\\/www.ibisana.com\\\/shop\\\/\"},{\"@type\":\"ListItem\",\"position\":3,\"name\":\"Reflexologia Thai\"}]},{\"@type\":\"WebSite\",\"@id\":\"https:\\\/\\\/www.ibisana.com\\\/#website\",\"url\":\"https:\\\/\\\/www.ibisana.com\\\/\",\"name\":\"Ibisana\",\"description\":\"Terapias Naturales y Cursos Hol\u00edsticos en Ibiza\",\"publisher\":{\"@id\":\"https:\\\/\\\/www.ibisana.com\\\/#organization\"},\"alternateName\":\"Terapias Naturales y Cursos Hol\u00edsticos en Ibiza\",\"potentialAction\":[{\"@type\":\"SearchAction\",\"target\":{\"@type\":\"EntryPoint\",\"urlTemplate\":\"https:\\\/\\\/www.ibisana.com\\\/?s={search_term_string}\"},\"query-input\":{\"@type\":\"PropertyValueSpecification\",\"valueRequired\":true,\"valueName\":\"search_term_string\"}}],\"inLanguage\":\"en-GB\"},{\"@type\":\"Organization\",\"@id\":\"https:\\\/\\\/www.ibisana.com\\\/#organization\",\"name\":\"Ibisana\",\"url\":\"https:\\\/\\\/www.ibisana.com\\\/\",\"logo\":{\"@type\":\"ImageObject\",\"inLanguage\":\"en-GB\",\"@id\":\"https:\\\/\\\/www.ibisana.com\\\/#\\\/schema\\\/logo\\\/image\\\/\",\"url\":\"https:\\\/\\\/www.ibisana.com\\\/wp-content\\\/uploads\\\/2022\\\/05\\\/cropped-Icono-web-ibisana.png\",\"contentUrl\":\"https:\\\/\\\/www.ibisana.com\\\/wp-content\\\/uploads\\\/2022\\\/05\\\/cropped-Icono-web-ibisana.png\",\"width\":512,\"height\":512,\"caption\":\"Ibisana\"},\"image\":{\"@id\":\"https:\\\/\\\/www.ibisana.com\\\/#\\\/schema\\\/logo\\\/image\\\/\"},\"sameAs\":[\"https:\\\/\\\/facebook.com\\\/IbisanaTerapiasNaturales\",\"https:\\\/\\\/www.instagram.com\\\/ibi_sana\\\/\"]}]}<\/script>\n<!-- \/ Yoast SEO plugin. -->","yoast_head_json":{"title":"Reflexologia Thai Ibiza | Ibisana","description":"Mediante la presi\u00f3n en diferentes puntos espec\u00edficos de los pies, manos y orejas se logra activar la circulaci\u00f3n de energ\u00eda. Vis\u00edtanos para beneficiarte...","robots":{"index":"index","follow":"follow","max-snippet":"max-snippet:-1","max-image-preview":"max-image-preview:large","max-video-preview":"max-video-preview:-1"},"canonical":"https:\/\/www.ibisana.com\/ingles\/product-2\/reflexologia-thai\/","og_locale":"en_GB","og_type":"article","og_title":"Reflexologia Thai Ibiza | Ibisana","og_description":"Mediante la presi\u00f3n en diferentes puntos espec\u00edficos de los pies, manos y orejas se logra activar la circulaci\u00f3n de energ\u00eda. Vis\u00edtanos para beneficiarte...","og_url":"https:\/\/www.ibisana.com\/ingles\/product-2\/reflexologia-thai\/","og_site_name":"Ibisana","article_publisher":"https:\/\/facebook.com\/IbisanaTerapiasNaturales","article_modified_time":"2024-07-29T16:40:43+00:00","og_image":[{"width":810,"height":810,"url":"https:\/\/www.ibisana.com\/wp-content\/uploads\/REFLEXOLOGIA-THAI.png","type":"image\/png"}],"twitter_card":"summary_large_image","twitter_misc":{"Estimated reading time":"1 minute"},"schema":{"@context":"https:\/\/schema.org","@graph":[{"@type":"WebPage","@id":"https:\/\/www.ibisana.com\/producto\/reflexologia-thai\/","url":"https:\/\/www.ibisana.com\/producto\/reflexologia-thai\/","name":"Reflexologia Thai Ibiza | Ibisana","isPartOf":{"@id":"https:\/\/www.ibisana.com\/#website"},"primaryImageOfPage":{"@id":"https:\/\/www.ibisana.com\/producto\/reflexologia-thai\/#primaryimage"},"image":{"@id":"https:\/\/www.ibisana.com\/producto\/reflexologia-thai\/#primaryimage"},"thumbnailUrl":"https:\/\/www.ibisana.com\/wp-content\/uploads\/REFLEXOLOGIA-THAI.png","datePublished":"2024-06-23T15:36:33+00:00","dateModified":"2024-07-29T16:40:43+00:00","description":"Mediante la presi\u00f3n en diferentes puntos espec\u00edficos de los pies, manos y orejas se logra activar la circulaci\u00f3n de energ\u00eda. Vis\u00edtanos para beneficiarte...","breadcrumb":{"@id":"https:\/\/www.ibisana.com\/producto\/reflexologia-thai\/#breadcrumb"},"inLanguage":"en-GB","potentialAction":[{"@type":"ReadAction","target":["https:\/\/www.ibisana.com\/producto\/reflexologia-thai\/"]}]},{"@type":"ImageObject","inLanguage":"en-GB","@id":"https:\/\/www.ibisana.com\/producto\/reflexologia-thai\/#primaryimage","url":"https:\/\/www.ibisana.com\/wp-content\/uploads\/REFLEXOLOGIA-THAI.png","contentUrl":"https:\/\/www.ibisana.com\/wp-content\/uploads\/REFLEXOLOGIA-THAI.png","width":810,"height":810,"caption":"Reflexologia Thai"},{"@type":"BreadcrumbList","@id":"https:\/\/www.ibisana.com\/producto\/reflexologia-thai\/#breadcrumb","itemListElement":[{"@type":"ListItem","position":1,"name":"Portada","item":"https:\/\/www.ibisana.com\/"},{"@type":"ListItem","position":2,"name":"Productos","item":"https:\/\/www.ibisana.com\/shop\/"},{"@type":"ListItem","position":3,"name":"Reflexologia Thai"}]},{"@type":"WebSite","@id":"https:\/\/www.ibisana.com\/#website","url":"https:\/\/www.ibisana.com\/","name":"Ibisana","description":"Natural Therapies and Holistic Courses in Ibiza","publisher":{"@id":"https:\/\/www.ibisana.com\/#organization"},"alternateName":"Terapias Naturales y Cursos Hol\u00edsticos en Ibiza","potentialAction":[{"@type":"SearchAction","target":{"@type":"EntryPoint","urlTemplate":"https:\/\/www.ibisana.com\/?s={search_term_string}"},"query-input":{"@type":"PropertyValueSpecification","valueRequired":true,"valueName":"search_term_string"}}],"inLanguage":"en-GB"},{"@type":"Organization","@id":"https:\/\/www.ibisana.com\/#organization","name":"Ibisana","url":"https:\/\/www.ibisana.com\/","logo":{"@type":"ImageObject","inLanguage":"en-GB","@id":"https:\/\/www.ibisana.com\/#\/schema\/logo\/image\/","url":"https:\/\/www.ibisana.com\/wp-content\/uploads\/2022\/05\/cropped-Icono-web-ibisana.png","contentUrl":"https:\/\/www.ibisana.com\/wp-content\/uploads\/2022\/05\/cropped-Icono-web-ibisana.png","width":512,"height":512,"caption":"Ibisana"},"image":{"@id":"https:\/\/www.ibisana.com\/#\/schema\/logo\/image\/"},"sameAs":["https:\/\/facebook.com\/IbisanaTerapiasNaturales","https:\/\/www.instagram.com\/ibi_sana\/"]}]}},"_links":{"self":[{"href":"https:\/\/www.ibisana.com\/ingles\/wp-json\/wp\/v2\/product\/8095","targetHints":{"allow":["GET"]}}],"collection":[{"href":"https:\/\/www.ibisana.com\/ingles\/wp-json\/wp\/v2\/product"}],"about":[{"href":"https:\/\/www.ibisana.com\/ingles\/wp-json\/wp\/v2\/types\/product"}],"replies":[{"embeddable":true,"href":"https:\/\/www.ibisana.com\/ingles\/wp-json\/wp\/v2\/comments?post=8095"}],"wp:featuredmedia":[{"embeddable":true,"href":"https:\/\/www.ibisana.com\/ingles\/wp-json\/wp\/v2\/media\/7627"}],"wp:attachment":[{"href":"https:\/\/www.ibisana.com\/ingles\/wp-json\/wp\/v2\/media?parent=8095"}],"wp:term":[{"taxonomy":"product_brand","embeddable":true,"href":"https:\/\/www.ibisana.com\/ingles\/wp-json\/wp\/v2\/product_brand?post=8095"},{"taxonomy":"product_cat","embeddable":true,"href":"https:\/\/www.ibisana.com\/ingles\/wp-json\/wp\/v2\/product_cat?post=8095"},{"taxonomy":"product_tag","embeddable":true,"href":"https:\/\/www.ibisana.com\/ingles\/wp-json\/wp\/v2\/product_tag?post=8095"}],"curies":[{"name":"wp","href":"https:\/\/api.w.org\/{rel}","templated":true}]}}