{"id":8087,"date":"2024-06-23T16:20:33","date_gmt":"2024-06-23T15:20:33","guid":{"rendered":"https:\/\/www.ibisana.com\/?post_type=product&#038;p=8087"},"modified":"2024-07-17T10:54:46","modified_gmt":"2024-07-17T09:54:46","slug":"lnt-presencial-sesion","status":"publish","type":"product","link":"https:\/\/www.ibisana.com\/ingles\/producto\/lnt-presencial-sesion\/","title":{"rendered":"A face-to-face LNT Session"},"content":{"rendered":"<p>A session in our Ibisana centre in which we will fundamentally work on your ailments through the three axes of the body: the physical, the energetic or emotional and the spiritual. The session can be repeated every 2 weeks.<\/p>\n<p><strong>Duration:<\/strong> 60 minutes<\/p>\n<p>\ud83d\udd38Special discounts:<\/p>\n<p>Junior,<\/strong> between 0 and 17 years old<br \/>\nSenior<\/strong>over 66 you are <\/p>\n<p>Special discounts at the moment of making your PAYMENT, with the <strong>CODE<\/strong>:<\/p>\n<p><strong>- SENIOR50<br \/>\n- JUNIOR50<\/strong><\/p>","protected":false},"excerpt":{"rendered":"<p>A session in our Ibisana centre in which we will fundamentally work on your ailments through the three axes of the body: the physical, the energetic or emotional and the spiritual. The session can be repeated every 2 weeks.<\/p>\n<p><strong>Duration:<\/strong> 60 minutes<\/p>\n<p>\ud83d\udd38Special discounts:<\/p>\n<p>Junior,<\/strong> between 0 and 17 years old<br \/>\nSenior<\/strong>over 66 you are <\/p>\n<p>Special discounts at the moment of making your PAYMENT, with the <strong>CODE<\/strong>:<\/p>\n<p><strong>- SENIOR50<br \/>\n- JUNIOR50<\/strong><\/p>","protected":false},"featured_media":7110,"comment_status":"open","ping_status":"closed","template":"","meta":{"_joinchat":[]},"product_brand":[],"product_cat":[139],"product_tag":[],"class_list":{"0":"post-8087","1":"product","2":"type-product","3":"status-publish","4":"has-post-thumbnail","6":"product_cat-lnt","8":"first","9":"instock","10":"virtual","11":"taxable","12":"purchasable","13":"product-type-simple"},"yoast_head":"<!-- This site is optimized with the Yoast SEO plugin v27.4 - https:\/\/yoast.com\/product\/yoast-seo-wordpress\/ -->\n<title>Sesi\u00f3n LNT Presencial<\/title>\n<meta name=\"robots\" content=\"noindex, nofollow\" \/>\n<meta property=\"og:locale\" content=\"en_GB\" \/>\n<meta property=\"og:type\" content=\"article\" \/>\n<meta property=\"og:title\" content=\"Sesi\u00f3n LNT Presencial\" \/>\n<meta property=\"og:description\" content=\"Una sesi\u00f3n en nuestro centro Ibisana en la cual trabajaremos fundamentalmente tus dolencias a trav\u00e9s de los tres ejes del cuerpo: el f\u00edsico, el energ\u00e9tico o emocional y el espiritual. La sesi\u00f3n se puede repetir cada 2 semanas.  Duraci\u00f3n: 60 minutos  \ud83d\udd38Descuentos especiales:   Junior, entre 0 i 17 a\u00f1os  Senior, mayor de 66 tienes   Descuentos especiales en el momento de efectuar tu PAGO, con el C\u00d3DIGO:  - SENIOR50 - JUNIOR50\" \/>\n<meta property=\"og:url\" content=\"https:\/\/www.ibisana.com\/ingles\/product-2\/lnt-presencial-sesion\/\" \/>\n<meta property=\"og:site_name\" content=\"Ibisana\" \/>\n<meta property=\"article:publisher\" content=\"https:\/\/facebook.com\/IbisanaTerapiasNaturales\" \/>\n<meta property=\"article:modified_time\" content=\"2024-07-17T09:54:46+00:00\" \/>\n<meta property=\"og:image\" content=\"https:\/\/www.ibisana.com\/wp-content\/uploads\/17.png\" \/>\n\t<meta property=\"og:image:width\" content=\"540\" \/>\n\t<meta property=\"og:image:height\" content=\"540\" \/>\n\t<meta property=\"og:image:type\" content=\"image\/png\" \/>\n<meta name=\"twitter:card\" content=\"summary_large_image\" \/>\n<meta name=\"twitter:label1\" content=\"Estimated reading time\" \/>\n\t<meta name=\"twitter:data1\" content=\"1 minute\" \/>\n<script type=\"application\/ld+json\" class=\"yoast-schema-graph\">{\"@context\":\"https:\\\/\\\/schema.org\",\"@graph\":[{\"@type\":\"WebPage\",\"@id\":\"https:\\\/\\\/www.ibisana.com\\\/producto\\\/lnt-presencial-sesion\\\/\",\"url\":\"https:\\\/\\\/www.ibisana.com\\\/producto\\\/lnt-presencial-sesion\\\/\",\"name\":\"Sesi\u00f3n LNT Presencial\",\"isPartOf\":{\"@id\":\"https:\\\/\\\/www.ibisana.com\\\/#website\"},\"primaryImageOfPage\":{\"@id\":\"https:\\\/\\\/www.ibisana.com\\\/producto\\\/lnt-presencial-sesion\\\/#primaryimage\"},\"image\":{\"@id\":\"https:\\\/\\\/www.ibisana.com\\\/producto\\\/lnt-presencial-sesion\\\/#primaryimage\"},\"thumbnailUrl\":\"https:\\\/\\\/www.ibisana.com\\\/wp-content\\\/uploads\\\/17.png\",\"datePublished\":\"2024-06-23T15:20:33+00:00\",\"dateModified\":\"2024-07-17T09:54:46+00:00\",\"breadcrumb\":{\"@id\":\"https:\\\/\\\/www.ibisana.com\\\/producto\\\/lnt-presencial-sesion\\\/#breadcrumb\"},\"inLanguage\":\"en-GB\",\"potentialAction\":[{\"@type\":\"ReadAction\",\"target\":[\"https:\\\/\\\/www.ibisana.com\\\/producto\\\/lnt-presencial-sesion\\\/\"]}]},{\"@type\":\"ImageObject\",\"inLanguage\":\"en-GB\",\"@id\":\"https:\\\/\\\/www.ibisana.com\\\/producto\\\/lnt-presencial-sesion\\\/#primaryimage\",\"url\":\"https:\\\/\\\/www.ibisana.com\\\/wp-content\\\/uploads\\\/17.png\",\"contentUrl\":\"https:\\\/\\\/www.ibisana.com\\\/wp-content\\\/uploads\\\/17.png\",\"width\":540,\"height\":540,\"caption\":\"Sesi\u00f3n LNT Presencial\"},{\"@type\":\"BreadcrumbList\",\"@id\":\"https:\\\/\\\/www.ibisana.com\\\/producto\\\/lnt-presencial-sesion\\\/#breadcrumb\",\"itemListElement\":[{\"@type\":\"ListItem\",\"position\":1,\"name\":\"Portada\",\"item\":\"https:\\\/\\\/www.ibisana.com\\\/\"},{\"@type\":\"ListItem\",\"position\":2,\"name\":\"Productos\",\"item\":\"https:\\\/\\\/www.ibisana.com\\\/shop\\\/\"},{\"@type\":\"ListItem\",\"position\":3,\"name\":\"Una Sesi\u00f3n LNT presencial\"}]},{\"@type\":\"WebSite\",\"@id\":\"https:\\\/\\\/www.ibisana.com\\\/#website\",\"url\":\"https:\\\/\\\/www.ibisana.com\\\/\",\"name\":\"Ibisana\",\"description\":\"Terapias Naturales y Cursos Hol\u00edsticos en Ibiza\",\"publisher\":{\"@id\":\"https:\\\/\\\/www.ibisana.com\\\/#organization\"},\"alternateName\":\"Terapias Naturales y Cursos Hol\u00edsticos en Ibiza\",\"potentialAction\":[{\"@type\":\"SearchAction\",\"target\":{\"@type\":\"EntryPoint\",\"urlTemplate\":\"https:\\\/\\\/www.ibisana.com\\\/?s={search_term_string}\"},\"query-input\":{\"@type\":\"PropertyValueSpecification\",\"valueRequired\":true,\"valueName\":\"search_term_string\"}}],\"inLanguage\":\"en-GB\"},{\"@type\":\"Organization\",\"@id\":\"https:\\\/\\\/www.ibisana.com\\\/#organization\",\"name\":\"Ibisana\",\"url\":\"https:\\\/\\\/www.ibisana.com\\\/\",\"logo\":{\"@type\":\"ImageObject\",\"inLanguage\":\"en-GB\",\"@id\":\"https:\\\/\\\/www.ibisana.com\\\/#\\\/schema\\\/logo\\\/image\\\/\",\"url\":\"https:\\\/\\\/www.ibisana.com\\\/wp-content\\\/uploads\\\/2022\\\/05\\\/cropped-Icono-web-ibisana.png\",\"contentUrl\":\"https:\\\/\\\/www.ibisana.com\\\/wp-content\\\/uploads\\\/2022\\\/05\\\/cropped-Icono-web-ibisana.png\",\"width\":512,\"height\":512,\"caption\":\"Ibisana\"},\"image\":{\"@id\":\"https:\\\/\\\/www.ibisana.com\\\/#\\\/schema\\\/logo\\\/image\\\/\"},\"sameAs\":[\"https:\\\/\\\/facebook.com\\\/IbisanaTerapiasNaturales\",\"https:\\\/\\\/www.instagram.com\\\/ibi_sana\\\/\"]}]}<\/script>\n<!-- \/ Yoast SEO plugin. -->","yoast_head_json":{"title":"Sesi\u00f3n LNT Presencial","robots":{"index":"noindex","follow":"nofollow"},"og_locale":"en_GB","og_type":"article","og_title":"Sesi\u00f3n LNT Presencial","og_description":"Una sesi\u00f3n en nuestro centro Ibisana en la cual trabajaremos fundamentalmente tus dolencias a trav\u00e9s de los tres ejes del cuerpo: el f\u00edsico, el energ\u00e9tico o emocional y el espiritual. La sesi\u00f3n se puede repetir cada 2 semanas.  Duraci\u00f3n: 60 minutos  \ud83d\udd38Descuentos especiales:   Junior, entre 0 i 17 a\u00f1os  Senior, mayor de 66 tienes   Descuentos especiales en el momento de efectuar tu PAGO, con el C\u00d3DIGO:  - SENIOR50 - JUNIOR50","og_url":"https:\/\/www.ibisana.com\/ingles\/product-2\/lnt-presencial-sesion\/","og_site_name":"Ibisana","article_publisher":"https:\/\/facebook.com\/IbisanaTerapiasNaturales","article_modified_time":"2024-07-17T09:54:46+00:00","og_image":[{"width":540,"height":540,"url":"https:\/\/www.ibisana.com\/wp-content\/uploads\/17.png","type":"image\/png"}],"twitter_card":"summary_large_image","twitter_misc":{"Estimated reading time":"1 minute"},"schema":{"@context":"https:\/\/schema.org","@graph":[{"@type":"WebPage","@id":"https:\/\/www.ibisana.com\/producto\/lnt-presencial-sesion\/","url":"https:\/\/www.ibisana.com\/producto\/lnt-presencial-sesion\/","name":"Sesi\u00f3n LNT Presencial","isPartOf":{"@id":"https:\/\/www.ibisana.com\/#website"},"primaryImageOfPage":{"@id":"https:\/\/www.ibisana.com\/producto\/lnt-presencial-sesion\/#primaryimage"},"image":{"@id":"https:\/\/www.ibisana.com\/producto\/lnt-presencial-sesion\/#primaryimage"},"thumbnailUrl":"https:\/\/www.ibisana.com\/wp-content\/uploads\/17.png","datePublished":"2024-06-23T15:20:33+00:00","dateModified":"2024-07-17T09:54:46+00:00","breadcrumb":{"@id":"https:\/\/www.ibisana.com\/producto\/lnt-presencial-sesion\/#breadcrumb"},"inLanguage":"en-GB","potentialAction":[{"@type":"ReadAction","target":["https:\/\/www.ibisana.com\/producto\/lnt-presencial-sesion\/"]}]},{"@type":"ImageObject","inLanguage":"en-GB","@id":"https:\/\/www.ibisana.com\/producto\/lnt-presencial-sesion\/#primaryimage","url":"https:\/\/www.ibisana.com\/wp-content\/uploads\/17.png","contentUrl":"https:\/\/www.ibisana.com\/wp-content\/uploads\/17.png","width":540,"height":540,"caption":"Sesi\u00f3n LNT Presencial"},{"@type":"BreadcrumbList","@id":"https:\/\/www.ibisana.com\/producto\/lnt-presencial-sesion\/#breadcrumb","itemListElement":[{"@type":"ListItem","position":1,"name":"Portada","item":"https:\/\/www.ibisana.com\/"},{"@type":"ListItem","position":2,"name":"Productos","item":"https:\/\/www.ibisana.com\/shop\/"},{"@type":"ListItem","position":3,"name":"Una Sesi\u00f3n LNT presencial"}]},{"@type":"WebSite","@id":"https:\/\/www.ibisana.com\/#website","url":"https:\/\/www.ibisana.com\/","name":"Ibisana","description":"Natural Therapies and Holistic Courses in Ibiza","publisher":{"@id":"https:\/\/www.ibisana.com\/#organization"},"alternateName":"Terapias Naturales y Cursos Hol\u00edsticos en Ibiza","potentialAction":[{"@type":"SearchAction","target":{"@type":"EntryPoint","urlTemplate":"https:\/\/www.ibisana.com\/?s={search_term_string}"},"query-input":{"@type":"PropertyValueSpecification","valueRequired":true,"valueName":"search_term_string"}}],"inLanguage":"en-GB"},{"@type":"Organization","@id":"https:\/\/www.ibisana.com\/#organization","name":"Ibisana","url":"https:\/\/www.ibisana.com\/","logo":{"@type":"ImageObject","inLanguage":"en-GB","@id":"https:\/\/www.ibisana.com\/#\/schema\/logo\/image\/","url":"https:\/\/www.ibisana.com\/wp-content\/uploads\/2022\/05\/cropped-Icono-web-ibisana.png","contentUrl":"https:\/\/www.ibisana.com\/wp-content\/uploads\/2022\/05\/cropped-Icono-web-ibisana.png","width":512,"height":512,"caption":"Ibisana"},"image":{"@id":"https:\/\/www.ibisana.com\/#\/schema\/logo\/image\/"},"sameAs":["https:\/\/facebook.com\/IbisanaTerapiasNaturales","https:\/\/www.instagram.com\/ibi_sana\/"]}]}},"_links":{"self":[{"href":"https:\/\/www.ibisana.com\/ingles\/wp-json\/wp\/v2\/product\/8087","targetHints":{"allow":["GET"]}}],"collection":[{"href":"https:\/\/www.ibisana.com\/ingles\/wp-json\/wp\/v2\/product"}],"about":[{"href":"https:\/\/www.ibisana.com\/ingles\/wp-json\/wp\/v2\/types\/product"}],"replies":[{"embeddable":true,"href":"https:\/\/www.ibisana.com\/ingles\/wp-json\/wp\/v2\/comments?post=8087"}],"wp:featuredmedia":[{"embeddable":true,"href":"https:\/\/www.ibisana.com\/ingles\/wp-json\/wp\/v2\/media\/7110"}],"wp:attachment":[{"href":"https:\/\/www.ibisana.com\/ingles\/wp-json\/wp\/v2\/media?parent=8087"}],"wp:term":[{"taxonomy":"product_brand","embeddable":true,"href":"https:\/\/www.ibisana.com\/ingles\/wp-json\/wp\/v2\/product_brand?post=8087"},{"taxonomy":"product_cat","embeddable":true,"href":"https:\/\/www.ibisana.com\/ingles\/wp-json\/wp\/v2\/product_cat?post=8087"},{"taxonomy":"product_tag","embeddable":true,"href":"https:\/\/www.ibisana.com\/ingles\/wp-json\/wp\/v2\/product_tag?post=8087"}],"curies":[{"name":"wp","href":"https:\/\/api.w.org\/{rel}","templated":true}]}}