{"id":8083,"date":"2024-06-23T16:09:56","date_gmt":"2024-06-23T15:09:56","guid":{"rendered":"https:\/\/www.ibisana.com\/?post_type=product&#038;p=8083"},"modified":"2024-10-22T18:00:05","modified_gmt":"2024-10-22T17:00:05","slug":"estudio-nutricional-energetico","status":"publish","type":"product","link":"https:\/\/www.ibisana.com\/ingles\/producto\/estudio-nutricional-energetico\/","title":{"rendered":"Nutritional Energy Study"},"content":{"rendered":"<p>A nutritional energy assessment is a comprehensive evaluation of how your body uses and metabolises the nutrients and energy you consume. This type of study focuses not only on the amount of calories you eat, but also on the quality of the nutrients and how they affect your overall health and well-being.<\/p>\n<p>Do you need to change your diet due to overweight, allergies, intolerances, sports diets, diabetes or other situations? Find out which foods or supplementation are aligned with your purpose through a detailed energetic study. Stop searching and let your therapist guide you through their knowledge of dowsing.<\/p>","protected":false},"excerpt":{"rendered":"<p>A nutritional energy assessment is a comprehensive evaluation of how your body uses and metabolises the nutrients and energy you consume. This type of study focuses not only on the amount of calories you eat, but also on the quality of the nutrients and how they affect your overall health and well-being.<\/p>\n<p>Do you need to change your diet due to overweight, allergies, intolerances, sports diets, diabetes or other situations? Find out which foods or supplementation are aligned with your purpose through a detailed energetic study. Stop searching and let your therapist guide you through their knowledge of dowsing.<\/p>","protected":false},"featured_media":7103,"comment_status":"open","ping_status":"closed","template":"","meta":{"_joinchat":[]},"product_brand":[],"product_cat":[143],"product_tag":[],"class_list":{"0":"post-8083","1":"product","2":"type-product","3":"status-publish","4":"has-post-thumbnail","6":"product_cat-tratamientos-especificos","8":"first","9":"instock","10":"virtual","11":"taxable","12":"purchasable","13":"product-type-simple"},"yoast_head":"<!-- This site is optimized with the Yoast SEO plugin v27.4 - https:\/\/yoast.com\/product\/yoast-seo-wordpress\/ -->\n<title>Estudio Nutricional Energ\u00e9tico Ibiza | Ibisana<\/title>\n<meta name=\"description\" content=\"Evaluaci\u00f3n integral que analiza c\u00f3mo tu cuerpo utiliza y metaboliza los nutrientes y la energ\u00eda que consumes. Este tipo de estudio no solo se enfoca...\" \/>\n<meta name=\"robots\" content=\"index, follow, max-snippet:-1, max-image-preview:large, max-video-preview:-1\" \/>\n<link rel=\"canonical\" href=\"https:\/\/www.ibisana.com\/ingles\/product-2\/estudio-nutricional-energetico\/\" \/>\n<meta property=\"og:locale\" content=\"en_GB\" \/>\n<meta property=\"og:type\" content=\"article\" \/>\n<meta property=\"og:title\" content=\"Estudio Nutricional Energ\u00e9tico Ibiza | Ibisana\" \/>\n<meta property=\"og:description\" content=\"Evaluaci\u00f3n integral que analiza c\u00f3mo tu cuerpo utiliza y metaboliza los nutrientes y la energ\u00eda que consumes. Este tipo de estudio no solo se enfoca...\" \/>\n<meta property=\"og:url\" content=\"https:\/\/www.ibisana.com\/ingles\/product-2\/estudio-nutricional-energetico\/\" \/>\n<meta property=\"og:site_name\" content=\"Ibisana\" \/>\n<meta property=\"article:publisher\" content=\"https:\/\/facebook.com\/IbisanaTerapiasNaturales\" \/>\n<meta property=\"article:modified_time\" content=\"2024-10-22T17:00:05+00:00\" \/>\n<meta property=\"og:image\" content=\"https:\/\/www.ibisana.com\/wp-content\/uploads\/10-1.png\" \/>\n\t<meta property=\"og:image:width\" content=\"540\" \/>\n\t<meta property=\"og:image:height\" content=\"540\" \/>\n\t<meta property=\"og:image:type\" content=\"image\/png\" \/>\n<meta name=\"twitter:card\" content=\"summary_large_image\" \/>\n<meta name=\"twitter:label1\" content=\"Estimated reading time\" \/>\n\t<meta name=\"twitter:data1\" content=\"1 minute\" \/>\n<script type=\"application\/ld+json\" class=\"yoast-schema-graph\">{\"@context\":\"https:\\\/\\\/schema.org\",\"@graph\":[{\"@type\":\"WebPage\",\"@id\":\"https:\\\/\\\/www.ibisana.com\\\/producto\\\/estudio-nutricional-energetico\\\/\",\"url\":\"https:\\\/\\\/www.ibisana.com\\\/producto\\\/estudio-nutricional-energetico\\\/\",\"name\":\"Estudio Nutricional Energ\u00e9tico Ibiza | Ibisana\",\"isPartOf\":{\"@id\":\"https:\\\/\\\/www.ibisana.com\\\/#website\"},\"primaryImageOfPage\":{\"@id\":\"https:\\\/\\\/www.ibisana.com\\\/producto\\\/estudio-nutricional-energetico\\\/#primaryimage\"},\"image\":{\"@id\":\"https:\\\/\\\/www.ibisana.com\\\/producto\\\/estudio-nutricional-energetico\\\/#primaryimage\"},\"thumbnailUrl\":\"https:\\\/\\\/www.ibisana.com\\\/wp-content\\\/uploads\\\/10-1.png\",\"datePublished\":\"2024-06-23T15:09:56+00:00\",\"dateModified\":\"2024-10-22T17:00:05+00:00\",\"description\":\"Evaluaci\u00f3n integral que analiza c\u00f3mo tu cuerpo utiliza y metaboliza los nutrientes y la energ\u00eda que consumes. Este tipo de estudio no solo se enfoca...\",\"breadcrumb\":{\"@id\":\"https:\\\/\\\/www.ibisana.com\\\/producto\\\/estudio-nutricional-energetico\\\/#breadcrumb\"},\"inLanguage\":\"en-GB\",\"potentialAction\":[{\"@type\":\"ReadAction\",\"target\":[\"https:\\\/\\\/www.ibisana.com\\\/producto\\\/estudio-nutricional-energetico\\\/\"]}]},{\"@type\":\"ImageObject\",\"inLanguage\":\"en-GB\",\"@id\":\"https:\\\/\\\/www.ibisana.com\\\/producto\\\/estudio-nutricional-energetico\\\/#primaryimage\",\"url\":\"https:\\\/\\\/www.ibisana.com\\\/wp-content\\\/uploads\\\/10-1.png\",\"contentUrl\":\"https:\\\/\\\/www.ibisana.com\\\/wp-content\\\/uploads\\\/10-1.png\",\"width\":540,\"height\":540,\"caption\":\"Estudio Nutricional Energetico\"},{\"@type\":\"BreadcrumbList\",\"@id\":\"https:\\\/\\\/www.ibisana.com\\\/producto\\\/estudio-nutricional-energetico\\\/#breadcrumb\",\"itemListElement\":[{\"@type\":\"ListItem\",\"position\":1,\"name\":\"Portada\",\"item\":\"https:\\\/\\\/www.ibisana.com\\\/\"},{\"@type\":\"ListItem\",\"position\":2,\"name\":\"Productos\",\"item\":\"https:\\\/\\\/www.ibisana.com\\\/shop\\\/\"},{\"@type\":\"ListItem\",\"position\":3,\"name\":\"Estudio Nutricional Energ\u00e9tico\"}]},{\"@type\":\"WebSite\",\"@id\":\"https:\\\/\\\/www.ibisana.com\\\/#website\",\"url\":\"https:\\\/\\\/www.ibisana.com\\\/\",\"name\":\"Ibisana\",\"description\":\"Terapias Naturales y Cursos Hol\u00edsticos en Ibiza\",\"publisher\":{\"@id\":\"https:\\\/\\\/www.ibisana.com\\\/#organization\"},\"alternateName\":\"Terapias Naturales y Cursos Hol\u00edsticos en Ibiza\",\"potentialAction\":[{\"@type\":\"SearchAction\",\"target\":{\"@type\":\"EntryPoint\",\"urlTemplate\":\"https:\\\/\\\/www.ibisana.com\\\/?s={search_term_string}\"},\"query-input\":{\"@type\":\"PropertyValueSpecification\",\"valueRequired\":true,\"valueName\":\"search_term_string\"}}],\"inLanguage\":\"en-GB\"},{\"@type\":\"Organization\",\"@id\":\"https:\\\/\\\/www.ibisana.com\\\/#organization\",\"name\":\"Ibisana\",\"url\":\"https:\\\/\\\/www.ibisana.com\\\/\",\"logo\":{\"@type\":\"ImageObject\",\"inLanguage\":\"en-GB\",\"@id\":\"https:\\\/\\\/www.ibisana.com\\\/#\\\/schema\\\/logo\\\/image\\\/\",\"url\":\"https:\\\/\\\/www.ibisana.com\\\/wp-content\\\/uploads\\\/2022\\\/05\\\/cropped-Icono-web-ibisana.png\",\"contentUrl\":\"https:\\\/\\\/www.ibisana.com\\\/wp-content\\\/uploads\\\/2022\\\/05\\\/cropped-Icono-web-ibisana.png\",\"width\":512,\"height\":512,\"caption\":\"Ibisana\"},\"image\":{\"@id\":\"https:\\\/\\\/www.ibisana.com\\\/#\\\/schema\\\/logo\\\/image\\\/\"},\"sameAs\":[\"https:\\\/\\\/facebook.com\\\/IbisanaTerapiasNaturales\",\"https:\\\/\\\/www.instagram.com\\\/ibi_sana\\\/\"]}]}<\/script>\n<!-- \/ Yoast SEO plugin. -->","yoast_head_json":{"title":"Nutritional Energy Study Ibiza | Ibisana","description":"Comprehensive evaluation that analyzes how your body uses and metabolizes the nutrients and energy you consume. This type of study not only focuses...","robots":{"index":"index","follow":"follow","max-snippet":"max-snippet:-1","max-image-preview":"max-image-preview:large","max-video-preview":"max-video-preview:-1"},"canonical":"https:\/\/www.ibisana.com\/ingles\/product-2\/estudio-nutricional-energetico\/","og_locale":"en_GB","og_type":"article","og_title":"Estudio Nutricional Energ\u00e9tico Ibiza | Ibisana","og_description":"Evaluaci\u00f3n integral que analiza c\u00f3mo tu cuerpo utiliza y metaboliza los nutrientes y la energ\u00eda que consumes. Este tipo de estudio no solo se enfoca...","og_url":"https:\/\/www.ibisana.com\/ingles\/product-2\/estudio-nutricional-energetico\/","og_site_name":"Ibisana","article_publisher":"https:\/\/facebook.com\/IbisanaTerapiasNaturales","article_modified_time":"2024-10-22T17:00:05+00:00","og_image":[{"width":540,"height":540,"url":"https:\/\/www.ibisana.com\/wp-content\/uploads\/10-1.png","type":"image\/png"}],"twitter_card":"summary_large_image","twitter_misc":{"Estimated reading time":"1 minute"},"schema":{"@context":"https:\/\/schema.org","@graph":[{"@type":"WebPage","@id":"https:\/\/www.ibisana.com\/producto\/estudio-nutricional-energetico\/","url":"https:\/\/www.ibisana.com\/producto\/estudio-nutricional-energetico\/","name":"Nutritional Energy Study Ibiza | Ibisana","isPartOf":{"@id":"https:\/\/www.ibisana.com\/#website"},"primaryImageOfPage":{"@id":"https:\/\/www.ibisana.com\/producto\/estudio-nutricional-energetico\/#primaryimage"},"image":{"@id":"https:\/\/www.ibisana.com\/producto\/estudio-nutricional-energetico\/#primaryimage"},"thumbnailUrl":"https:\/\/www.ibisana.com\/wp-content\/uploads\/10-1.png","datePublished":"2024-06-23T15:09:56+00:00","dateModified":"2024-10-22T17:00:05+00:00","description":"Comprehensive evaluation that analyzes how your body uses and metabolizes the nutrients and energy you consume. This type of study not only focuses...","breadcrumb":{"@id":"https:\/\/www.ibisana.com\/producto\/estudio-nutricional-energetico\/#breadcrumb"},"inLanguage":"en-GB","potentialAction":[{"@type":"ReadAction","target":["https:\/\/www.ibisana.com\/producto\/estudio-nutricional-energetico\/"]}]},{"@type":"ImageObject","inLanguage":"en-GB","@id":"https:\/\/www.ibisana.com\/producto\/estudio-nutricional-energetico\/#primaryimage","url":"https:\/\/www.ibisana.com\/wp-content\/uploads\/10-1.png","contentUrl":"https:\/\/www.ibisana.com\/wp-content\/uploads\/10-1.png","width":540,"height":540,"caption":"Estudio Nutricional Energetico"},{"@type":"BreadcrumbList","@id":"https:\/\/www.ibisana.com\/producto\/estudio-nutricional-energetico\/#breadcrumb","itemListElement":[{"@type":"ListItem","position":1,"name":"Portada","item":"https:\/\/www.ibisana.com\/"},{"@type":"ListItem","position":2,"name":"Productos","item":"https:\/\/www.ibisana.com\/shop\/"},{"@type":"ListItem","position":3,"name":"Estudio Nutricional Energ\u00e9tico"}]},{"@type":"WebSite","@id":"https:\/\/www.ibisana.com\/#website","url":"https:\/\/www.ibisana.com\/","name":"Ibisana","description":"Natural Therapies and Holistic Courses in Ibiza","publisher":{"@id":"https:\/\/www.ibisana.com\/#organization"},"alternateName":"Terapias Naturales y Cursos Hol\u00edsticos en Ibiza","potentialAction":[{"@type":"SearchAction","target":{"@type":"EntryPoint","urlTemplate":"https:\/\/www.ibisana.com\/?s={search_term_string}"},"query-input":{"@type":"PropertyValueSpecification","valueRequired":true,"valueName":"search_term_string"}}],"inLanguage":"en-GB"},{"@type":"Organization","@id":"https:\/\/www.ibisana.com\/#organization","name":"Ibisana","url":"https:\/\/www.ibisana.com\/","logo":{"@type":"ImageObject","inLanguage":"en-GB","@id":"https:\/\/www.ibisana.com\/#\/schema\/logo\/image\/","url":"https:\/\/www.ibisana.com\/wp-content\/uploads\/2022\/05\/cropped-Icono-web-ibisana.png","contentUrl":"https:\/\/www.ibisana.com\/wp-content\/uploads\/2022\/05\/cropped-Icono-web-ibisana.png","width":512,"height":512,"caption":"Ibisana"},"image":{"@id":"https:\/\/www.ibisana.com\/#\/schema\/logo\/image\/"},"sameAs":["https:\/\/facebook.com\/IbisanaTerapiasNaturales","https:\/\/www.instagram.com\/ibi_sana\/"]}]}},"_links":{"self":[{"href":"https:\/\/www.ibisana.com\/ingles\/wp-json\/wp\/v2\/product\/8083","targetHints":{"allow":["GET"]}}],"collection":[{"href":"https:\/\/www.ibisana.com\/ingles\/wp-json\/wp\/v2\/product"}],"about":[{"href":"https:\/\/www.ibisana.com\/ingles\/wp-json\/wp\/v2\/types\/product"}],"replies":[{"embeddable":true,"href":"https:\/\/www.ibisana.com\/ingles\/wp-json\/wp\/v2\/comments?post=8083"}],"wp:featuredmedia":[{"embeddable":true,"href":"https:\/\/www.ibisana.com\/ingles\/wp-json\/wp\/v2\/media\/7103"}],"wp:attachment":[{"href":"https:\/\/www.ibisana.com\/ingles\/wp-json\/wp\/v2\/media?parent=8083"}],"wp:term":[{"taxonomy":"product_brand","embeddable":true,"href":"https:\/\/www.ibisana.com\/ingles\/wp-json\/wp\/v2\/product_brand?post=8083"},{"taxonomy":"product_cat","embeddable":true,"href":"https:\/\/www.ibisana.com\/ingles\/wp-json\/wp\/v2\/product_cat?post=8083"},{"taxonomy":"product_tag","embeddable":true,"href":"https:\/\/www.ibisana.com\/ingles\/wp-json\/wp\/v2\/product_tag?post=8083"}],"curies":[{"name":"wp","href":"https:\/\/api.w.org\/{rel}","templated":true}]}}