{"id":7953,"date":"2024-06-22T15:37:48","date_gmt":"2024-06-22T14:37:48","guid":{"rendered":"https:\/\/www.ibisana.com\/?post_type=product&#038;p=7953"},"modified":"2025-05-28T09:53:07","modified_gmt":"2025-05-28T08:53:07","slug":"pack-lnt-a-distancia","status":"publish","type":"product","link":"https:\/\/www.ibisana.com\/ingles\/producto\/pack-lnt-a-distancia\/","title":{"rendered":"Remote LNT Pack"},"content":{"rendered":"<p style=\"text-align: justify;\">This <strong>Remote LNT Pack<\/strong> allows you to <strong>improve your physical and psychological well-being <\/strong>without worrying about financial obstacles. With it, you can take care of yourself whenever you need it, wherever you are.<\/p>\n<p><strong>Price:<\/strong> Includes <strong>5 weeks of treatment<\/strong> for only <strong>199 \u20ac<\/strong>.<\/p>","protected":false},"excerpt":{"rendered":"<p style=\"text-align: justify;\">This <strong>Remote LNT Pack<\/strong> allows you to <strong>improve your physical and psychological well-being <\/strong>without worrying about financial obstacles. With it, you can take care of yourself whenever you need it, wherever you are.<\/p>\n<p><strong>Price:<\/strong> Includes <strong>5 weeks of treatment<\/strong> for only <strong>199 \u20ac<\/strong>.<\/p>","protected":false},"featured_media":6712,"comment_status":"open","ping_status":"closed","template":"","meta":{"_joinchat":[]},"product_brand":[],"product_cat":[139],"product_tag":[],"class_list":{"0":"post-7953","1":"product","2":"type-product","3":"status-publish","4":"has-post-thumbnail","6":"product_cat-lnt","8":"first","9":"instock","10":"virtual","11":"taxable","12":"purchasable","13":"product-type-simple"},"yoast_head":"<!-- This site is optimized with the Yoast SEO plugin v27.4 - https:\/\/yoast.com\/product\/yoast-seo-wordpress\/ -->\n<title>Pack LNT a distancia - Ibisana<\/title>\n<meta name=\"robots\" content=\"index, follow, max-snippet:-1, max-image-preview:large, max-video-preview:-1\" \/>\n<link rel=\"canonical\" href=\"https:\/\/www.ibisana.com\/ingles\/product-2\/pack-lnt-a-distancia\/\" \/>\n<meta property=\"og:locale\" content=\"en_GB\" \/>\n<meta property=\"og:type\" content=\"article\" \/>\n<meta property=\"og:title\" content=\"Pack LNT a distancia - Ibisana\" \/>\n<meta property=\"og:description\" content=\"Este Pack LNT a distancia te permite mejorar tu bienestar f\u00edsico y psicol\u00f3gico sin preocuparte por obst\u00e1culos econ\u00f3micos. Con \u00e9l, podr\u00e1s cuidarte siempre que lo necesites, est\u00e9s donde est\u00e9s. Precio: Incluye 5 semanas de tratamiento por solo 199 \u20ac.\" \/>\n<meta property=\"og:url\" content=\"https:\/\/www.ibisana.com\/ingles\/product-2\/pack-lnt-a-distancia\/\" \/>\n<meta property=\"og:site_name\" content=\"Ibisana\" \/>\n<meta property=\"article:publisher\" content=\"https:\/\/facebook.com\/IbisanaTerapiasNaturales\" \/>\n<meta property=\"article:modified_time\" content=\"2025-05-28T08:53:07+00:00\" \/>\n<meta property=\"og:image\" content=\"https:\/\/www.ibisana.com\/wp-content\/uploads\/2024\/02\/Unknown.png\" \/>\n\t<meta property=\"og:image:width\" content=\"945\" \/>\n\t<meta property=\"og:image:height\" content=\"945\" \/>\n\t<meta property=\"og:image:type\" content=\"image\/png\" \/>\n<meta name=\"twitter:card\" content=\"summary_large_image\" \/>\n<meta name=\"twitter:label1\" content=\"Estimated reading time\" \/>\n\t<meta name=\"twitter:data1\" content=\"1 minute\" \/>\n<script type=\"application\/ld+json\" class=\"yoast-schema-graph\">{\"@context\":\"https:\\\/\\\/schema.org\",\"@graph\":[{\"@type\":\"WebPage\",\"@id\":\"https:\\\/\\\/www.ibisana.com\\\/producto\\\/pack-lnt-a-distancia\\\/\",\"url\":\"https:\\\/\\\/www.ibisana.com\\\/producto\\\/pack-lnt-a-distancia\\\/\",\"name\":\"Pack LNT a distancia - Ibisana\",\"isPartOf\":{\"@id\":\"https:\\\/\\\/www.ibisana.com\\\/#website\"},\"primaryImageOfPage\":{\"@id\":\"https:\\\/\\\/www.ibisana.com\\\/producto\\\/pack-lnt-a-distancia\\\/#primaryimage\"},\"image\":{\"@id\":\"https:\\\/\\\/www.ibisana.com\\\/producto\\\/pack-lnt-a-distancia\\\/#primaryimage\"},\"thumbnailUrl\":\"https:\\\/\\\/www.ibisana.com\\\/wp-content\\\/uploads\\\/2024\\\/02\\\/Unknown.png\",\"datePublished\":\"2024-06-22T14:37:48+00:00\",\"dateModified\":\"2025-05-28T08:53:07+00:00\",\"breadcrumb\":{\"@id\":\"https:\\\/\\\/www.ibisana.com\\\/producto\\\/pack-lnt-a-distancia\\\/#breadcrumb\"},\"inLanguage\":\"en-GB\",\"potentialAction\":[{\"@type\":\"ReadAction\",\"target\":[\"https:\\\/\\\/www.ibisana.com\\\/producto\\\/pack-lnt-a-distancia\\\/\"]}]},{\"@type\":\"ImageObject\",\"inLanguage\":\"en-GB\",\"@id\":\"https:\\\/\\\/www.ibisana.com\\\/producto\\\/pack-lnt-a-distancia\\\/#primaryimage\",\"url\":\"https:\\\/\\\/www.ibisana.com\\\/wp-content\\\/uploads\\\/2024\\\/02\\\/Unknown.png\",\"contentUrl\":\"https:\\\/\\\/www.ibisana.com\\\/wp-content\\\/uploads\\\/2024\\\/02\\\/Unknown.png\",\"width\":945,\"height\":945,\"caption\":\"Pack sesiones LNT a distancia\"},{\"@type\":\"BreadcrumbList\",\"@id\":\"https:\\\/\\\/www.ibisana.com\\\/producto\\\/pack-lnt-a-distancia\\\/#breadcrumb\",\"itemListElement\":[{\"@type\":\"ListItem\",\"position\":1,\"name\":\"Portada\",\"item\":\"https:\\\/\\\/www.ibisana.com\\\/\"},{\"@type\":\"ListItem\",\"position\":2,\"name\":\"Productos\",\"item\":\"https:\\\/\\\/www.ibisana.com\\\/shop\\\/\"},{\"@type\":\"ListItem\",\"position\":3,\"name\":\"Pack LNT a distancia\"}]},{\"@type\":\"WebSite\",\"@id\":\"https:\\\/\\\/www.ibisana.com\\\/#website\",\"url\":\"https:\\\/\\\/www.ibisana.com\\\/\",\"name\":\"Ibisana\",\"description\":\"Terapias Naturales y Cursos Hol\u00edsticos en Ibiza\",\"publisher\":{\"@id\":\"https:\\\/\\\/www.ibisana.com\\\/#organization\"},\"alternateName\":\"Terapias Naturales y Cursos Hol\u00edsticos en Ibiza\",\"potentialAction\":[{\"@type\":\"SearchAction\",\"target\":{\"@type\":\"EntryPoint\",\"urlTemplate\":\"https:\\\/\\\/www.ibisana.com\\\/?s={search_term_string}\"},\"query-input\":{\"@type\":\"PropertyValueSpecification\",\"valueRequired\":true,\"valueName\":\"search_term_string\"}}],\"inLanguage\":\"en-GB\"},{\"@type\":\"Organization\",\"@id\":\"https:\\\/\\\/www.ibisana.com\\\/#organization\",\"name\":\"Ibisana\",\"url\":\"https:\\\/\\\/www.ibisana.com\\\/\",\"logo\":{\"@type\":\"ImageObject\",\"inLanguage\":\"en-GB\",\"@id\":\"https:\\\/\\\/www.ibisana.com\\\/#\\\/schema\\\/logo\\\/image\\\/\",\"url\":\"https:\\\/\\\/www.ibisana.com\\\/wp-content\\\/uploads\\\/2022\\\/05\\\/cropped-Icono-web-ibisana.png\",\"contentUrl\":\"https:\\\/\\\/www.ibisana.com\\\/wp-content\\\/uploads\\\/2022\\\/05\\\/cropped-Icono-web-ibisana.png\",\"width\":512,\"height\":512,\"caption\":\"Ibisana\"},\"image\":{\"@id\":\"https:\\\/\\\/www.ibisana.com\\\/#\\\/schema\\\/logo\\\/image\\\/\"},\"sameAs\":[\"https:\\\/\\\/facebook.com\\\/IbisanaTerapiasNaturales\",\"https:\\\/\\\/www.instagram.com\\\/ibi_sana\\\/\"]}]}<\/script>\n<!-- \/ Yoast SEO plugin. -->","yoast_head_json":{"title":"Pack LNT remotely - Ibisana","robots":{"index":"index","follow":"follow","max-snippet":"max-snippet:-1","max-image-preview":"max-image-preview:large","max-video-preview":"max-video-preview:-1"},"canonical":"https:\/\/www.ibisana.com\/ingles\/product-2\/pack-lnt-a-distancia\/","og_locale":"en_GB","og_type":"article","og_title":"Pack LNT a distancia - Ibisana","og_description":"Este Pack LNT a distancia te permite mejorar tu bienestar f\u00edsico y psicol\u00f3gico sin preocuparte por obst\u00e1culos econ\u00f3micos. Con \u00e9l, podr\u00e1s cuidarte siempre que lo necesites, est\u00e9s donde est\u00e9s. Precio: Incluye 5 semanas de tratamiento por solo 199 \u20ac.","og_url":"https:\/\/www.ibisana.com\/ingles\/product-2\/pack-lnt-a-distancia\/","og_site_name":"Ibisana","article_publisher":"https:\/\/facebook.com\/IbisanaTerapiasNaturales","article_modified_time":"2025-05-28T08:53:07+00:00","og_image":[{"width":945,"height":945,"url":"https:\/\/www.ibisana.com\/wp-content\/uploads\/2024\/02\/Unknown.png","type":"image\/png"}],"twitter_card":"summary_large_image","twitter_misc":{"Estimated reading time":"1 minute"},"schema":{"@context":"https:\/\/schema.org","@graph":[{"@type":"WebPage","@id":"https:\/\/www.ibisana.com\/producto\/pack-lnt-a-distancia\/","url":"https:\/\/www.ibisana.com\/producto\/pack-lnt-a-distancia\/","name":"Pack LNT remotely - Ibisana","isPartOf":{"@id":"https:\/\/www.ibisana.com\/#website"},"primaryImageOfPage":{"@id":"https:\/\/www.ibisana.com\/producto\/pack-lnt-a-distancia\/#primaryimage"},"image":{"@id":"https:\/\/www.ibisana.com\/producto\/pack-lnt-a-distancia\/#primaryimage"},"thumbnailUrl":"https:\/\/www.ibisana.com\/wp-content\/uploads\/2024\/02\/Unknown.png","datePublished":"2024-06-22T14:37:48+00:00","dateModified":"2025-05-28T08:53:07+00:00","breadcrumb":{"@id":"https:\/\/www.ibisana.com\/producto\/pack-lnt-a-distancia\/#breadcrumb"},"inLanguage":"en-GB","potentialAction":[{"@type":"ReadAction","target":["https:\/\/www.ibisana.com\/producto\/pack-lnt-a-distancia\/"]}]},{"@type":"ImageObject","inLanguage":"en-GB","@id":"https:\/\/www.ibisana.com\/producto\/pack-lnt-a-distancia\/#primaryimage","url":"https:\/\/www.ibisana.com\/wp-content\/uploads\/2024\/02\/Unknown.png","contentUrl":"https:\/\/www.ibisana.com\/wp-content\/uploads\/2024\/02\/Unknown.png","width":945,"height":945,"caption":"Pack sesiones LNT a distancia"},{"@type":"BreadcrumbList","@id":"https:\/\/www.ibisana.com\/producto\/pack-lnt-a-distancia\/#breadcrumb","itemListElement":[{"@type":"ListItem","position":1,"name":"Portada","item":"https:\/\/www.ibisana.com\/"},{"@type":"ListItem","position":2,"name":"Productos","item":"https:\/\/www.ibisana.com\/shop\/"},{"@type":"ListItem","position":3,"name":"Pack LNT a distancia"}]},{"@type":"WebSite","@id":"https:\/\/www.ibisana.com\/#website","url":"https:\/\/www.ibisana.com\/","name":"Ibisana","description":"Natural Therapies and Holistic Courses in Ibiza","publisher":{"@id":"https:\/\/www.ibisana.com\/#organization"},"alternateName":"Terapias Naturales y Cursos Hol\u00edsticos en Ibiza","potentialAction":[{"@type":"SearchAction","target":{"@type":"EntryPoint","urlTemplate":"https:\/\/www.ibisana.com\/?s={search_term_string}"},"query-input":{"@type":"PropertyValueSpecification","valueRequired":true,"valueName":"search_term_string"}}],"inLanguage":"en-GB"},{"@type":"Organization","@id":"https:\/\/www.ibisana.com\/#organization","name":"Ibisana","url":"https:\/\/www.ibisana.com\/","logo":{"@type":"ImageObject","inLanguage":"en-GB","@id":"https:\/\/www.ibisana.com\/#\/schema\/logo\/image\/","url":"https:\/\/www.ibisana.com\/wp-content\/uploads\/2022\/05\/cropped-Icono-web-ibisana.png","contentUrl":"https:\/\/www.ibisana.com\/wp-content\/uploads\/2022\/05\/cropped-Icono-web-ibisana.png","width":512,"height":512,"caption":"Ibisana"},"image":{"@id":"https:\/\/www.ibisana.com\/#\/schema\/logo\/image\/"},"sameAs":["https:\/\/facebook.com\/IbisanaTerapiasNaturales","https:\/\/www.instagram.com\/ibi_sana\/"]}]}},"_links":{"self":[{"href":"https:\/\/www.ibisana.com\/ingles\/wp-json\/wp\/v2\/product\/7953","targetHints":{"allow":["GET"]}}],"collection":[{"href":"https:\/\/www.ibisana.com\/ingles\/wp-json\/wp\/v2\/product"}],"about":[{"href":"https:\/\/www.ibisana.com\/ingles\/wp-json\/wp\/v2\/types\/product"}],"replies":[{"embeddable":true,"href":"https:\/\/www.ibisana.com\/ingles\/wp-json\/wp\/v2\/comments?post=7953"}],"wp:featuredmedia":[{"embeddable":true,"href":"https:\/\/www.ibisana.com\/ingles\/wp-json\/wp\/v2\/media\/6712"}],"wp:attachment":[{"href":"https:\/\/www.ibisana.com\/ingles\/wp-json\/wp\/v2\/media?parent=7953"}],"wp:term":[{"taxonomy":"product_brand","embeddable":true,"href":"https:\/\/www.ibisana.com\/ingles\/wp-json\/wp\/v2\/product_brand?post=7953"},{"taxonomy":"product_cat","embeddable":true,"href":"https:\/\/www.ibisana.com\/ingles\/wp-json\/wp\/v2\/product_cat?post=7953"},{"taxonomy":"product_tag","embeddable":true,"href":"https:\/\/www.ibisana.com\/ingles\/wp-json\/wp\/v2\/product_tag?post=7953"}],"curies":[{"name":"wp","href":"https:\/\/api.w.org\/{rel}","templated":true}]}}