{"id":10160,"date":"2025-09-12T18:36:05","date_gmt":"2025-09-12T17:36:05","guid":{"rendered":"https:\/\/www.ibisana.com\/?post_type=product&#038;p=10160"},"modified":"2026-03-12T10:22:23","modified_gmt":"2026-03-12T09:22:23","slug":"biomagnetismo-terapia","status":"publish","type":"product","link":"https:\/\/www.ibisana.com\/ingles\/producto\/biomagnetismo-terapia\/","title":{"rendered":"Biomagnetismo terapia"},"content":{"rendered":"<div style=\"display: flex; justify-content: center; margin-top: 20px;\">\n<div style=\"max-width: 700px; text-align: justify; font-size: 16px; line-height: 1.5;\">\n<p><strong>Price:<\/strong> 80\u20ac<br \/>\n    <strong>Duration:<\/strong> 60 \u2013 90 minutos<\/p>\n<h2>Par Biomagn\u00e9tico \u2014 Terapia Natural<\/h2>\n<p>\n      Restaura el equilibrio energ\u00e9tico del cuerpo tratando el origen de dolencias f\u00edsicas y emocionales. Esta terapia permite detectar desequilibrios incluso antes de que aparezcan los s\u00edntomas cl\u00ednicos.\n    <\/p>\n<\/p><\/div>\n<\/div>","protected":false},"excerpt":{"rendered":"<p><strong>Precio 80\u20ac <\/strong><br \/>\n<strong>Duration:<\/strong> 60\/90 min<br \/>\nSesiones de terapia biomagn\u00e9tica y Par Biomagn\u00e9tico en Ibiza. Mejora tu bienestar con un enfoque profesional y personalizado en Ibisana.<\/p>","protected":false},"featured_media":10145,"comment_status":"open","ping_status":"closed","template":"","meta":{"_joinchat":[]},"product_brand":[],"product_cat":[144,143],"product_tag":[],"class_list":{"0":"post-10160","1":"product","2":"type-product","3":"status-publish","4":"has-post-thumbnail","6":"product_cat-sesiones","7":"product_cat-tratamientos-especificos","9":"first","10":"instock","11":"virtual","12":"taxable","13":"purchasable","14":"product-type-simple"},"yoast_head":"<!-- This site is optimized with the Yoast SEO plugin v27.4 - https:\/\/yoast.com\/product\/yoast-seo-wordpress\/ -->\n<title>Biomagnetismo en Ibiza | Ibisana<\/title>\n<meta name=\"description\" content=\"Reserva tu sesi\u00f3n de Biomagnetismo en Ibiza con Ibisana. M\u00e9todo Par Biomagn\u00e9tico seguro y profesional para mejorar tu bienestar.\" \/>\n<meta name=\"robots\" content=\"index, follow, max-snippet:-1, max-image-preview:large, max-video-preview:-1\" \/>\n<link rel=\"canonical\" href=\"https:\/\/www.ibisana.com\/ingles\/product-2\/biomagnetismo-terapia\/\" \/>\n<meta property=\"og:locale\" content=\"en_GB\" \/>\n<meta property=\"og:type\" content=\"article\" \/>\n<meta property=\"og:title\" content=\"Biomagnetismo en Ibiza | Ibisana\" \/>\n<meta property=\"og:description\" content=\"Reserva tu sesi\u00f3n de Biomagnetismo en Ibiza con Ibisana. M\u00e9todo Par Biomagn\u00e9tico seguro y profesional para mejorar tu bienestar.\" \/>\n<meta property=\"og:url\" content=\"https:\/\/www.ibisana.com\/ingles\/product-2\/biomagnetismo-terapia\/\" \/>\n<meta property=\"og:site_name\" content=\"Ibisana\" \/>\n<meta property=\"article:publisher\" content=\"https:\/\/facebook.com\/IbisanaTerapiasNaturales\" \/>\n<meta property=\"article:modified_time\" content=\"2026-03-12T09:22:23+00:00\" \/>\n<meta property=\"og:image\" content=\"https:\/\/www.ibisana.com\/wp-content\/uploads\/3-8.png\" \/>\n\t<meta property=\"og:image:width\" content=\"600\" \/>\n\t<meta property=\"og:image:height\" content=\"900\" \/>\n\t<meta property=\"og:image:type\" content=\"image\/png\" \/>\n<meta name=\"twitter:card\" content=\"summary_large_image\" \/>\n<meta name=\"twitter:label1\" content=\"Estimated reading time\" \/>\n\t<meta name=\"twitter:data1\" content=\"1 minute\" \/>\n<script type=\"application\/ld+json\" class=\"yoast-schema-graph\">{\"@context\":\"https:\\\/\\\/schema.org\",\"@graph\":[{\"@type\":\"WebPage\",\"@id\":\"https:\\\/\\\/www.ibisana.com\\\/producto\\\/biomagnetismo-terapia\\\/\",\"url\":\"https:\\\/\\\/www.ibisana.com\\\/producto\\\/biomagnetismo-terapia\\\/\",\"name\":\"Biomagnetismo en Ibiza | Ibisana\",\"isPartOf\":{\"@id\":\"https:\\\/\\\/www.ibisana.com\\\/#website\"},\"primaryImageOfPage\":{\"@id\":\"https:\\\/\\\/www.ibisana.com\\\/producto\\\/biomagnetismo-terapia\\\/#primaryimage\"},\"image\":{\"@id\":\"https:\\\/\\\/www.ibisana.com\\\/producto\\\/biomagnetismo-terapia\\\/#primaryimage\"},\"thumbnailUrl\":\"https:\\\/\\\/www.ibisana.com\\\/wp-content\\\/uploads\\\/3-8.png\",\"datePublished\":\"2025-09-12T17:36:05+00:00\",\"dateModified\":\"2026-03-12T09:22:23+00:00\",\"description\":\"Reserva tu sesi\u00f3n de Biomagnetismo en Ibiza con Ibisana. M\u00e9todo Par Biomagn\u00e9tico seguro y profesional para mejorar tu bienestar.\",\"breadcrumb\":{\"@id\":\"https:\\\/\\\/www.ibisana.com\\\/producto\\\/biomagnetismo-terapia\\\/#breadcrumb\"},\"inLanguage\":\"en-GB\",\"potentialAction\":[{\"@type\":\"ReadAction\",\"target\":[\"https:\\\/\\\/www.ibisana.com\\\/producto\\\/biomagnetismo-terapia\\\/\"]}]},{\"@type\":\"ImageObject\",\"inLanguage\":\"en-GB\",\"@id\":\"https:\\\/\\\/www.ibisana.com\\\/producto\\\/biomagnetismo-terapia\\\/#primaryimage\",\"url\":\"https:\\\/\\\/www.ibisana.com\\\/wp-content\\\/uploads\\\/3-8.png\",\"contentUrl\":\"https:\\\/\\\/www.ibisana.com\\\/wp-content\\\/uploads\\\/3-8.png\",\"width\":600,\"height\":900,\"caption\":\"Diferentes tipos imanes en paciente Par Biomagn\u00e9tico Ibiza\"},{\"@type\":\"BreadcrumbList\",\"@id\":\"https:\\\/\\\/www.ibisana.com\\\/producto\\\/biomagnetismo-terapia\\\/#breadcrumb\",\"itemListElement\":[{\"@type\":\"ListItem\",\"position\":1,\"name\":\"Portada\",\"item\":\"https:\\\/\\\/www.ibisana.com\\\/\"},{\"@type\":\"ListItem\",\"position\":2,\"name\":\"Productos\",\"item\":\"https:\\\/\\\/www.ibisana.com\\\/shop\\\/\"},{\"@type\":\"ListItem\",\"position\":3,\"name\":\"Biomagnetismo terapia\"}]},{\"@type\":\"WebSite\",\"@id\":\"https:\\\/\\\/www.ibisana.com\\\/#website\",\"url\":\"https:\\\/\\\/www.ibisana.com\\\/\",\"name\":\"Ibisana\",\"description\":\"Terapias Naturales y Cursos Hol\u00edsticos en Ibiza\",\"publisher\":{\"@id\":\"https:\\\/\\\/www.ibisana.com\\\/#organization\"},\"alternateName\":\"Terapias Naturales y Cursos Hol\u00edsticos en Ibiza\",\"potentialAction\":[{\"@type\":\"SearchAction\",\"target\":{\"@type\":\"EntryPoint\",\"urlTemplate\":\"https:\\\/\\\/www.ibisana.com\\\/?s={search_term_string}\"},\"query-input\":{\"@type\":\"PropertyValueSpecification\",\"valueRequired\":true,\"valueName\":\"search_term_string\"}}],\"inLanguage\":\"en-GB\"},{\"@type\":\"Organization\",\"@id\":\"https:\\\/\\\/www.ibisana.com\\\/#organization\",\"name\":\"Ibisana\",\"url\":\"https:\\\/\\\/www.ibisana.com\\\/\",\"logo\":{\"@type\":\"ImageObject\",\"inLanguage\":\"en-GB\",\"@id\":\"https:\\\/\\\/www.ibisana.com\\\/#\\\/schema\\\/logo\\\/image\\\/\",\"url\":\"https:\\\/\\\/www.ibisana.com\\\/wp-content\\\/uploads\\\/2022\\\/05\\\/cropped-Icono-web-ibisana.png\",\"contentUrl\":\"https:\\\/\\\/www.ibisana.com\\\/wp-content\\\/uploads\\\/2022\\\/05\\\/cropped-Icono-web-ibisana.png\",\"width\":512,\"height\":512,\"caption\":\"Ibisana\"},\"image\":{\"@id\":\"https:\\\/\\\/www.ibisana.com\\\/#\\\/schema\\\/logo\\\/image\\\/\"},\"sameAs\":[\"https:\\\/\\\/facebook.com\\\/IbisanaTerapiasNaturales\",\"https:\\\/\\\/www.instagram.com\\\/ibi_sana\\\/\"]}]}<\/script>\n<!-- \/ Yoast SEO plugin. -->","yoast_head_json":{"title":"Biomagnetismo en Ibiza | Ibisana","description":"Reserva tu sesi\u00f3n de Biomagnetismo en Ibiza con Ibisana. M\u00e9todo Par Biomagn\u00e9tico seguro y profesional para mejorar tu bienestar.","robots":{"index":"index","follow":"follow","max-snippet":"max-snippet:-1","max-image-preview":"max-image-preview:large","max-video-preview":"max-video-preview:-1"},"canonical":"https:\/\/www.ibisana.com\/ingles\/product-2\/biomagnetismo-terapia\/","og_locale":"en_GB","og_type":"article","og_title":"Biomagnetismo en Ibiza | Ibisana","og_description":"Reserva tu sesi\u00f3n de Biomagnetismo en Ibiza con Ibisana. M\u00e9todo Par Biomagn\u00e9tico seguro y profesional para mejorar tu bienestar.","og_url":"https:\/\/www.ibisana.com\/ingles\/product-2\/biomagnetismo-terapia\/","og_site_name":"Ibisana","article_publisher":"https:\/\/facebook.com\/IbisanaTerapiasNaturales","article_modified_time":"2026-03-12T09:22:23+00:00","og_image":[{"width":600,"height":900,"url":"https:\/\/www.ibisana.com\/wp-content\/uploads\/3-8.png","type":"image\/png"}],"twitter_card":"summary_large_image","twitter_misc":{"Estimated reading time":"1 minute"},"schema":{"@context":"https:\/\/schema.org","@graph":[{"@type":"WebPage","@id":"https:\/\/www.ibisana.com\/producto\/biomagnetismo-terapia\/","url":"https:\/\/www.ibisana.com\/producto\/biomagnetismo-terapia\/","name":"Biomagnetismo en Ibiza | Ibisana","isPartOf":{"@id":"https:\/\/www.ibisana.com\/#website"},"primaryImageOfPage":{"@id":"https:\/\/www.ibisana.com\/producto\/biomagnetismo-terapia\/#primaryimage"},"image":{"@id":"https:\/\/www.ibisana.com\/producto\/biomagnetismo-terapia\/#primaryimage"},"thumbnailUrl":"https:\/\/www.ibisana.com\/wp-content\/uploads\/3-8.png","datePublished":"2025-09-12T17:36:05+00:00","dateModified":"2026-03-12T09:22:23+00:00","description":"Reserva tu sesi\u00f3n de Biomagnetismo en Ibiza con Ibisana. M\u00e9todo Par Biomagn\u00e9tico seguro y profesional para mejorar tu bienestar.","breadcrumb":{"@id":"https:\/\/www.ibisana.com\/producto\/biomagnetismo-terapia\/#breadcrumb"},"inLanguage":"en-GB","potentialAction":[{"@type":"ReadAction","target":["https:\/\/www.ibisana.com\/producto\/biomagnetismo-terapia\/"]}]},{"@type":"ImageObject","inLanguage":"en-GB","@id":"https:\/\/www.ibisana.com\/producto\/biomagnetismo-terapia\/#primaryimage","url":"https:\/\/www.ibisana.com\/wp-content\/uploads\/3-8.png","contentUrl":"https:\/\/www.ibisana.com\/wp-content\/uploads\/3-8.png","width":600,"height":900,"caption":"Diferentes tipos imanes en paciente Par Biomagn\u00e9tico Ibiza"},{"@type":"BreadcrumbList","@id":"https:\/\/www.ibisana.com\/producto\/biomagnetismo-terapia\/#breadcrumb","itemListElement":[{"@type":"ListItem","position":1,"name":"Portada","item":"https:\/\/www.ibisana.com\/"},{"@type":"ListItem","position":2,"name":"Productos","item":"https:\/\/www.ibisana.com\/shop\/"},{"@type":"ListItem","position":3,"name":"Biomagnetismo terapia"}]},{"@type":"WebSite","@id":"https:\/\/www.ibisana.com\/#website","url":"https:\/\/www.ibisana.com\/","name":"Ibisana","description":"Natural Therapies and Holistic Courses in Ibiza","publisher":{"@id":"https:\/\/www.ibisana.com\/#organization"},"alternateName":"Terapias Naturales y Cursos Hol\u00edsticos en Ibiza","potentialAction":[{"@type":"SearchAction","target":{"@type":"EntryPoint","urlTemplate":"https:\/\/www.ibisana.com\/?s={search_term_string}"},"query-input":{"@type":"PropertyValueSpecification","valueRequired":true,"valueName":"search_term_string"}}],"inLanguage":"en-GB"},{"@type":"Organization","@id":"https:\/\/www.ibisana.com\/#organization","name":"Ibisana","url":"https:\/\/www.ibisana.com\/","logo":{"@type":"ImageObject","inLanguage":"en-GB","@id":"https:\/\/www.ibisana.com\/#\/schema\/logo\/image\/","url":"https:\/\/www.ibisana.com\/wp-content\/uploads\/2022\/05\/cropped-Icono-web-ibisana.png","contentUrl":"https:\/\/www.ibisana.com\/wp-content\/uploads\/2022\/05\/cropped-Icono-web-ibisana.png","width":512,"height":512,"caption":"Ibisana"},"image":{"@id":"https:\/\/www.ibisana.com\/#\/schema\/logo\/image\/"},"sameAs":["https:\/\/facebook.com\/IbisanaTerapiasNaturales","https:\/\/www.instagram.com\/ibi_sana\/"]}]}},"_links":{"self":[{"href":"https:\/\/www.ibisana.com\/ingles\/wp-json\/wp\/v2\/product\/10160","targetHints":{"allow":["GET"]}}],"collection":[{"href":"https:\/\/www.ibisana.com\/ingles\/wp-json\/wp\/v2\/product"}],"about":[{"href":"https:\/\/www.ibisana.com\/ingles\/wp-json\/wp\/v2\/types\/product"}],"replies":[{"embeddable":true,"href":"https:\/\/www.ibisana.com\/ingles\/wp-json\/wp\/v2\/comments?post=10160"}],"wp:featuredmedia":[{"embeddable":true,"href":"https:\/\/www.ibisana.com\/ingles\/wp-json\/wp\/v2\/media\/10145"}],"wp:attachment":[{"href":"https:\/\/www.ibisana.com\/ingles\/wp-json\/wp\/v2\/media?parent=10160"}],"wp:term":[{"taxonomy":"product_brand","embeddable":true,"href":"https:\/\/www.ibisana.com\/ingles\/wp-json\/wp\/v2\/product_brand?post=10160"},{"taxonomy":"product_cat","embeddable":true,"href":"https:\/\/www.ibisana.com\/ingles\/wp-json\/wp\/v2\/product_cat?post=10160"},{"taxonomy":"product_tag","embeddable":true,"href":"https:\/\/www.ibisana.com\/ingles\/wp-json\/wp\/v2\/product_tag?post=10160"}],"curies":[{"name":"wp","href":"https:\/\/api.w.org\/{rel}","templated":true}]}}