{"id":9260,"date":"2024-12-12T15:31:24","date_gmt":"2024-12-12T14:31:24","guid":{"rendered":"https:\/\/www.ibisana.com\/?page_id=9260"},"modified":"2026-03-04T13:08:45","modified_gmt":"2026-03-04T12:08:45","slug":"shop-yoga","status":"publish","type":"page","link":"https:\/\/www.ibisana.com\/ingles\/tienda-yoga\/","title":{"rendered":"Tienda YOGA"},"content":{"rendered":"<div class=\"wpb-content-wrapper\"><div class=\"vc_row wpb_row vc_row-fluid padding_top_none\"><div class=\"wpb_column vc_column_container vc_col-sm-8 vc_col-sm-offset-2\"><div class=\"vc_column-inner\"><div class=\"wpb_wrapper\"><div class=\"vc_empty_space\"   style=\"height: 32px\"><span class=\"vc_empty_space_inner\"><\/span><\/div>\n\t<div class=\"wpb_text_column wpb_content_element\" >\n\t\t<div class=\"wpb_wrapper\">\n\t\t\t<p><strong><\/p>\n<h1 style=\"text-align: center;\">\n    <strong>AEROYOGA EN IBIZA:<br \/>\n<mark>TU EXPERIENCIA DE AEROYOGA EN SUSPENSI\u00d3N EN IBISANA, \u00a1RESERVA TU PLAZA! <\/mark><br \/>\n<\/strong><\/h1>\n<p><\/strong><\/p>\n\n\t\t<\/div>\n\t<\/div>\n<div class=\"vc_empty_space\"   style=\"height: 32px\"><span class=\"vc_empty_space_inner\"><\/span><\/div>\n\t<div class=\"wpb_text_column wpb_content_element\" >\n\t\t<div class=\"wpb_wrapper\">\n\t\t\t<h2 style=\"text-align: center;\">\n    <strong>CLASES DE AEROYOGA SUELTAS EN IBIZA<\/strong><\/h2>\n\n\t\t<\/div>\n\t<\/div>\n\n\t<div class=\"wpb_text_column wpb_content_element\" >\n\t\t<div class=\"wpb_wrapper\">\n\t\t\t<p style=\"text-align: center;\">\nDisfruta del Yoga A\u00e9reo en Ibiza con estas clases sueltas que hemos preparado para vosotros. S\u00f3n clases adaptadas a todos los p\u00fablico y al nivel de sus integrantes. Se imparten en nuestro centro ubicado en Ibiza, en una sala con todas las comodidades para disfrutar de esta modalidad de Yoga en Ibiza.<\/p>\n\n\t\t<\/div>\n\t<\/div>\n\n\t<div class=\"wpb_text_column wpb_content_element\" >\n\t\t<div class=\"wpb_wrapper\">\n\t\t\t<h2 style=\"text-align: center;\">\n    <strong><mark>AeroYoga en IBISANA: descubre una experiencia \u00fanica para cuerpo y mente.<\/mark><\/strong><\/h2>\n\n\t\t<\/div>\n\t<\/div>\n<div class=\"vc_row wpb_row vc_inner vc_row-fluid vc_column-gap-10 vc_row-o-equal-height vc_row-flex\"><div class=\"wpb_column vc_column_container vc_col-sm-4 vc_col-has-fill\"><div class=\"vc_column-inner vc_custom_1721201573997\"><div class=\"wpb_wrapper\">\n\t<div  class=\"wpb_single_image wpb_content_element vc_align_left wpb_content_element vc_custom_1772626107472\">\n\t\t\n\t\t<figure class=\"wpb_wrapper vc_figure\">\n\t\t\t<div class=\"vc_single_image-wrapper   vc_box_border_grey\"><img loading=\"lazy\" decoding=\"async\" width=\"960\" height=\"935\" src=\"https:\/\/www.ibisana.com\/wp-content\/uploads\/yoga-nino-i-nina-1024x997.png\" class=\"vc_single_image-img attachment-large\" alt=\"\" title=\"yoga nin\u0303o i nin\u0303a\" srcset=\"https:\/\/www.ibisana.com\/wp-content\/uploads\/yoga-nino-i-nina-1024x997.png 1024w, https:\/\/www.ibisana.com\/wp-content\/uploads\/yoga-nino-i-nina-300x292.png 300w, https:\/\/www.ibisana.com\/wp-content\/uploads\/yoga-nino-i-nina-768x748.png 768w, https:\/\/www.ibisana.com\/wp-content\/uploads\/yoga-nino-i-nina-12x12.png 12w, https:\/\/www.ibisana.com\/wp-content\/uploads\/yoga-nino-i-nina-600x584.png 600w, https:\/\/www.ibisana.com\/wp-content\/uploads\/yoga-nino-i-nina-50x50.png 50w, https:\/\/www.ibisana.com\/wp-content\/uploads\/yoga-nino-i-nina.png 1158w\" sizes=\"auto, (max-width: 960px) 100vw, 960px\" \/><\/div>\n\t\t<\/figure>\n\t<\/div>\n\n\t<div class=\"wpb_text_column wpb_content_element\" >\n\t\t<div class=\"wpb_wrapper\">\n\t\t\t<p style=\"text-align: center;\">\n<strong>CLASE SUELTA YOGA NI\u00d1OS (de 6 a 11 a\u00f1os)<\/strong><\/p>\n<p style=\"text-align: center;\"> Los Jueves de 17:00h a 18:00h<\/p>\n\n\t\t<\/div>\n\t<\/div>\n\n\t<div class=\"wpb_text_column wpb_content_element\" >\n\t\t<div class=\"wpb_wrapper\">\n\t\t\t<p style=\"text-align: center;\">15\u20ac<\/p>\n\n\t\t<\/div>\n\t<\/div>\n\n\t<div class=\"wpb_text_column wpb_content_element\" >\n\t\t<div class=\"wpb_wrapper\">\n\t\t\t<p><\/p>\n\n\t\t<\/div>\n\t<\/div>\n<div class=\"vc_btn3-container vc_btn3-center vc_do_btn\" ><a style=\"background-color:#85714d; color:#ffffff;\" class=\"vc_general vc_btn3 vc_btn3-size-lg vc_btn3-shape-rounded vc_btn3-style-custom\" href=\"https:\/\/www.ibisana.com\/ingles\/product-2\/clases-sueltas-yoga-ninos\/\" title=\"\">Buy<\/a><\/div><\/div><\/div><\/div><div class=\"wpb_column vc_column_container vc_col-sm-4 vc_col-has-fill\"><div class=\"vc_column-inner vc_custom_1721201297527\"><div class=\"wpb_wrapper\">\n\t<div  class=\"wpb_single_image wpb_content_element vc_align_left wpb_content_element vc_custom_1740242388402\">\n\t\t\n\t\t<figure class=\"wpb_wrapper vc_figure\">\n\t\t\t<div class=\"vc_single_image-wrapper   vc_box_border_grey\"><img loading=\"lazy\" decoding=\"async\" width=\"540\" height=\"540\" src=\"https:\/\/www.ibisana.com\/wp-content\/uploads\/4-6.png\" class=\"vc_single_image-img attachment-large\" alt=\"Aero yoga adolescentes\" title=\"4\" srcset=\"https:\/\/www.ibisana.com\/wp-content\/uploads\/4-6.png 540w, https:\/\/www.ibisana.com\/wp-content\/uploads\/4-6-300x300.png 300w, https:\/\/www.ibisana.com\/wp-content\/uploads\/4-6-150x150.png 150w, https:\/\/www.ibisana.com\/wp-content\/uploads\/4-6-12x12.png 12w, https:\/\/www.ibisana.com\/wp-content\/uploads\/4-6-100x100.png 100w\" sizes=\"auto, (max-width: 540px) 100vw, 540px\" \/><\/div>\n\t\t<\/figure>\n\t<\/div>\n\n\t<div class=\"wpb_text_column wpb_content_element\" >\n\t\t<div class=\"wpb_wrapper\">\n\t\t\t<p style=\"text-align: center;\">\n<strong>CLASE SUELTA YOGA ADOLESCENTES (12 a 17 a\u00f1os).<\/p>\n<p><\/strong><\/p>\n<p style=\"text-align: center;\"> Los Jueves de 17:00h a 18:00h<\/p>\n\n\t\t<\/div>\n\t<\/div>\n\n\t<div class=\"wpb_text_column wpb_content_element\" >\n\t\t<div class=\"wpb_wrapper\">\n\t\t\t<p style=\"text-align: center;\">15\u20ac<\/p>\n\n\t\t<\/div>\n\t<\/div>\n<div class=\"vc_btn3-container vc_btn3-center vc_do_btn\" ><a style=\"background-color:#85714d; color:#ffffff;\" class=\"vc_general vc_btn3 vc_btn3-size-lg vc_btn3-shape-rounded vc_btn3-style-custom\" href=\"https:\/\/www.ibisana.com\/ingles\/product-2\/clases-sueltas-yoga-adolescentes\/\" title=\"\">Buy<\/a><\/div><\/div><\/div><\/div><div class=\"wpb_column vc_column_container vc_col-sm-4 vc_col-has-fill\"><div class=\"vc_column-inner vc_custom_1734536585951 white_section\"><div class=\"wpb_wrapper\">\n\t<div  class=\"wpb_single_image wpb_content_element vc_align_left wpb_content_element vc_custom_1740242403694\">\n\t\t\n\t\t<figure class=\"wpb_wrapper vc_figure\">\n\t\t\t<div class=\"vc_single_image-wrapper   vc_box_border_grey\"><img loading=\"lazy\" decoding=\"async\" width=\"540\" height=\"540\" src=\"https:\/\/www.ibisana.com\/wp-content\/uploads\/6-2.png\" class=\"vc_single_image-img attachment-large\" alt=\"\" title=\"6\" srcset=\"https:\/\/www.ibisana.com\/wp-content\/uploads\/6-2.png 540w, https:\/\/www.ibisana.com\/wp-content\/uploads\/6-2-300x300.png 300w, https:\/\/www.ibisana.com\/wp-content\/uploads\/6-2-150x150.png 150w, https:\/\/www.ibisana.com\/wp-content\/uploads\/6-2-12x12.png 12w, https:\/\/www.ibisana.com\/wp-content\/uploads\/6-2-100x100.png 100w\" sizes=\"auto, (max-width: 540px) 100vw, 540px\" \/><\/div>\n\t\t<\/figure>\n\t<\/div>\n\n\t<div class=\"wpb_text_column wpb_content_element\" >\n\t\t<div class=\"wpb_wrapper\">\n\t\t\t<p style=\"text-align: center;\">\n<strong>CLASE SUELTA YOGA ADULTOS (DE 18 EN ADELANTE)<\/strong><\/p>\n<p style=\"text-align: center;\">Los Jueves de 18:00 a 19:00 h\u2063<\/strong><\/p>\n\n\t\t<\/div>\n\t<\/div>\n\n\t<div class=\"wpb_text_column wpb_content_element\" >\n\t\t<div class=\"wpb_wrapper\">\n\t\t\t<p style=\"text-align: center;\">15\u20ac<\/p>\n\n\t\t<\/div>\n\t<\/div>\n<div class=\"vc_btn3-container vc_btn3-center vc_do_btn\" ><a style=\"background-color:#85714d; color:#ffffff;\" class=\"vc_general vc_btn3 vc_btn3-size-lg vc_btn3-shape-rounded vc_btn3-style-custom\" href=\"https:\/\/www.ibisana.com\/ingles\/product-2\/clases-sueltas-yoga-adultos\/\" title=\"\">Buy<\/a><\/div><\/div><\/div><\/div><\/div><\/div><\/div><\/div><\/div><div class=\"vc_row wpb_row vc_row-fluid padding_top_none\"><div class=\"wpb_column vc_column_container vc_col-sm-8 vc_col-sm-offset-2\"><div class=\"vc_column-inner\"><div class=\"wpb_wrapper\">\n\t<div class=\"wpb_text_column wpb_content_element\" >\n\t\t<div class=\"wpb_wrapper\">\n\t\t\t<h2 style=\"text-align: center;\">\n    <strong> 1 CLASE A LA SEMANA DE YOGA IBIZA (DURANTE UN MES)<\/strong><\/h2>\n\n\t\t<\/div>\n\t<\/div>\n\n\t<div class=\"wpb_text_column wpb_content_element\" >\n\t\t<div class=\"wpb_wrapper\">\n\t\t\t<p style=\"text-align: center;\">\nDisfruta del Yoga A\u00e9reo en Ibiza con estas clases que hemos preparado para vosotros. S\u00f3n clases adaptadas a todos los p\u00fablico y al nivel de sus integrantes. Se imparten en nuestro centro ubicado en Ibiza, en una sala con todas las comodidades para disfrutar de esta modalidad de Yoga en Ibiza<\/p>\n\n\t\t<\/div>\n\t<\/div>\n<div class=\"vc_row wpb_row vc_inner vc_row-fluid vc_column-gap-10 vc_row-o-equal-height vc_row-flex\"><div class=\"wpb_column vc_column_container vc_col-sm-4 vc_col-has-fill\"><div class=\"vc_column-inner vc_custom_1721201573997\"><div class=\"wpb_wrapper\">\n\t<div  class=\"wpb_single_image wpb_content_element vc_align_left wpb_content_element vc_custom_1740246025299\">\n\t\t\n\t\t<figure class=\"wpb_wrapper vc_figure\">\n\t\t\t<div class=\"vc_single_image-wrapper   vc_box_border_grey\"><img loading=\"lazy\" decoding=\"async\" width=\"540\" height=\"540\" src=\"https:\/\/www.ibisana.com\/wp-content\/uploads\/11-3.png\" class=\"vc_single_image-img attachment-large\" alt=\"AERO YOGA PARA NI\u00d1OS\" title=\"\" srcset=\"https:\/\/www.ibisana.com\/wp-content\/uploads\/11-3.png 540w, https:\/\/www.ibisana.com\/wp-content\/uploads\/11-3-300x300.png 300w, https:\/\/www.ibisana.com\/wp-content\/uploads\/11-3-150x150.png 150w, https:\/\/www.ibisana.com\/wp-content\/uploads\/11-3-12x12.png 12w, https:\/\/www.ibisana.com\/wp-content\/uploads\/11-3-100x100.png 100w\" sizes=\"auto, (max-width: 540px) 100vw, 540px\" \/><\/div>\n\t\t<\/figure>\n\t<\/div>\n\n\t<div class=\"wpb_text_column wpb_content_element\" >\n\t\t<div class=\"wpb_wrapper\">\n\t\t\t<p style=\"text-align: center;\">\n<strong>1 CLASE A LA SEMANA YOGA DURANTE UN MES, NI\u00d1OS (6 A 11 A\u00d1OS)<\/strong><\/p>\n<p style=\"text-align: center;\"> Los Jueves de 17:00h a 18:00h<\/p>\n\n\t\t<\/div>\n\t<\/div>\n\n\t<div class=\"wpb_text_column wpb_content_element\" >\n\t\t<div class=\"wpb_wrapper\">\n\t\t\t<p style=\"text-align: center;\">45\u20ac<\/p>\n\n\t\t<\/div>\n\t<\/div>\n<div class=\"vc_btn3-container vc_btn3-center vc_do_btn\" ><a style=\"background-color:#85714d; color:#ffffff;\" class=\"vc_general vc_btn3 vc_btn3-size-lg vc_btn3-shape-rounded vc_btn3-style-custom\" href=\"https:\/\/www.ibisana.com\/ingles\/product-2\/2-clases-yoga-mensual-ninos\/\" title=\"\">Buy<\/a><\/div><\/div><\/div><\/div><div class=\"wpb_column vc_column_container vc_col-sm-4 vc_col-has-fill\"><div class=\"vc_column-inner vc_custom_1721201297527\"><div class=\"wpb_wrapper\">\n\t<div  class=\"wpb_single_image wpb_content_element vc_align_left wpb_content_element vc_custom_1740246052526\">\n\t\t\n\t\t<figure class=\"wpb_wrapper vc_figure\">\n\t\t\t<div class=\"vc_single_image-wrapper   vc_box_border_grey\"><img loading=\"lazy\" decoding=\"async\" width=\"540\" height=\"540\" src=\"https:\/\/www.ibisana.com\/wp-content\/uploads\/6-3.png\" class=\"vc_single_image-img attachment-large\" alt=\"Aeroyoga adolescentes\" title=\"6\" srcset=\"https:\/\/www.ibisana.com\/wp-content\/uploads\/6-3.png 540w, https:\/\/www.ibisana.com\/wp-content\/uploads\/6-3-300x300.png 300w, https:\/\/www.ibisana.com\/wp-content\/uploads\/6-3-150x150.png 150w, https:\/\/www.ibisana.com\/wp-content\/uploads\/6-3-12x12.png 12w, https:\/\/www.ibisana.com\/wp-content\/uploads\/6-3-100x100.png 100w\" sizes=\"auto, (max-width: 540px) 100vw, 540px\" \/><\/div>\n\t\t<\/figure>\n\t<\/div>\n\n\t<div class=\"wpb_text_column wpb_content_element\" >\n\t\t<div class=\"wpb_wrapper\">\n\t\t\t<p style=\"text-align: center;\">\n<strong>1 CLASE A LA SEMANA YOGA DURANTE UN MES, ADOLESCENTES (12 A 17 A\u00d1OS)<\/strong><\/p>\n<p style=\"text-align: center;\"> Los Jueves de 17:00h a 18:00h<\/p>\n\n\t\t<\/div>\n\t<\/div>\n\n\t<div class=\"wpb_text_column wpb_content_element\" >\n\t\t<div class=\"wpb_wrapper\">\n\t\t\t<p style=\"text-align: center;\">55\u20ac<\/p>\n\n\t\t<\/div>\n\t<\/div>\n<div class=\"vc_btn3-container vc_btn3-center vc_do_btn\" ><a style=\"background-color:#85714d; color:#ffffff;\" class=\"vc_general vc_btn3 vc_btn3-size-lg vc_btn3-shape-rounded vc_btn3-style-custom\" href=\"https:\/\/www.ibisana.com\/ingles\/product-2\/1-clases-yoga-mensual-adolescentes\/\" title=\"\">Buy<\/a><\/div><\/div><\/div><\/div><div class=\"wpb_column vc_column_container vc_col-sm-4 vc_col-has-fill\"><div class=\"vc_column-inner vc_custom_1721201826892\"><div class=\"wpb_wrapper\">\n\t<div  class=\"wpb_single_image wpb_content_element vc_align_left wpb_content_element vc_custom_1740246208487\">\n\t\t\n\t\t<figure class=\"wpb_wrapper vc_figure\">\n\t\t\t<div class=\"vc_single_image-wrapper   vc_box_border_grey\"><img loading=\"lazy\" decoding=\"async\" width=\"540\" height=\"540\" src=\"https:\/\/www.ibisana.com\/wp-content\/uploads\/9-4.png\" class=\"vc_single_image-img attachment-large\" alt=\"Aero yoga adultos\" title=\"9\" srcset=\"https:\/\/www.ibisana.com\/wp-content\/uploads\/9-4.png 540w, https:\/\/www.ibisana.com\/wp-content\/uploads\/9-4-300x300.png 300w, https:\/\/www.ibisana.com\/wp-content\/uploads\/9-4-150x150.png 150w, https:\/\/www.ibisana.com\/wp-content\/uploads\/9-4-12x12.png 12w, https:\/\/www.ibisana.com\/wp-content\/uploads\/9-4-100x100.png 100w\" sizes=\"auto, (max-width: 540px) 100vw, 540px\" \/><\/div>\n\t\t<\/figure>\n\t<\/div>\n\n\t<div class=\"wpb_text_column wpb_content_element\" >\n\t\t<div class=\"wpb_wrapper\">\n\t\t\t<p style=\"text-align: center;\">\n<strong>1 CLASE A LA SEMANA YOGA DURANTE UN MES, ADULTOS (DE 18 EN ADELANTE)<\/strong><\/p>\n<p style=\"text-align: center;\">Los Jueves de 18:00 a 19:00 h\u2063<\/strong><\/p>\n\n\t\t<\/div>\n\t<\/div>\n\n\t<div class=\"wpb_text_column wpb_content_element\" >\n\t\t<div class=\"wpb_wrapper\">\n\t\t\t<p style=\"text-align: center;\">55\u20ac<\/p>\n\n\t\t<\/div>\n\t<\/div>\n<div class=\"vc_btn3-container vc_btn3-center vc_do_btn\" ><a style=\"background-color:#85714d; color:#ffffff;\" class=\"vc_general vc_btn3 vc_btn3-size-lg vc_btn3-shape-rounded vc_btn3-style-custom\" href=\"https:\/\/www.ibisana.com\/ingles\/product-2\/1-clases-yoga-mensual-adultos\/\" title=\"\">Buy<\/a><\/div><\/div><\/div><\/div><\/div><\/div><\/div><\/div><\/div>\n<\/div>","protected":false},"excerpt":{"rendered":"AEROYOGA EN IBIZA: TU EXPERIENCIA DE AEROYOGA EN SUSPENSI\u00d3N EN IBISANA, \u00a1RESERVA TU PLAZA! CLASES DE AEROYOGA SUELTAS EN IBIZA Disfruta del Yoga A\u00e9reo en Ibiza con estas clases sueltas que hemos preparado para vosotros. S\u00f3n clases adaptadas a todos los p\u00fablico y al nivel de sus integrantes. Se imparten en nuestro centro ubicado en [...]","protected":false},"author":1,"featured_media":6956,"parent":0,"menu_order":0,"comment_status":"closed","ping_status":"closed","template":"","meta":{"_joinchat":[],"footnotes":""},"class_list":["post-9260","page","type-page","status-publish","has-post-thumbnail","hentry"],"yoast_head":"<!-- This site is optimized with the Yoast SEO plugin v27.4 - https:\/\/yoast.com\/product\/yoast-seo-wordpress\/ -->\n<title>Aero Yoga en Ibiza | Ibisana<\/title>\n<meta name=\"description\" content=\"Ven a disfrutar el Aero Yoga en Ibiza con esta amplia variedad de clases que te ofrecemos en nuestras instalaciones de Ibisana\" \/>\n<meta name=\"robots\" content=\"index, follow, max-snippet:-1, max-image-preview:large, max-video-preview:-1\" \/>\n<link rel=\"canonical\" href=\"https:\/\/www.ibisana.com\/ingles\/shop-yoga\/\" \/>\n<meta property=\"og:locale\" content=\"en_GB\" \/>\n<meta property=\"og:type\" content=\"article\" \/>\n<meta property=\"og:title\" content=\"Aero Yoga en Ibiza | Ibisana\" \/>\n<meta property=\"og:description\" content=\"Ven a disfrutar el Aero Yoga en Ibiza con esta amplia variedad de clases que te ofrecemos en nuestras instalaciones de Ibisana\" \/>\n<meta property=\"og:url\" content=\"https:\/\/www.ibisana.com\/ingles\/shop-yoga\/\" \/>\n<meta property=\"og:site_name\" content=\"Ibisana\" \/>\n<meta property=\"article:publisher\" content=\"https:\/\/facebook.com\/IbisanaTerapiasNaturales\" \/>\n<meta property=\"article:modified_time\" content=\"2026-03-04T12:08:45+00:00\" \/>\n<meta property=\"og:image\" content=\"https:\/\/www.ibisana.com\/wp-content\/uploads\/Yoga-jpg.webp\" \/>\n\t<meta property=\"og:image:width\" content=\"900\" \/>\n\t<meta property=\"og:image:height\" content=\"810\" \/>\n\t<meta property=\"og:image:type\" content=\"image\/jpeg\" \/>\n<meta name=\"twitter:card\" content=\"summary_large_image\" \/>\n<meta name=\"twitter:label1\" content=\"Estimated reading time\" \/>\n\t<meta name=\"twitter:data1\" content=\"4 minutes\" \/>\n<script type=\"application\/ld+json\" class=\"yoast-schema-graph\">{\"@context\":\"https:\\\/\\\/schema.org\",\"@graph\":[{\"@type\":\"WebPage\",\"@id\":\"https:\\\/\\\/www.ibisana.com\\\/tienda-yoga\\\/\",\"url\":\"https:\\\/\\\/www.ibisana.com\\\/tienda-yoga\\\/\",\"name\":\"Aero Yoga en Ibiza | Ibisana\",\"isPartOf\":{\"@id\":\"https:\\\/\\\/www.ibisana.com\\\/#website\"},\"primaryImageOfPage\":{\"@id\":\"https:\\\/\\\/www.ibisana.com\\\/tienda-yoga\\\/#primaryimage\"},\"image\":{\"@id\":\"https:\\\/\\\/www.ibisana.com\\\/tienda-yoga\\\/#primaryimage\"},\"thumbnailUrl\":\"https:\\\/\\\/www.ibisana.com\\\/wp-content\\\/uploads\\\/Yoga-jpg.webp\",\"datePublished\":\"2024-12-12T14:31:24+00:00\",\"dateModified\":\"2026-03-04T12:08:45+00:00\",\"description\":\"Ven a disfrutar el Aero Yoga en Ibiza con esta amplia variedad de clases que te ofrecemos en nuestras instalaciones de Ibisana\",\"breadcrumb\":{\"@id\":\"https:\\\/\\\/www.ibisana.com\\\/tienda-yoga\\\/#breadcrumb\"},\"inLanguage\":\"en-GB\",\"potentialAction\":[{\"@type\":\"ReadAction\",\"target\":[\"https:\\\/\\\/www.ibisana.com\\\/tienda-yoga\\\/\"]}]},{\"@type\":\"ImageObject\",\"inLanguage\":\"en-GB\",\"@id\":\"https:\\\/\\\/www.ibisana.com\\\/tienda-yoga\\\/#primaryimage\",\"url\":\"https:\\\/\\\/www.ibisana.com\\\/wp-content\\\/uploads\\\/Yoga-jpg.webp\",\"contentUrl\":\"https:\\\/\\\/www.ibisana.com\\\/wp-content\\\/uploads\\\/Yoga-jpg.webp\",\"width\":900,\"height\":810,\"caption\":\"persona meditando\"},{\"@type\":\"BreadcrumbList\",\"@id\":\"https:\\\/\\\/www.ibisana.com\\\/tienda-yoga\\\/#breadcrumb\",\"itemListElement\":[{\"@type\":\"ListItem\",\"position\":1,\"name\":\"Portada\",\"item\":\"https:\\\/\\\/www.ibisana.com\\\/\"},{\"@type\":\"ListItem\",\"position\":2,\"name\":\"Tienda YOGA\"}]},{\"@type\":\"WebSite\",\"@id\":\"https:\\\/\\\/www.ibisana.com\\\/#website\",\"url\":\"https:\\\/\\\/www.ibisana.com\\\/\",\"name\":\"Ibisana\",\"description\":\"Terapias Naturales y Cursos Hol\u00edsticos en Ibiza\",\"publisher\":{\"@id\":\"https:\\\/\\\/www.ibisana.com\\\/#organization\"},\"alternateName\":\"Terapias Naturales y Cursos Hol\u00edsticos en Ibiza\",\"potentialAction\":[{\"@type\":\"SearchAction\",\"target\":{\"@type\":\"EntryPoint\",\"urlTemplate\":\"https:\\\/\\\/www.ibisana.com\\\/?s={search_term_string}\"},\"query-input\":{\"@type\":\"PropertyValueSpecification\",\"valueRequired\":true,\"valueName\":\"search_term_string\"}}],\"inLanguage\":\"en-GB\"},{\"@type\":\"Organization\",\"@id\":\"https:\\\/\\\/www.ibisana.com\\\/#organization\",\"name\":\"Ibisana\",\"url\":\"https:\\\/\\\/www.ibisana.com\\\/\",\"logo\":{\"@type\":\"ImageObject\",\"inLanguage\":\"en-GB\",\"@id\":\"https:\\\/\\\/www.ibisana.com\\\/#\\\/schema\\\/logo\\\/image\\\/\",\"url\":\"https:\\\/\\\/www.ibisana.com\\\/wp-content\\\/uploads\\\/2022\\\/05\\\/cropped-Icono-web-ibisana.png\",\"contentUrl\":\"https:\\\/\\\/www.ibisana.com\\\/wp-content\\\/uploads\\\/2022\\\/05\\\/cropped-Icono-web-ibisana.png\",\"width\":512,\"height\":512,\"caption\":\"Ibisana\"},\"image\":{\"@id\":\"https:\\\/\\\/www.ibisana.com\\\/#\\\/schema\\\/logo\\\/image\\\/\"},\"sameAs\":[\"https:\\\/\\\/facebook.com\\\/IbisanaTerapiasNaturales\",\"https:\\\/\\\/www.instagram.com\\\/ibi_sana\\\/\"]}]}<\/script>\n<!-- \/ Yoast SEO plugin. -->","yoast_head_json":{"title":"Aero Yoga in Ibiza | Ibisana","description":"Come and enjoy Aero Yoga in Ibiza with this wide variety of classes that we offer at our Ibisana facilities.","robots":{"index":"index","follow":"follow","max-snippet":"max-snippet:-1","max-image-preview":"max-image-preview:large","max-video-preview":"max-video-preview:-1"},"canonical":"https:\/\/www.ibisana.com\/ingles\/shop-yoga\/","og_locale":"en_GB","og_type":"article","og_title":"Aero Yoga en Ibiza | Ibisana","og_description":"Ven a disfrutar el Aero Yoga en Ibiza con esta amplia variedad de clases que te ofrecemos en nuestras instalaciones de Ibisana","og_url":"https:\/\/www.ibisana.com\/ingles\/shop-yoga\/","og_site_name":"Ibisana","article_publisher":"https:\/\/facebook.com\/IbisanaTerapiasNaturales","article_modified_time":"2026-03-04T12:08:45+00:00","og_image":[{"width":900,"height":810,"url":"https:\/\/www.ibisana.com\/wp-content\/uploads\/Yoga-jpg.webp","type":"image\/jpeg"}],"twitter_card":"summary_large_image","twitter_misc":{"Estimated reading time":"4 minutes"},"schema":{"@context":"https:\/\/schema.org","@graph":[{"@type":"WebPage","@id":"https:\/\/www.ibisana.com\/tienda-yoga\/","url":"https:\/\/www.ibisana.com\/tienda-yoga\/","name":"Aero Yoga in Ibiza | Ibisana","isPartOf":{"@id":"https:\/\/www.ibisana.com\/#website"},"primaryImageOfPage":{"@id":"https:\/\/www.ibisana.com\/tienda-yoga\/#primaryimage"},"image":{"@id":"https:\/\/www.ibisana.com\/tienda-yoga\/#primaryimage"},"thumbnailUrl":"https:\/\/www.ibisana.com\/wp-content\/uploads\/Yoga-jpg.webp","datePublished":"2024-12-12T14:31:24+00:00","dateModified":"2026-03-04T12:08:45+00:00","description":"Come and enjoy Aero Yoga in Ibiza with this wide variety of classes that we offer at our Ibisana facilities.","breadcrumb":{"@id":"https:\/\/www.ibisana.com\/tienda-yoga\/#breadcrumb"},"inLanguage":"en-GB","potentialAction":[{"@type":"ReadAction","target":["https:\/\/www.ibisana.com\/tienda-yoga\/"]}]},{"@type":"ImageObject","inLanguage":"en-GB","@id":"https:\/\/www.ibisana.com\/tienda-yoga\/#primaryimage","url":"https:\/\/www.ibisana.com\/wp-content\/uploads\/Yoga-jpg.webp","contentUrl":"https:\/\/www.ibisana.com\/wp-content\/uploads\/Yoga-jpg.webp","width":900,"height":810,"caption":"persona meditando"},{"@type":"BreadcrumbList","@id":"https:\/\/www.ibisana.com\/tienda-yoga\/#breadcrumb","itemListElement":[{"@type":"ListItem","position":1,"name":"Portada","item":"https:\/\/www.ibisana.com\/"},{"@type":"ListItem","position":2,"name":"Tienda YOGA"}]},{"@type":"WebSite","@id":"https:\/\/www.ibisana.com\/#website","url":"https:\/\/www.ibisana.com\/","name":"Ibisana","description":"Natural Therapies and Holistic Courses in Ibiza","publisher":{"@id":"https:\/\/www.ibisana.com\/#organization"},"alternateName":"Terapias Naturales y Cursos Hol\u00edsticos en Ibiza","potentialAction":[{"@type":"SearchAction","target":{"@type":"EntryPoint","urlTemplate":"https:\/\/www.ibisana.com\/?s={search_term_string}"},"query-input":{"@type":"PropertyValueSpecification","valueRequired":true,"valueName":"search_term_string"}}],"inLanguage":"en-GB"},{"@type":"Organization","@id":"https:\/\/www.ibisana.com\/#organization","name":"Ibisana","url":"https:\/\/www.ibisana.com\/","logo":{"@type":"ImageObject","inLanguage":"en-GB","@id":"https:\/\/www.ibisana.com\/#\/schema\/logo\/image\/","url":"https:\/\/www.ibisana.com\/wp-content\/uploads\/2022\/05\/cropped-Icono-web-ibisana.png","contentUrl":"https:\/\/www.ibisana.com\/wp-content\/uploads\/2022\/05\/cropped-Icono-web-ibisana.png","width":512,"height":512,"caption":"Ibisana"},"image":{"@id":"https:\/\/www.ibisana.com\/#\/schema\/logo\/image\/"},"sameAs":["https:\/\/facebook.com\/IbisanaTerapiasNaturales","https:\/\/www.instagram.com\/ibi_sana\/"]}]}},"_links":{"self":[{"href":"https:\/\/www.ibisana.com\/ingles\/wp-json\/wp\/v2\/pages\/9260","targetHints":{"allow":["GET"]}}],"collection":[{"href":"https:\/\/www.ibisana.com\/ingles\/wp-json\/wp\/v2\/pages"}],"about":[{"href":"https:\/\/www.ibisana.com\/ingles\/wp-json\/wp\/v2\/types\/page"}],"author":[{"embeddable":true,"href":"https:\/\/www.ibisana.com\/ingles\/wp-json\/wp\/v2\/users\/1"}],"replies":[{"embeddable":true,"href":"https:\/\/www.ibisana.com\/ingles\/wp-json\/wp\/v2\/comments?post=9260"}],"version-history":[{"count":0,"href":"https:\/\/www.ibisana.com\/ingles\/wp-json\/wp\/v2\/pages\/9260\/revisions"}],"wp:featuredmedia":[{"embeddable":true,"href":"https:\/\/www.ibisana.com\/ingles\/wp-json\/wp\/v2\/media\/6956"}],"wp:attachment":[{"href":"https:\/\/www.ibisana.com\/ingles\/wp-json\/wp\/v2\/media?parent=9260"}],"curies":[{"name":"wp","href":"https:\/\/api.w.org\/{rel}","templated":true}]}}