{"id":3,"date":"2022-05-24T13:23:00","date_gmt":"2022-05-24T13:23:00","guid":{"rendered":"http:\/\/www.ibisana.com\/?page_id=3"},"modified":"2025-09-19T11:12:30","modified_gmt":"2025-09-19T10:12:30","slug":"privacy-policy","status":"publish","type":"page","link":"https:\/\/www.ibisana.com\/ingles\/politica-privacidad\/","title":{"rendered":"Privacy policy"},"content":{"rendered":"<div class=\"wpb-content-wrapper\"><div class=\"vc_row wpb_row vc_row-fluid\"><div class=\"wpb_column vc_column_container vc_col-sm-12\"><div class=\"vc_column-inner\"><div class=\"wpb_wrapper\">\n\t<div class=\"wpb_text_column wpb_content_element\" >\n\t\t<div class=\"wpb_wrapper\">\n\t\t\t<p><strong>Who is responsible for the processing of your personal data?<\/strong><\/p>\n<p><strong>Datos de la empresa:<\/strong><br \/>&#8211; Nombre\/Raz\u00f3n Social: IBISANA LA NUEVA TERAPIA SL<br \/>&#8211; NIF: B75259242<br \/>&#8211; Domicilio Fiscal: C\/ Bisbe Gonzalez Abarca S\/N, Portal 14, Planta 0, Pta. 3, 07800,<br \/>Eivissa (Illes Balears).<br \/>\n&#8211; Tel\u00e9fono de atenci\u00f3n al cliente y correo electr\u00f3nico: +34 683 671 985 \/ info@ibisana.com<\/p>\n<p>Alta en el Censo de Actividades Econ\u00f3micas de la AEAT: N\u00ba Referencia<br \/>20249406220 (Ejercicio 2024)<br \/>Actividades econ\u00f3micas:<br \/>1. Comercio menor de plantas y hierbas, herbolarios (Ep\u00edgrafe 652.4) \u2013 C\/<br \/>Bisbe Gonzalez Abarca, 14, Planta 0, Puerta 3, 07800, Eivissa<br \/>2. Otros actividades de ense\u00f1anza (Ep\u00edgrafe 933.9)<br \/>3. Servicios de naturopat\u00eda, acupuntura y para-sanitaria (Ep\u00edgrafe 944) \u2013Eivissa<br \/>4. Servicios de organizaci\u00f3n de congresos, asambleas, etc. (Ep\u00edgrafe 989.2)\u2013 Eivissa<\/p>\n<p><strong>What do we process your personal data for and why?<br \/><\/strong><\/p>\n<p><strong><\/p>\n<p>- In the Contact form<br \/><\/strong>To respond to queries or any other type of request made by the user through<br \/>any of the forms of contact made available to you on the website of the data controller.<br \/>(for the legitimate interest of the data controller, Art. 6.1.f GDPR)<\/p>\n<p>Conduct statistical analysis and market research.<br \/>(for the legitimate interest of the data controller, Art. 6.1.f GDPR)<\/p>\n<p><strong>- In the Newsletter form<\/strong><br \/>Send newsletters, news, offers and promotions online.<br \/>(by consent of the data subject, 6.1.a GDPR)<\/p>\n<p><strong>. In the User registration form<br \/><\/strong><br \/>Manage the user's account in order to provide personalised access to the website and to the<br \/>interactive services it offers.<br \/>(by consent of the data subject, 6.1.a GDPR)<\/p>\n<p><strong>- In the E-commerce form<\/strong><br \/>Manage your purchase or online order, process the payment and proceed with the shipment or activation of the same, in<br \/>on the basis of the general terms and conditions.<br \/>(for the performance of a contract or pre-contract, 6.1.b GDPR)<br \/>Manage, maintain, improve or develop the services provided.<br \/>(for the performance of a contract or pre-contract, 6.1.b GDPR)<br \/>Conduct satisfaction and quality surveys.<br \/>(for the legitimate interest of the data controller, Art. 6.1.f GDPR)<\/p>\n<p><strong>- In the form Appointments<\/strong><br \/>Schedule appointments and meetings with the person in charge.<br \/>(for the legitimate interest of the data controller, Art. 6.1.f GDPR)<\/p>\n<p><strong>How long will we keep your personal data?<br \/><\/strong><br \/>They shall be kept for no longer than is necessary to maintain the purpose of the processing or there are legal requirements dictating their safekeeping and when no longer necessary for that purpose, they shall be erased with appropriate security measures to ensure the anonymisation of the data or their total destruction.<\/p>\n<p><strong>To whom do we provide your personal data?<br \/><\/strong><br \/>No communication of personal data to third parties is foreseen except, if necessary for the development and execution of the purposes of the processing, to our service providers related to communications, with whom the RESPONSIBLE has signed the confidentiality and data processor contracts required by the privacy regulations in force.<\/p>\n<p><strong>What are your rights?<br \/><\/strong><\/p>\n<p>The rights of the USER are:<br \/>- Right to withdraw consent at any time.<br \/>- The right of access, rectification, portability and deletion of your data, and the right to limit or oppose its processing.<br \/>- The right to lodge a complaint with the supervisory authority (www.aepd.es) if you consider that the processing does not comply with the regulations in force.<br \/>Contact details for exercising your rights:<br \/><strong>KUM IBIZA AGENCIA SL. Calle Can\u00e0ries, N\u00ba 35 Edificio Cetis. Torre 6, Planta 3, Local 303, - 07800 Ibiza (Illes Balears). E-mail: info@ibisana.com<\/p>\n<p><\/strong><\/p>\n<p><strong><\/p>\n<p>2. MANDATORY OR OPTIONAL NATURE OF THE INFORMATION PROVIDED BY THE USER<\/strong><br \/>USERS, by ticking the corresponding boxes and entering data in the fields marked with an asterisk (*) in the contact form or presented in download forms, expressly and freely and unequivocally accept that their data are necessary to meet their request, by the provider, being voluntary the inclusion of data in the remaining fields. The USER guarantees that the personal data provided to the RESPONSIBLE are truthful and is responsible for communicating any changes to them.<br \/>The RESPONSIBLE informs that all data requested through the website are mandatory, as they are necessary for the provision of an optimal service to the USER. In the event that all the data is not provided, there is no guarantee that the information and services provided will be completely tailored to your needs.<\/p>\n<p><strong><\/p>\n<p>3. SECURITY MEASURES<br \/><\/strong><\/p>\n<p>That in accordance with the provisions of the current regulations on personal data protection, the RESPONSIBLE is complying with all the provisions of the GDPR and LOPDGDD regulations for the processing of data<br \/>The CONTROLLER guarantees that it has implemented appropriate technical and organisational policies to apply the security measures established by the GDPR and the LOPDGDD in order to protect the rights and freedoms of the USERS and has communicated the appropriate information to them so that they can exercise them.<br \/>For more information about privacy guarantees, you can contact the RESPONSIBLE person through KUM IBIZA AGENCIA SL. Calle Can\u00e0ries, N\u00ba 35 Edificio Cetis. Torre 6, Planta 3, Local 303, - 07800 Ibiza (Illes Balears). E-mail:info@ibisana.com<\/p>\n\n\t\t<\/div>\n\t<\/div>\n<\/div><\/div><\/div><\/div>\n<\/div>","protected":false},"excerpt":{"rendered":"\u00bfQui\u00e9n es el responsable del tratamiento de tus datos personales? Datos de la empresa:- Nombre\/Raz\u00f3n Social: IBISANA LA NUEVA TERAPIA SL- NIF: B75259242- Domicilio Fiscal: C\/ Bisbe Gonzalez Abarca S\/N, Portal 14, Planta 0, Pta. 3, 07800,Eivissa (Illes Balears). - Tel\u00e9fono de atenci\u00f3n al cliente y correo electr\u00f3nico: +34 683 671 985 \/ info@ibisana.com Alta [...]","protected":false},"author":1,"featured_media":556,"parent":0,"menu_order":0,"comment_status":"closed","ping_status":"open","template":"","meta":{"_joinchat":[],"footnotes":""},"class_list":["post-3","page","type-page","status-publish","has-post-thumbnail","hentry"],"yoast_head":"<!-- This site is optimized with the Yoast SEO plugin v27.4 - https:\/\/yoast.com\/product\/yoast-seo-wordpress\/ -->\n<title>Pol\u00edtica de privacidad - Ibisana<\/title>\n<meta name=\"description\" content=\"Accede a conocer nuestra pol\u00edtica de privacidad\" \/>\n<meta name=\"robots\" content=\"index, nofollow, max-snippet:-1, max-image-preview:large, max-video-preview:-1\" \/>\n<link rel=\"canonical\" href=\"https:\/\/www.ibisana.com\/ingles\/privacy-policy\/\" \/>\n<meta property=\"og:locale\" content=\"en_GB\" \/>\n<meta property=\"og:type\" content=\"article\" \/>\n<meta property=\"og:title\" content=\"Pol\u00edtica de privacidad - Ibisana\" \/>\n<meta property=\"og:description\" content=\"Accede a conocer nuestra pol\u00edtica de privacidad\" \/>\n<meta property=\"og:url\" content=\"https:\/\/www.ibisana.com\/ingles\/privacy-policy\/\" \/>\n<meta property=\"og:site_name\" content=\"Ibisana\" \/>\n<meta property=\"article:publisher\" content=\"https:\/\/facebook.com\/IbisanaTerapiasNaturales\" \/>\n<meta property=\"article:modified_time\" content=\"2025-09-19T10:12:30+00:00\" \/>\n<meta property=\"og:image\" content=\"https:\/\/www.ibisana.com\/wp-content\/uploads\/2016\/12\/tripadvisor-widget-bg.jpg\" \/>\n\t<meta property=\"og:image:width\" content=\"700\" \/>\n\t<meta property=\"og:image:height\" content=\"400\" \/>\n\t<meta property=\"og:image:type\" content=\"image\/jpeg\" \/>\n<meta name=\"twitter:card\" content=\"summary_large_image\" \/>\n<meta name=\"twitter:label1\" content=\"Estimated reading time\" \/>\n\t<meta name=\"twitter:data1\" content=\"5 minutes\" \/>\n<script type=\"application\/ld+json\" class=\"yoast-schema-graph\">{\"@context\":\"https:\\\/\\\/schema.org\",\"@graph\":[{\"@type\":\"WebPage\",\"@id\":\"https:\\\/\\\/www.ibisana.com\\\/politica-privacidad\\\/\",\"url\":\"https:\\\/\\\/www.ibisana.com\\\/politica-privacidad\\\/\",\"name\":\"Pol\u00edtica de privacidad - Ibisana\",\"isPartOf\":{\"@id\":\"https:\\\/\\\/www.ibisana.com\\\/#website\"},\"primaryImageOfPage\":{\"@id\":\"https:\\\/\\\/www.ibisana.com\\\/politica-privacidad\\\/#primaryimage\"},\"image\":{\"@id\":\"https:\\\/\\\/www.ibisana.com\\\/politica-privacidad\\\/#primaryimage\"},\"thumbnailUrl\":\"https:\\\/\\\/www.ibisana.com\\\/wp-content\\\/uploads\\\/2016\\\/12\\\/tripadvisor-widget-bg.jpg\",\"datePublished\":\"2022-05-24T13:23:00+00:00\",\"dateModified\":\"2025-09-19T10:12:30+00:00\",\"description\":\"Accede a conocer nuestra pol\u00edtica de privacidad\",\"breadcrumb\":{\"@id\":\"https:\\\/\\\/www.ibisana.com\\\/politica-privacidad\\\/#breadcrumb\"},\"inLanguage\":\"en-GB\",\"potentialAction\":[{\"@type\":\"ReadAction\",\"target\":[\"https:\\\/\\\/www.ibisana.com\\\/politica-privacidad\\\/\"]}]},{\"@type\":\"ImageObject\",\"inLanguage\":\"en-GB\",\"@id\":\"https:\\\/\\\/www.ibisana.com\\\/politica-privacidad\\\/#primaryimage\",\"url\":\"https:\\\/\\\/www.ibisana.com\\\/wp-content\\\/uploads\\\/2016\\\/12\\\/tripadvisor-widget-bg.jpg\",\"contentUrl\":\"https:\\\/\\\/www.ibisana.com\\\/wp-content\\\/uploads\\\/2016\\\/12\\\/tripadvisor-widget-bg.jpg\",\"width\":700,\"height\":400},{\"@type\":\"BreadcrumbList\",\"@id\":\"https:\\\/\\\/www.ibisana.com\\\/politica-privacidad\\\/#breadcrumb\",\"itemListElement\":[{\"@type\":\"ListItem\",\"position\":1,\"name\":\"Portada\",\"item\":\"https:\\\/\\\/www.ibisana.com\\\/\"},{\"@type\":\"ListItem\",\"position\":2,\"name\":\"Pol\u00edtica de privacidad\"}]},{\"@type\":\"WebSite\",\"@id\":\"https:\\\/\\\/www.ibisana.com\\\/#website\",\"url\":\"https:\\\/\\\/www.ibisana.com\\\/\",\"name\":\"Ibisana\",\"description\":\"Terapias Naturales y Cursos Hol\u00edsticos en Ibiza\",\"publisher\":{\"@id\":\"https:\\\/\\\/www.ibisana.com\\\/#organization\"},\"alternateName\":\"Terapias Naturales y Cursos Hol\u00edsticos en Ibiza\",\"potentialAction\":[{\"@type\":\"SearchAction\",\"target\":{\"@type\":\"EntryPoint\",\"urlTemplate\":\"https:\\\/\\\/www.ibisana.com\\\/?s={search_term_string}\"},\"query-input\":{\"@type\":\"PropertyValueSpecification\",\"valueRequired\":true,\"valueName\":\"search_term_string\"}}],\"inLanguage\":\"en-GB\"},{\"@type\":\"Organization\",\"@id\":\"https:\\\/\\\/www.ibisana.com\\\/#organization\",\"name\":\"Ibisana\",\"url\":\"https:\\\/\\\/www.ibisana.com\\\/\",\"logo\":{\"@type\":\"ImageObject\",\"inLanguage\":\"en-GB\",\"@id\":\"https:\\\/\\\/www.ibisana.com\\\/#\\\/schema\\\/logo\\\/image\\\/\",\"url\":\"https:\\\/\\\/www.ibisana.com\\\/wp-content\\\/uploads\\\/2022\\\/05\\\/cropped-Icono-web-ibisana.png\",\"contentUrl\":\"https:\\\/\\\/www.ibisana.com\\\/wp-content\\\/uploads\\\/2022\\\/05\\\/cropped-Icono-web-ibisana.png\",\"width\":512,\"height\":512,\"caption\":\"Ibisana\"},\"image\":{\"@id\":\"https:\\\/\\\/www.ibisana.com\\\/#\\\/schema\\\/logo\\\/image\\\/\"},\"sameAs\":[\"https:\\\/\\\/facebook.com\\\/IbisanaTerapiasNaturales\",\"https:\\\/\\\/www.instagram.com\\\/ibi_sana\\\/\"]}]}<\/script>\n<!-- \/ Yoast SEO plugin. -->","yoast_head_json":{"title":"Privacy Policy - Ibisana","description":"Access to know our privacy policy","robots":{"index":"index","follow":"nofollow","max-snippet":"max-snippet:-1","max-image-preview":"max-image-preview:large","max-video-preview":"max-video-preview:-1"},"canonical":"https:\/\/www.ibisana.com\/ingles\/privacy-policy\/","og_locale":"en_GB","og_type":"article","og_title":"Pol\u00edtica de privacidad - Ibisana","og_description":"Accede a conocer nuestra pol\u00edtica de privacidad","og_url":"https:\/\/www.ibisana.com\/ingles\/privacy-policy\/","og_site_name":"Ibisana","article_publisher":"https:\/\/facebook.com\/IbisanaTerapiasNaturales","article_modified_time":"2025-09-19T10:12:30+00:00","og_image":[{"width":700,"height":400,"url":"https:\/\/www.ibisana.com\/wp-content\/uploads\/2016\/12\/tripadvisor-widget-bg.jpg","type":"image\/jpeg"}],"twitter_card":"summary_large_image","twitter_misc":{"Estimated reading time":"5 minutes"},"schema":{"@context":"https:\/\/schema.org","@graph":[{"@type":"WebPage","@id":"https:\/\/www.ibisana.com\/politica-privacidad\/","url":"https:\/\/www.ibisana.com\/politica-privacidad\/","name":"Privacy Policy - Ibisana","isPartOf":{"@id":"https:\/\/www.ibisana.com\/#website"},"primaryImageOfPage":{"@id":"https:\/\/www.ibisana.com\/politica-privacidad\/#primaryimage"},"image":{"@id":"https:\/\/www.ibisana.com\/politica-privacidad\/#primaryimage"},"thumbnailUrl":"https:\/\/www.ibisana.com\/wp-content\/uploads\/2016\/12\/tripadvisor-widget-bg.jpg","datePublished":"2022-05-24T13:23:00+00:00","dateModified":"2025-09-19T10:12:30+00:00","description":"Access to know our privacy policy","breadcrumb":{"@id":"https:\/\/www.ibisana.com\/politica-privacidad\/#breadcrumb"},"inLanguage":"en-GB","potentialAction":[{"@type":"ReadAction","target":["https:\/\/www.ibisana.com\/politica-privacidad\/"]}]},{"@type":"ImageObject","inLanguage":"en-GB","@id":"https:\/\/www.ibisana.com\/politica-privacidad\/#primaryimage","url":"https:\/\/www.ibisana.com\/wp-content\/uploads\/2016\/12\/tripadvisor-widget-bg.jpg","contentUrl":"https:\/\/www.ibisana.com\/wp-content\/uploads\/2016\/12\/tripadvisor-widget-bg.jpg","width":700,"height":400},{"@type":"BreadcrumbList","@id":"https:\/\/www.ibisana.com\/politica-privacidad\/#breadcrumb","itemListElement":[{"@type":"ListItem","position":1,"name":"Portada","item":"https:\/\/www.ibisana.com\/"},{"@type":"ListItem","position":2,"name":"Pol\u00edtica de privacidad"}]},{"@type":"WebSite","@id":"https:\/\/www.ibisana.com\/#website","url":"https:\/\/www.ibisana.com\/","name":"Ibisana","description":"Natural Therapies and Holistic Courses in Ibiza","publisher":{"@id":"https:\/\/www.ibisana.com\/#organization"},"alternateName":"Terapias Naturales y Cursos Hol\u00edsticos en Ibiza","potentialAction":[{"@type":"SearchAction","target":{"@type":"EntryPoint","urlTemplate":"https:\/\/www.ibisana.com\/?s={search_term_string}"},"query-input":{"@type":"PropertyValueSpecification","valueRequired":true,"valueName":"search_term_string"}}],"inLanguage":"en-GB"},{"@type":"Organization","@id":"https:\/\/www.ibisana.com\/#organization","name":"Ibisana","url":"https:\/\/www.ibisana.com\/","logo":{"@type":"ImageObject","inLanguage":"en-GB","@id":"https:\/\/www.ibisana.com\/#\/schema\/logo\/image\/","url":"https:\/\/www.ibisana.com\/wp-content\/uploads\/2022\/05\/cropped-Icono-web-ibisana.png","contentUrl":"https:\/\/www.ibisana.com\/wp-content\/uploads\/2022\/05\/cropped-Icono-web-ibisana.png","width":512,"height":512,"caption":"Ibisana"},"image":{"@id":"https:\/\/www.ibisana.com\/#\/schema\/logo\/image\/"},"sameAs":["https:\/\/facebook.com\/IbisanaTerapiasNaturales","https:\/\/www.instagram.com\/ibi_sana\/"]}]}},"_links":{"self":[{"href":"https:\/\/www.ibisana.com\/ingles\/wp-json\/wp\/v2\/pages\/3","targetHints":{"allow":["GET"]}}],"collection":[{"href":"https:\/\/www.ibisana.com\/ingles\/wp-json\/wp\/v2\/pages"}],"about":[{"href":"https:\/\/www.ibisana.com\/ingles\/wp-json\/wp\/v2\/types\/page"}],"author":[{"embeddable":true,"href":"https:\/\/www.ibisana.com\/ingles\/wp-json\/wp\/v2\/users\/1"}],"replies":[{"embeddable":true,"href":"https:\/\/www.ibisana.com\/ingles\/wp-json\/wp\/v2\/comments?post=3"}],"version-history":[{"count":0,"href":"https:\/\/www.ibisana.com\/ingles\/wp-json\/wp\/v2\/pages\/3\/revisions"}],"wp:featuredmedia":[{"embeddable":true,"href":"https:\/\/www.ibisana.com\/ingles\/wp-json\/wp\/v2\/media\/556"}],"wp:attachment":[{"href":"https:\/\/www.ibisana.com\/ingles\/wp-json\/wp\/v2\/media?parent=3"}],"curies":[{"name":"wp","href":"https:\/\/api.w.org\/{rel}","templated":true}]}}